{"id":8783,"date":"2024-02-28T09:57:30","date_gmt":"2024-02-28T08:57:30","guid":{"rendered":"https:\/\/scan-pork.com\/informacje-o-scan-pork\/"},"modified":"2024-12-27T12:25:26","modified_gmt":"2024-12-27T11:25:26","slug":"informacje-o-scan-pork","status":"publish","type":"page","link":"https:\/\/scan-pork.com\/pl\/informacje-o-scan-pork\/","title":{"rendered":"Do\u015bwiadczenie, pewno\u015b\u0107 i zaanga\u017cowanie"},"content":{"rendered":"\t\t<div data-elementor-type=\"wp-page\" data-elementor-id=\"8783\" class=\"elementor elementor-8783 elementor-8466\" data-elementor-post-type=\"page\">\n\t\t\t\t<div class=\"elementor-element elementor-element-d0877ca white e-flex e-con-boxed elementor-invisible e-con e-parent\" data-id=\"d0877ca\" data-element_type=\"container\" data-e-type=\"container\" data-settings=\"{&quot;background_background&quot;:&quot;classic&quot;,&quot;animation&quot;:&quot;fadeIn&quot;,&quot;animation_delay&quot;:1000}\">\n\t\t\t\t\t<div class=\"e-con-inner\">\n\t\t<div class=\"elementor-element elementor-element-9f1cc7e e-con-full e-flex e-con e-child\" data-id=\"9f1cc7e\" data-element_type=\"container\" data-e-type=\"container\">\n\t\t\t\t<div class=\"elementor-element elementor-element-da28632 elementor-widget__width-inherit elementor-invisible elementor-widget elementor-widget-heading\" data-id=\"da28632\" data-element_type=\"widget\" data-e-type=\"widget\" data-settings=\"{&quot;_animation&quot;:&quot;fadeIn&quot;,&quot;_animation_delay&quot;:1400}\" data-widget_type=\"heading.default\">\n\t\t\t\t<div class=\"elementor-widget-container\">\n\t\t\t\t\t<h3 class=\"elementor-heading-title elementor-size-default\">Do\u015bwiadczenie, pewno\u015b\u0107 i zaanga\u017cowanie<\/h3>\t\t\t\t<\/div>\n\t\t\t\t<\/div>\n\t\t\t\t<div class=\"elementor-element elementor-element-6b397ad elementor-widget__width-inherit elementor-invisible elementor-widget elementor-widget-heading\" data-id=\"6b397ad\" data-element_type=\"widget\" data-e-type=\"widget\" data-settings=\"{&quot;_animation&quot;:&quot;fadeIn&quot;,&quot;_animation_delay&quot;:1400}\" data-widget_type=\"heading.default\">\n\t\t\t\t<div class=\"elementor-widget-container\">\n\t\t\t\t\t<h3 class=\"elementor-heading-title elementor-size-default\">Scan-Pork zapewnia Ci udane transakcje<\/h3>\t\t\t\t<\/div>\n\t\t\t\t<\/div>\n\t\t\t\t<div class=\"elementor-element elementor-element-5a44e83 elementor-align-justify elementor-widget__width-initial elementor-invisible elementor-widget elementor-widget-button\" data-id=\"5a44e83\" data-element_type=\"widget\" data-e-type=\"widget\" data-settings=\"{&quot;_animation&quot;:&quot;fadeIn&quot;,&quot;_animation_delay&quot;:1800}\" data-widget_type=\"button.default\">\n\t\t\t\t<div class=\"elementor-widget-container\">\n\t\t\t\t\t\t\t\t\t<div class=\"elementor-button-wrapper\">\n\t\t\t\t\t<a class=\"elementor-button elementor-button-link elementor-size-sm\" href=\"https:\/\/scan-pork.com\/kontakt\/\">\n\t\t\t\t\t\t<span class=\"elementor-button-content-wrapper\">\n\t\t\t\t\t\t\t\t\t<span class=\"elementor-button-text\">Skontaktuj si\u0119 z nami ju\u017c dzi\u015b<\/span>\n\t\t\t\t\t<\/span>\n\t\t\t\t\t<\/a>\n\t\t\t\t<\/div>\n\t\t\t\t\t\t\t\t<\/div>\n\t\t\t\t<\/div>\n\t\t\t\t<div class=\"elementor-element elementor-element-dee64ab elementor-align-justify elementor-widget__width-initial scroll border elementor-hidden-mobile elementor-invisible elementor-widget elementor-widget-button\" data-id=\"dee64ab\" data-element_type=\"widget\" data-e-type=\"widget\" data-settings=\"{&quot;_animation&quot;:&quot;fadeIn&quot;,&quot;_animation_delay&quot;:2000}\" data-widget_type=\"button.default\">\n\t\t\t\t<div class=\"elementor-widget-container\">\n\t\t\t\t\t\t\t\t\t<div class=\"elementor-button-wrapper\">\n\t\t\t\t\t<a class=\"elementor-button elementor-button-link elementor-size-sm\" href=\"#\">\n\t\t\t\t\t\t<span class=\"elementor-button-content-wrapper\">\n\t\t\t\t\t\t\t\t\t<span class=\"elementor-button-text\">Przeczytaj wi\u0119cej<\/span>\n\t\t\t\t\t<\/span>\n\t\t\t\t\t<\/a>\n\t\t\t\t<\/div>\n\t\t\t\t\t\t\t\t<\/div>\n\t\t\t\t<\/div>\n\t\t\t\t<\/div>\n\t\t\t\t\t<\/div>\n\t\t\t\t<\/div>\n\t\t<div class=\"elementor-element elementor-element-7166de3b e-flex e-con-boxed e-con e-parent\" data-id=\"7166de3b\" data-element_type=\"container\" data-e-type=\"container\">\n\t\t\t\t\t<div class=\"e-con-inner\">\n\t\t<div class=\"elementor-element elementor-element-44a7a5b6 e-con-full e-flex e-con e-child\" data-id=\"44a7a5b6\" data-element_type=\"container\" data-e-type=\"container\">\n\t\t\t\t<div class=\"elementor-element elementor-element-5f3c606f elementor-widget elementor-widget-text-editor\" data-id=\"5f3c606f\" data-element_type=\"widget\" data-e-type=\"widget\" data-widget_type=\"text-editor.default\">\n\t\t\t\t<div class=\"elementor-widget-container\">\n\t\t\t\t\t\t\t\t\t<h2>Informacje o Scan-Pork\u00a0<\/h2><p>Scan-Pork A\/S jest du\u0144skim przedsi\u0119biorstwem eksportowym specjalizuj\u0105cym si\u0119 w sprzeda\u017cy prosi\u0105t na dynamicznie rozwijaj\u0105ce si\u0119 rynki na ca\u0142ym \u015bwiecie. Firma istnieje ju\u017c od 2001 roku. Z przyjemno\u015bci\u0105 doradzamy naszym klientom, aby mogli oni cieszy\u0107 si\u0119 jak najlepsz\u0105 wsp\u00f3\u0142prac\u0105 ze Scan-Pork. Nale\u017c\u0105 do nich du\u0144scy producenci, jak r\u00f3wnie\u017c zagraniczni nabywcy zwierz\u0105t hodowlanych. .. Dzi\u0119ki solidnemu, profesjonalnemu do\u015bwiadczeniu w bran\u017cy rolniczej mamy zaszczyt doradza\u0107 naszym klientom tak, aby mogli oni cieszy\u0107 si\u0119 jak najlepsz\u0105 wsp\u00f3\u0142prac\u0105 ze Scan-Pork podczas ca\u0142ego procesu zakupu i sprzeda\u017cy. Nale\u017c\u0105 do nich du\u0144scy producenci i dostawcy, jak r\u00f3wnie\u017c nabywcy z ca\u0142ej Europy. W celu zapewnienia jak najlepszego przebiegu handlu jeste\u015bmy zawsze obecni na miejscu podczas wysy\u0142ania trzody chlewnej na eksport \u2013 to nasza gwarancja pozwalaj\u0105ca unikn\u0105\u0107 b\u0142\u0119d\u00f3w i nieporozumie\u0144 dotycz\u0105cych liczby, jako\u015bci itp. Dla dostawcy jest to gwarancja doskona\u0142ego przebiegu handlu.<\/p><p>Zebrali\u015bmy zesp\u00f3\u0142 pracownik\u00f3w o szerokim wachlarzu kompetencji, z kt\u00f3rych nasi klienci mog\u0105 korzysta\u0107 \u2013 dotyczy to doradztwa w zakresie produkcji, zalecanych pasz, strategii itp. Sprzeda\u017c prosi\u0105t wymaga zaufania, dlatego poprzez prowadzenie partnerskiego dialogu pozostajemy zawsze w bliskim kontakcie z naszymi zagranicznymi klientami. Doradzamy tak\u017ce w zakresie form produkcji w Danii w por\u00f3wnaniu z zagranic\u0105.<\/p>\t\t\t\t\t\t\t\t<\/div>\n\t\t\t\t<\/div>\n\t\t\t\t<\/div>\n\t\t<div class=\"elementor-element elementor-element-7699f67f e-con-full e-flex e-con e-child\" data-id=\"7699f67f\" data-element_type=\"container\" data-e-type=\"container\">\n\t\t\t\t<div class=\"elementor-element elementor-element-7b73e432 dark elementor-widget elementor-widget-sidebar\" data-id=\"7b73e432\" data-element_type=\"widget\" data-e-type=\"widget\" data-widget_type=\"sidebar.default\">\n\t\t\t\t<div class=\"elementor-widget-container\">\n\t\t\t\t\t<aside id=\"text-14\" class=\"widget-odd widget-7 widget inner-padding widget_text\"><h2 class=\"widget-title\">Chcesz us\u0142ysze\u0107 wi\u0119cej?<\/h2>\t\t\t<div class=\"textwidget\"><p>Wype\u0142nij formularz, a my skontaktujemy si\u0119 z Tob\u0105 tak szybko, jak to mo\u017cliwe.<\/p>\n<\/div>\n\t\t<\/aside><aside id=\"forminator_widget-6\" class=\"widget-even widget-last widget-8 widget inner-padding widget_forminator_widget\"><form id=\"forminator-module-8806\" class=\"forminator-custom-form forminator-custom-form-8806\" method=\"post\" data-forminator-render=\"0\" data-uid=\"69e9a7085b3f1\"><div role=\"alert\" aria-live=\"polite\" class=\"forminator-response-message forminator-error\" aria-hidden=\"true\"><\/div><\/form><\/aside>\t\t\t\t<\/div>\n\t\t\t\t<\/div>\n\t\t\t\t<\/div>\n\t\t\t\t\t<\/div>\n\t\t\t\t<\/div>\n\t\t<div class=\"elementor-element elementor-element-3c1f5973 light e-flex e-con-boxed e-con e-parent\" data-id=\"3c1f5973\" data-element_type=\"container\" data-e-type=\"container\">\n\t\t\t\t\t<div class=\"e-con-inner\">\n\t\t<div class=\"elementor-element elementor-element-0a7a53b light e-con-full e-flex e-con e-child\" data-id=\"0a7a53b\" data-element_type=\"container\" data-e-type=\"container\">\n\t\t\t\t<div class=\"elementor-element elementor-element-8c93d61 elementor-widget elementor-widget-gallery\" data-id=\"8c93d61\" data-element_type=\"widget\" data-e-type=\"widget\" data-settings=\"{&quot;gap&quot;:{&quot;unit&quot;:&quot;px&quot;,&quot;size&quot;:30,&quot;sizes&quot;:[]},&quot;aspect_ratio&quot;:&quot;4:3&quot;,&quot;columns_tablet&quot;:3,&quot;columns_mobile&quot;:2,&quot;gap_tablet&quot;:{&quot;unit&quot;:&quot;px&quot;,&quot;size&quot;:15,&quot;sizes&quot;:[]},&quot;gap_mobile&quot;:{&quot;unit&quot;:&quot;px&quot;,&quot;size&quot;:15,&quot;sizes&quot;:[]},&quot;lazyload&quot;:&quot;yes&quot;,&quot;gallery_layout&quot;:&quot;grid&quot;,&quot;columns&quot;:4,&quot;gap_laptop&quot;:{&quot;unit&quot;:&quot;px&quot;,&quot;size&quot;:10,&quot;sizes&quot;:[]},&quot;link_to&quot;:&quot;file&quot;,&quot;content_hover_animation&quot;:&quot;fade-in&quot;}\" data-widget_type=\"gallery.default\">\n\t\t\t\t<div class=\"elementor-widget-container\">\n\t\t\t\t\t\t\t<div class=\"elementor-gallery__container\">\n\t\t\t\t\t\t\t<a class=\"e-gallery-item elementor-gallery-item elementor-animated-content\" href=\"https:\/\/scan-pork.com\/wp-content\/uploads\/2024\/12\/1000007428-scaled-1.jpg\" data-elementor-open-lightbox=\"yes\" data-elementor-lightbox-slideshow=\"8c93d61\" data-e-action-hash=\"#elementor-action%3Aaction%3Dlightbox%26settings%3DeyJpZCI6OTkyMSwidXJsIjoiaHR0cHM6XC9cL3NjYW4tcG9yay5jb21cL3dwLWNvbnRlbnRcL3VwbG9hZHNcLzIwMjRcLzEyXC8xMDAwMDA3NDI4LXNjYWxlZC0xLmpwZyIsInNsaWRlc2hvdyI6IjhjOTNkNjEifQ%3D%3D\">\n\t\t\t\t\t<div class=\"e-gallery-image elementor-gallery-item__image\" data-thumbnail=\"https:\/\/scan-pork.com\/wp-content\/uploads\/2024\/12\/1000007428-scaled-1.jpg\" data-width=\"2048\" data-height=\"1536\" aria-label=\"\" role=\"img\" ><\/div>\n\t\t\t\t\t\t\t\t\t\t\t\t\t\t<\/a>\n\t\t\t\t\t\t\t<a class=\"e-gallery-item elementor-gallery-item elementor-animated-content\" href=\"https:\/\/scan-pork.com\/wp-content\/uploads\/2024\/12\/1000007438-scaled-1.jpg\" data-elementor-open-lightbox=\"yes\" data-elementor-lightbox-slideshow=\"8c93d61\" data-e-action-hash=\"#elementor-action%3Aaction%3Dlightbox%26settings%3DeyJpZCI6OTkyNSwidXJsIjoiaHR0cHM6XC9cL3NjYW4tcG9yay5jb21cL3dwLWNvbnRlbnRcL3VwbG9hZHNcLzIwMjRcLzEyXC8xMDAwMDA3NDM4LXNjYWxlZC0xLmpwZyIsInNsaWRlc2hvdyI6IjhjOTNkNjEifQ%3D%3D\">\n\t\t\t\t\t<div class=\"e-gallery-image elementor-gallery-item__image\" data-thumbnail=\"https:\/\/scan-pork.com\/wp-content\/uploads\/2024\/12\/1000007438-scaled-1.jpg\" data-width=\"2048\" data-height=\"1536\" aria-label=\"\" role=\"img\" ><\/div>\n\t\t\t\t\t\t\t\t\t\t\t\t\t\t<\/a>\n\t\t\t\t\t\t\t<a class=\"e-gallery-item elementor-gallery-item elementor-animated-content\" href=\"https:\/\/scan-pork.com\/wp-content\/uploads\/2024\/12\/1000007439-scaled-1.jpg\" data-elementor-open-lightbox=\"yes\" data-elementor-lightbox-slideshow=\"8c93d61\" data-e-action-hash=\"#elementor-action%3Aaction%3Dlightbox%26settings%3DeyJpZCI6OTkyOSwidXJsIjoiaHR0cHM6XC9cL3NjYW4tcG9yay5jb21cL3dwLWNvbnRlbnRcL3VwbG9hZHNcLzIwMjRcLzEyXC8xMDAwMDA3NDM5LXNjYWxlZC0xLmpwZyIsInNsaWRlc2hvdyI6IjhjOTNkNjEifQ%3D%3D\">\n\t\t\t\t\t<div class=\"e-gallery-image elementor-gallery-item__image\" data-thumbnail=\"https:\/\/scan-pork.com\/wp-content\/uploads\/2024\/12\/1000007439-scaled-1.jpg\" data-width=\"2048\" data-height=\"1536\" aria-label=\"\" role=\"img\" ><\/div>\n\t\t\t\t\t\t\t\t\t\t\t\t\t\t<\/a>\n\t\t\t\t\t\t\t<a class=\"e-gallery-item elementor-gallery-item elementor-animated-content\" href=\"https:\/\/scan-pork.com\/wp-content\/uploads\/2024\/12\/1000007441-scaled-1.jpg\" data-elementor-open-lightbox=\"yes\" data-elementor-lightbox-slideshow=\"8c93d61\" data-e-action-hash=\"#elementor-action%3Aaction%3Dlightbox%26settings%3DeyJpZCI6OTk3OCwidXJsIjoiaHR0cHM6XC9cL3NjYW4tcG9yay5jb21cL3dwLWNvbnRlbnRcL3VwbG9hZHNcLzIwMjRcLzEyXC8xMDAwMDA3NDQxLXNjYWxlZC0xLmpwZyIsInNsaWRlc2hvdyI6IjhjOTNkNjEifQ%3D%3D\">\n\t\t\t\t\t<div class=\"e-gallery-image elementor-gallery-item__image\" data-thumbnail=\"https:\/\/scan-pork.com\/wp-content\/uploads\/2024\/12\/1000007441-scaled-1.jpg\" data-width=\"2048\" data-height=\"1536\" aria-label=\"\" role=\"img\" ><\/div>\n\t\t\t\t\t\t\t\t\t\t\t\t\t\t<\/a>\n\t\t\t\t\t<\/div>\n\t\t\t\t\t<\/div>\n\t\t\t\t<\/div>\n\t\t\t\t<\/div>\n\t\t\t\t\t<\/div>\n\t\t\t\t<\/div>\n\t\t<div class=\"elementor-element elementor-element-e36adf7 white e-flex e-con-boxed e-con e-parent\" data-id=\"e36adf7\" data-element_type=\"container\" data-e-type=\"container\" data-settings=\"{&quot;background_background&quot;:&quot;classic&quot;}\">\n\t\t\t\t\t<div class=\"e-con-inner\">\n\t\t\t\t<div class=\"elementor-element elementor-element-2e0202b elementor-widget__width-initial cta-box elementor-widget elementor-widget-text-editor\" data-id=\"2e0202b\" data-element_type=\"widget\" data-e-type=\"widget\" data-widget_type=\"text-editor.default\">\n\t\t\t\t<div class=\"elementor-widget-container\">\n\t\t\t\t\t\t\t\t\t<h6 style=\"text-align: left;\">Skontaktuj si\u0119 z nami ju\u017c dzi\u015b<\/h6><h3 style=\"text-align: left;\">Chcesz wiedzie\u0107 wi\u0119cej?<\/h3><p style=\"text-align: left;\">Je\u015bli na naszej stronie internetowej nie znajdziesz wystarczaj\u0105cych informacji na temat \u017c\u0105danego zadania, zawsze mo\u017cesz si\u0119 z nami skontaktowa\u0107.<\/p><p style=\"text-align: left;\">Zadzwo\u0144 do nas telefonicznie <a href=\"tel:22321240\">(+45) 22 32 12 40<\/a> lub wy\u015blij e-mail na adres <a href=\"mailto:tj@scan-pork.com\">tj@scan-pork.com<\/a>. Vi besvarer din henvendelse hurtigst muligt.<\/p>\t\t\t\t\t\t\t\t<\/div>\n\t\t\t\t<\/div>\n\t\t\t\t<div class=\"elementor-element elementor-element-6e67c14 elementor-align-left cta elementor-widget elementor-widget-button\" data-id=\"6e67c14\" data-element_type=\"widget\" data-e-type=\"widget\" data-widget_type=\"button.default\">\n\t\t\t\t<div class=\"elementor-widget-container\">\n\t\t\t\t\t\t\t\t\t<div class=\"elementor-button-wrapper\">\n\t\t\t\t\t<a class=\"elementor-button elementor-button-link elementor-size-sm\" href=\"https:\/\/scan-pork.com\/kontakt\/\">\n\t\t\t\t\t\t<span class=\"elementor-button-content-wrapper\">\n\t\t\t\t\t\t\t\t\t<span class=\"elementor-button-text\">Skontaktuj si\u0119 z nami ju\u017c dzi\u015b<\/span>\n\t\t\t\t\t<\/span>\n\t\t\t\t\t<\/a>\n\t\t\t\t<\/div>\n\t\t\t\t\t\t\t\t<\/div>\n\t\t\t\t<\/div>\n\t\t\t\t\t<\/div>\n\t\t\t\t<\/div>\n\t\t\t\t<\/div>\n\t\t","protected":false},"excerpt":{"rendered":"<p>Scan-Pork zapewnia Ci udane transakcje<\/p>\n","protected":false},"author":8,"featured_media":8950,"parent":0,"menu_order":1000,"comment_status":"closed","ping_status":"closed","template":"","meta":{"_acf_changed":false,"footnotes":""},"categories":[],"class_list":["post-8783","page","type-page","status-publish","has-post-thumbnail"],"acf":[],"yoast_head":"<!-- This site is optimized with the Yoast SEO plugin v27.4 - https:\/\/yoast.com\/product\/yoast-seo-wordpress\/ -->\n<title>Do\u015bwiadczenie, pewno\u015b\u0107 i zaanga\u017cowanie | Scan-Pork A\/S<\/title>\n<meta name=\"robots\" content=\"index, follow, max-snippet:-1, max-image-preview:large, max-video-preview:-1\" \/>\n<link rel=\"canonical\" href=\"https:\/\/scan-pork.com\/om-scan-pork\/\" \/>\n<meta property=\"og:locale\" content=\"pl_PL\" \/>\n<meta property=\"og:type\" content=\"article\" \/>\n<meta property=\"og:title\" content=\"Do\u015bwiadczenie, pewno\u015b\u0107 i zaanga\u017cowanie | Scan-Pork A\/S\" \/>\n<meta property=\"og:description\" content=\"Scan-Pork zapewnia Ci udane transakcje\" \/>\n<meta property=\"og:url\" content=\"https:\/\/scan-pork.com\/om-scan-pork\/\" \/>\n<meta property=\"og:site_name\" content=\"Scan-Pork A\/S\" \/>\n<meta property=\"article:modified_time\" content=\"2024-12-27T11:25:26+00:00\" \/>\n<meta property=\"og:image\" content=\"https:\/\/scan-pork.com\/wp-content\/uploads\/2024\/09\/1000007428-scaled.jpg\" \/>\n\t<meta property=\"og:image:width\" content=\"2048\" \/>\n\t<meta property=\"og:image:height\" content=\"1536\" \/>\n\t<meta property=\"og:image:type\" content=\"image\/jpeg\" \/>\n<meta name=\"twitter:card\" content=\"summary_large_image\" \/>\n<meta name=\"twitter:label1\" content=\"Szacowany czas czytania\" \/>\n\t<meta name=\"twitter:data1\" content=\"1 minuta\" \/>\n<script type=\"application\/ld+json\" class=\"yoast-schema-graph\">{\"@context\":\"https:\\\/\\\/schema.org\",\"@graph\":[{\"@type\":\"WebPage\",\"@id\":\"https:\\\/\\\/scan-pork.com\\\/om-scan-pork\\\/\",\"url\":\"https:\\\/\\\/scan-pork.com\\\/om-scan-pork\\\/\",\"name\":\"Do\u015bwiadczenie, pewno\u015b\u0107 i zaanga\u017cowanie | Scan-Pork A\\\/S\",\"isPartOf\":{\"@id\":\"https:\\\/\\\/scan-pork.com\\\/#website\"},\"primaryImageOfPage\":{\"@id\":\"https:\\\/\\\/scan-pork.com\\\/om-scan-pork\\\/#primaryimage\"},\"image\":{\"@id\":\"https:\\\/\\\/scan-pork.com\\\/om-scan-pork\\\/#primaryimage\"},\"thumbnailUrl\":\"https:\\\/\\\/scan-pork.com\\\/wp-content\\\/uploads\\\/2024\\\/09\\\/1000007428-scaled.jpg\",\"datePublished\":\"2024-02-28T08:57:30+00:00\",\"dateModified\":\"2024-12-27T11:25:26+00:00\",\"breadcrumb\":{\"@id\":\"https:\\\/\\\/scan-pork.com\\\/om-scan-pork\\\/#breadcrumb\"},\"inLanguage\":\"pl-PL\",\"potentialAction\":[{\"@type\":\"ReadAction\",\"target\":[\"https:\\\/\\\/scan-pork.com\\\/om-scan-pork\\\/\"]}]},{\"@type\":\"ImageObject\",\"inLanguage\":\"pl-PL\",\"@id\":\"https:\\\/\\\/scan-pork.com\\\/om-scan-pork\\\/#primaryimage\",\"url\":\"https:\\\/\\\/scan-pork.com\\\/wp-content\\\/uploads\\\/2024\\\/09\\\/1000007428-scaled.jpg\",\"contentUrl\":\"https:\\\/\\\/scan-pork.com\\\/wp-content\\\/uploads\\\/2024\\\/09\\\/1000007428-scaled.jpg\",\"width\":2048,\"height\":1536},{\"@type\":\"BreadcrumbList\",\"@id\":\"https:\\\/\\\/scan-pork.com\\\/om-scan-pork\\\/#breadcrumb\",\"itemListElement\":[{\"@type\":\"ListItem\",\"position\":1,\"name\":\"Forside\",\"item\":\"https:\\\/\\\/scan-pork.com\\\/\"},{\"@type\":\"ListItem\",\"position\":2,\"name\":\"Do\u015bwiadczenie, pewno\u015b\u0107 i zaanga\u017cowanie\"}]},{\"@type\":\"WebSite\",\"@id\":\"https:\\\/\\\/scan-pork.com\\\/#website\",\"url\":\"https:\\\/\\\/scan-pork.com\\\/\",\"name\":\"Scan-Pork A\\\/S\",\"description\":\"Specialister i salg af sm\u00e5grise\",\"publisher\":{\"@id\":\"https:\\\/\\\/scan-pork.com\\\/#organization\"},\"potentialAction\":[{\"@type\":\"SearchAction\",\"target\":{\"@type\":\"EntryPoint\",\"urlTemplate\":\"https:\\\/\\\/scan-pork.com\\\/?s={search_term_string}\"},\"query-input\":{\"@type\":\"PropertyValueSpecification\",\"valueRequired\":true,\"valueName\":\"search_term_string\"}}],\"inLanguage\":\"pl-PL\"},{\"@type\":\"Organization\",\"@id\":\"https:\\\/\\\/scan-pork.com\\\/#organization\",\"name\":\"Scan-Pork A\\\/S\",\"url\":\"https:\\\/\\\/scan-pork.com\\\/\",\"logo\":{\"@type\":\"ImageObject\",\"inLanguage\":\"pl-PL\",\"@id\":\"https:\\\/\\\/scan-pork.com\\\/#\\\/schema\\\/logo\\\/image\\\/\",\"url\":\"https:\\\/\\\/scan-pork.com\\\/wp-content\\\/uploads\\\/2024\\\/11\\\/Scan-Pork-logo@4x.webp\",\"contentUrl\":\"https:\\\/\\\/scan-pork.com\\\/wp-content\\\/uploads\\\/2024\\\/11\\\/Scan-Pork-logo@4x.webp\",\"width\":842,\"height\":919,\"caption\":\"Scan-Pork A\\\/S\"},\"image\":{\"@id\":\"https:\\\/\\\/scan-pork.com\\\/#\\\/schema\\\/logo\\\/image\\\/\"}}]}<\/script>\n<!-- \/ Yoast SEO plugin. -->","yoast_head_json":{"title":"Do\u015bwiadczenie, pewno\u015b\u0107 i zaanga\u017cowanie | Scan-Pork A\/S","robots":{"index":"index","follow":"follow","max-snippet":"max-snippet:-1","max-image-preview":"max-image-preview:large","max-video-preview":"max-video-preview:-1"},"canonical":"https:\/\/scan-pork.com\/om-scan-pork\/","og_locale":"pl_PL","og_type":"article","og_title":"Do\u015bwiadczenie, pewno\u015b\u0107 i zaanga\u017cowanie | Scan-Pork A\/S","og_description":"Scan-Pork zapewnia Ci udane transakcje","og_url":"https:\/\/scan-pork.com\/om-scan-pork\/","og_site_name":"Scan-Pork A\/S","article_modified_time":"2024-12-27T11:25:26+00:00","og_image":[{"width":2048,"height":1536,"url":"https:\/\/scan-pork.com\/wp-content\/uploads\/2024\/09\/1000007428-scaled.jpg","type":"image\/jpeg"}],"twitter_card":"summary_large_image","twitter_misc":{"Szacowany czas czytania":"1 minuta"},"schema":{"@context":"https:\/\/schema.org","@graph":[{"@type":"WebPage","@id":"https:\/\/scan-pork.com\/om-scan-pork\/","url":"https:\/\/scan-pork.com\/om-scan-pork\/","name":"Do\u015bwiadczenie, pewno\u015b\u0107 i zaanga\u017cowanie | Scan-Pork A\/S","isPartOf":{"@id":"https:\/\/scan-pork.com\/#website"},"primaryImageOfPage":{"@id":"https:\/\/scan-pork.com\/om-scan-pork\/#primaryimage"},"image":{"@id":"https:\/\/scan-pork.com\/om-scan-pork\/#primaryimage"},"thumbnailUrl":"https:\/\/scan-pork.com\/wp-content\/uploads\/2024\/09\/1000007428-scaled.jpg","datePublished":"2024-02-28T08:57:30+00:00","dateModified":"2024-12-27T11:25:26+00:00","breadcrumb":{"@id":"https:\/\/scan-pork.com\/om-scan-pork\/#breadcrumb"},"inLanguage":"pl-PL","potentialAction":[{"@type":"ReadAction","target":["https:\/\/scan-pork.com\/om-scan-pork\/"]}]},{"@type":"ImageObject","inLanguage":"pl-PL","@id":"https:\/\/scan-pork.com\/om-scan-pork\/#primaryimage","url":"https:\/\/scan-pork.com\/wp-content\/uploads\/2024\/09\/1000007428-scaled.jpg","contentUrl":"https:\/\/scan-pork.com\/wp-content\/uploads\/2024\/09\/1000007428-scaled.jpg","width":2048,"height":1536},{"@type":"BreadcrumbList","@id":"https:\/\/scan-pork.com\/om-scan-pork\/#breadcrumb","itemListElement":[{"@type":"ListItem","position":1,"name":"Forside","item":"https:\/\/scan-pork.com\/"},{"@type":"ListItem","position":2,"name":"Do\u015bwiadczenie, pewno\u015b\u0107 i zaanga\u017cowanie"}]},{"@type":"WebSite","@id":"https:\/\/scan-pork.com\/#website","url":"https:\/\/scan-pork.com\/","name":"Scan-Pork A\/S","description":"Specialister i salg af sm\u00e5grise","publisher":{"@id":"https:\/\/scan-pork.com\/#organization"},"potentialAction":[{"@type":"SearchAction","target":{"@type":"EntryPoint","urlTemplate":"https:\/\/scan-pork.com\/?s={search_term_string}"},"query-input":{"@type":"PropertyValueSpecification","valueRequired":true,"valueName":"search_term_string"}}],"inLanguage":"pl-PL"},{"@type":"Organization","@id":"https:\/\/scan-pork.com\/#organization","name":"Scan-Pork A\/S","url":"https:\/\/scan-pork.com\/","logo":{"@type":"ImageObject","inLanguage":"pl-PL","@id":"https:\/\/scan-pork.com\/#\/schema\/logo\/image\/","url":"https:\/\/scan-pork.com\/wp-content\/uploads\/2024\/11\/Scan-Pork-logo@4x.webp","contentUrl":"https:\/\/scan-pork.com\/wp-content\/uploads\/2024\/11\/Scan-Pork-logo@4x.webp","width":842,"height":919,"caption":"Scan-Pork A\/S"},"image":{"@id":"https:\/\/scan-pork.com\/#\/schema\/logo\/image\/"}}]}},"_links":{"self":[{"href":"https:\/\/scan-pork.com\/pl\/wp-json\/wp\/v2\/pages\/8783","targetHints":{"allow":["GET"]}}],"collection":[{"href":"https:\/\/scan-pork.com\/pl\/wp-json\/wp\/v2\/pages"}],"about":[{"href":"https:\/\/scan-pork.com\/pl\/wp-json\/wp\/v2\/types\/page"}],"author":[{"embeddable":true,"href":"https:\/\/scan-pork.com\/pl\/wp-json\/wp\/v2\/users\/8"}],"replies":[{"embeddable":true,"href":"https:\/\/scan-pork.com\/pl\/wp-json\/wp\/v2\/comments?post=8783"}],"version-history":[{"count":26,"href":"https:\/\/scan-pork.com\/pl\/wp-json\/wp\/v2\/pages\/8783\/revisions"}],"predecessor-version":[{"id":9987,"href":"https:\/\/scan-pork.com\/pl\/wp-json\/wp\/v2\/pages\/8783\/revisions\/9987"}],"wp:featuredmedia":[{"embeddable":true,"href":"https:\/\/scan-pork.com\/pl\/wp-json\/wp\/v2\/media\/8950"}],"wp:attachment":[{"href":"https:\/\/scan-pork.com\/pl\/wp-json\/wp\/v2\/media?parent=8783"}],"wp:term":[{"taxonomy":"category","embeddable":true,"href":"https:\/\/scan-pork.com\/pl\/wp-json\/wp\/v2\/categories?post=8783"}],"curies":[{"name":"wp","href":"https:\/\/api.w.org\/{rel}","templated":true}]}}