{"id":8765,"date":"2024-02-28T09:57:30","date_gmt":"2024-02-28T08:57:30","guid":{"rendered":"https:\/\/scan-pork.com\/transport\/"},"modified":"2024-12-20T13:19:27","modified_gmt":"2024-12-20T12:19:27","slug":"transport","status":"publish","type":"page","link":"https:\/\/scan-pork.com\/pl\/transport\/","title":{"rendered":"Transport"},"content":{"rendered":"\t\t<div data-elementor-type=\"wp-page\" data-elementor-id=\"8765\" class=\"elementor elementor-8765 elementor-8470\" data-elementor-post-type=\"page\">\n\t\t\t\t<div class=\"elementor-element elementor-element-d3a1876 white e-flex e-con-boxed elementor-invisible e-con e-parent\" data-id=\"d3a1876\" data-element_type=\"container\" data-e-type=\"container\" data-settings=\"{&quot;background_background&quot;:&quot;video&quot;,&quot;background_video_link&quot;:&quot;https:\\\/\\\/vimeo.com\\\/960923338&quot;,&quot;animation&quot;:&quot;fadeIn&quot;,&quot;animation_delay&quot;:1000,&quot;background_video_start&quot;:10,&quot;background_play_on_mobile&quot;:&quot;yes&quot;}\">\n\t\t\t\t\t<div class=\"e-con-inner\">\n\t\t<div class=\"elementor-background-video-container\">\n\t\t\t\t\t\t\t<div class=\"elementor-background-video-embed\" role=\"presentation\"><\/div>\n\t\t\t\t\t\t<\/div><div class=\"elementor-element elementor-element-b946ab3 e-con-full e-flex e-con e-child\" data-id=\"b946ab3\" data-element_type=\"container\" data-e-type=\"container\">\n\t\t\t\t<div class=\"elementor-element elementor-element-1bfbaae elementor-widget__width-inherit elementor-invisible elementor-widget elementor-widget-heading\" data-id=\"1bfbaae\" data-element_type=\"widget\" data-e-type=\"widget\" data-settings=\"{&quot;_animation&quot;:&quot;fadeIn&quot;,&quot;_animation_delay&quot;:1400}\" data-widget_type=\"heading.default\">\n\t\t\t\t<div class=\"elementor-widget-container\">\n\t\t\t\t\t<h3 class=\"elementor-heading-title elementor-size-default\">Pewny transport<\/h3>\t\t\t\t<\/div>\n\t\t\t\t<\/div>\n\t\t\t\t<div class=\"elementor-element elementor-element-f88732b elementor-widget__width-inherit elementor-invisible elementor-widget elementor-widget-heading\" data-id=\"f88732b\" data-element_type=\"widget\" data-e-type=\"widget\" data-settings=\"{&quot;_animation&quot;:&quot;fadeIn&quot;,&quot;_animation_delay&quot;:1400}\" data-widget_type=\"heading.default\">\n\t\t\t\t<div class=\"elementor-widget-container\">\n\t\t\t\t\t<h3 class=\"elementor-heading-title elementor-size-default\">Scan-Pork\u00a0bierze na siebie ca\u0142\u0105 odpowiedzialno\u015b\u0107<\/h3>\t\t\t\t<\/div>\n\t\t\t\t<\/div>\n\t\t\t\t<div class=\"elementor-element elementor-element-c797dac elementor-align-justify elementor-widget__width-initial elementor-invisible elementor-widget elementor-widget-button\" data-id=\"c797dac\" data-element_type=\"widget\" data-e-type=\"widget\" data-settings=\"{&quot;_animation&quot;:&quot;fadeIn&quot;,&quot;_animation_delay&quot;:1800}\" data-widget_type=\"button.default\">\n\t\t\t\t<div class=\"elementor-widget-container\">\n\t\t\t\t\t\t\t\t\t<div class=\"elementor-button-wrapper\">\n\t\t\t\t\t<a class=\"elementor-button elementor-button-link elementor-size-sm\" href=\"https:\/\/scan-pork.com\/kontakt\/\">\n\t\t\t\t\t\t<span class=\"elementor-button-content-wrapper\">\n\t\t\t\t\t\t\t\t\t<span class=\"elementor-button-text\">Skontaktuj si\u0119 z nami ju\u017c dzi\u015b<\/span>\n\t\t\t\t\t<\/span>\n\t\t\t\t\t<\/a>\n\t\t\t\t<\/div>\n\t\t\t\t\t\t\t\t<\/div>\n\t\t\t\t<\/div>\n\t\t\t\t<div class=\"elementor-element elementor-element-40ffd73 elementor-align-justify elementor-widget__width-initial scroll border elementor-hidden-mobile elementor-invisible elementor-widget elementor-widget-button\" data-id=\"40ffd73\" data-element_type=\"widget\" data-e-type=\"widget\" data-settings=\"{&quot;_animation&quot;:&quot;fadeIn&quot;,&quot;_animation_delay&quot;:2000}\" data-widget_type=\"button.default\">\n\t\t\t\t<div class=\"elementor-widget-container\">\n\t\t\t\t\t\t\t\t\t<div class=\"elementor-button-wrapper\">\n\t\t\t\t\t<a class=\"elementor-button elementor-button-link elementor-size-sm\" href=\"#\">\n\t\t\t\t\t\t<span class=\"elementor-button-content-wrapper\">\n\t\t\t\t\t\t\t\t\t<span class=\"elementor-button-text\">Przeczytaj wi\u0119cej<\/span>\n\t\t\t\t\t<\/span>\n\t\t\t\t\t<\/a>\n\t\t\t\t<\/div>\n\t\t\t\t\t\t\t\t<\/div>\n\t\t\t\t<\/div>\n\t\t\t\t<\/div>\n\t\t\t\t\t<\/div>\n\t\t\t\t<\/div>\n\t\t<div class=\"elementor-element elementor-element-77c25c22 e-flex e-con-boxed e-con e-parent\" data-id=\"77c25c22\" data-element_type=\"container\" data-e-type=\"container\">\n\t\t\t\t\t<div class=\"e-con-inner\">\n\t\t<div class=\"elementor-element elementor-element-17906d9 e-con-full e-flex e-con e-child\" data-id=\"17906d9\" data-element_type=\"container\" data-e-type=\"container\">\n\t\t\t\t<div class=\"elementor-element elementor-element-8cd488a elementor-widget elementor-widget-text-editor\" data-id=\"8cd488a\" data-element_type=\"widget\" data-e-type=\"widget\" data-widget_type=\"text-editor.default\">\n\t\t\t\t<div class=\"elementor-widget-container\">\n\t\t\t\t\t\t\t\t\t<h2>Transport<\/h2><p>W ramach realizacji zakupu ch\u0119tnie zajmiemy si\u0119 transportem \u015bwi\u0144 od sprzedawcy do odbiorcy. Mamy wielu zaufanych partner\u00f3w, z kt\u00f3rymi wsp\u00f3\u0142pracujemy zar\u00f3wno w Danii, jak i w innych krajach, do kt\u00f3rych eksportujemy. Przygotowujemy niezb\u0119dn\u0105 dokumentacj\u0119 i dbamy o spe\u0142nianie wymog\u00f3w przepisowych obowi\u0105zuj\u0105cych w danym rejonie.<\/p>\t\t\t\t\t\t\t\t<\/div>\n\t\t\t\t<\/div>\n\t\t\t\t<\/div>\n\t\t<div class=\"elementor-element elementor-element-461c0903 e-con-full e-flex e-con e-child\" data-id=\"461c0903\" data-element_type=\"container\" data-e-type=\"container\">\n\t\t\t\t<div class=\"elementor-element elementor-element-7188c13a dark elementor-widget elementor-widget-sidebar\" data-id=\"7188c13a\" data-element_type=\"widget\" data-e-type=\"widget\" data-widget_type=\"sidebar.default\">\n\t\t\t\t<div class=\"elementor-widget-container\">\n\t\t\t\t\t<aside id=\"text-14\" class=\"widget-odd widget-7 widget inner-padding widget_text\"><h2 class=\"widget-title\">Chcesz us\u0142ysze\u0107 wi\u0119cej?<\/h2>\t\t\t<div class=\"textwidget\"><p>Wype\u0142nij formularz, a my skontaktujemy si\u0119 z Tob\u0105 tak szybko, jak to mo\u017cliwe.<\/p>\n<\/div>\n\t\t<\/aside><aside id=\"forminator_widget-6\" class=\"widget-even widget-last widget-8 widget inner-padding widget_forminator_widget\"><form id=\"forminator-module-8806\" class=\"forminator-custom-form forminator-custom-form-8806\" method=\"post\" data-forminator-render=\"0\" data-uid=\"69e99f015b6bc\"><div role=\"alert\" aria-live=\"polite\" class=\"forminator-response-message forminator-error\" aria-hidden=\"true\"><\/div><\/form><\/aside>\t\t\t\t<\/div>\n\t\t\t\t<\/div>\n\t\t\t\t<\/div>\n\t\t\t\t\t<\/div>\n\t\t\t\t<\/div>\n\t\t<div class=\"elementor-element elementor-element-6b22db69 light e-flex e-con-boxed e-con e-parent\" data-id=\"6b22db69\" data-element_type=\"container\" data-e-type=\"container\">\n\t\t\t\t\t<div class=\"e-con-inner\">\n\t\t\t\t<div class=\"elementor-element elementor-element-586c402 elementor-widget elementor-widget-gallery\" data-id=\"586c402\" data-element_type=\"widget\" data-e-type=\"widget\" data-settings=\"{&quot;gap&quot;:{&quot;unit&quot;:&quot;px&quot;,&quot;size&quot;:30,&quot;sizes&quot;:[]},&quot;aspect_ratio&quot;:&quot;4:3&quot;,&quot;columns_tablet&quot;:3,&quot;columns_mobile&quot;:2,&quot;gap_tablet&quot;:{&quot;unit&quot;:&quot;px&quot;,&quot;size&quot;:15,&quot;sizes&quot;:[]},&quot;gap_mobile&quot;:{&quot;unit&quot;:&quot;px&quot;,&quot;size&quot;:15,&quot;sizes&quot;:[]},&quot;lazyload&quot;:&quot;yes&quot;,&quot;gallery_layout&quot;:&quot;grid&quot;,&quot;columns&quot;:4,&quot;gap_laptop&quot;:{&quot;unit&quot;:&quot;px&quot;,&quot;size&quot;:10,&quot;sizes&quot;:[]},&quot;link_to&quot;:&quot;file&quot;,&quot;content_hover_animation&quot;:&quot;fade-in&quot;}\" data-widget_type=\"gallery.default\">\n\t\t\t\t<div class=\"elementor-widget-container\">\n\t\t\t\t\t\t\t<div class=\"elementor-gallery__container\">\n\t\t\t\t\t\t\t<a class=\"e-gallery-item elementor-gallery-item elementor-animated-content\" href=\"https:\/\/scan-pork.com\/wp-content\/uploads\/2024\/11\/20230209_073459-scaled-1.jpg\" data-elementor-open-lightbox=\"yes\" data-elementor-lightbox-slideshow=\"586c402\" data-e-action-hash=\"#elementor-action%3Aaction%3Dlightbox%26settings%3DeyJpZCI6OTQzNywidXJsIjoiaHR0cHM6XC9cL3NjYW4tcG9yay5jb21cL3dwLWNvbnRlbnRcL3VwbG9hZHNcLzIwMjRcLzExXC8yMDIzMDIwOV8wNzM0NTktc2NhbGVkLTEuanBnIiwic2xpZGVzaG93IjoiNTg2YzQwMiJ9\">\n\t\t\t\t\t<div class=\"e-gallery-image elementor-gallery-item__image\" data-thumbnail=\"https:\/\/scan-pork.com\/wp-content\/uploads\/2024\/11\/20230209_073459-scaled-1.jpg\" data-width=\"1536\" data-height=\"2048\" aria-label=\"\" role=\"img\" ><\/div>\n\t\t\t\t\t\t\t\t\t\t\t\t\t\t<\/a>\n\t\t\t\t\t\t\t<a class=\"e-gallery-item elementor-gallery-item elementor-animated-content\" href=\"https:\/\/scan-pork.com\/wp-content\/uploads\/2024\/11\/1000007428-scaled-1.jpg\" data-elementor-open-lightbox=\"yes\" data-elementor-lightbox-slideshow=\"586c402\" data-e-action-hash=\"#elementor-action%3Aaction%3Dlightbox%26settings%3DeyJpZCI6OTQ0MSwidXJsIjoiaHR0cHM6XC9cL3NjYW4tcG9yay5jb21cL3dwLWNvbnRlbnRcL3VwbG9hZHNcLzIwMjRcLzExXC8xMDAwMDA3NDI4LXNjYWxlZC0xLmpwZyIsInNsaWRlc2hvdyI6IjU4NmM0MDIifQ%3D%3D\">\n\t\t\t\t\t<div class=\"e-gallery-image elementor-gallery-item__image\" data-thumbnail=\"https:\/\/scan-pork.com\/wp-content\/uploads\/2024\/11\/1000007428-scaled-1.jpg\" data-width=\"2048\" data-height=\"1536\" aria-label=\"\" role=\"img\" ><\/div>\n\t\t\t\t\t\t\t\t\t\t\t\t\t\t<\/a>\n\t\t\t\t\t\t\t<a class=\"e-gallery-item elementor-gallery-item elementor-animated-content\" href=\"https:\/\/scan-pork.com\/wp-content\/uploads\/2024\/11\/1000007410-scaled-1.jpg\" data-elementor-open-lightbox=\"yes\" data-elementor-lightbox-slideshow=\"586c402\" data-e-action-hash=\"#elementor-action%3Aaction%3Dlightbox%26settings%3DeyJpZCI6OTQ0NSwidXJsIjoiaHR0cHM6XC9cL3NjYW4tcG9yay5jb21cL3dwLWNvbnRlbnRcL3VwbG9hZHNcLzIwMjRcLzExXC8xMDAwMDA3NDEwLXNjYWxlZC0xLmpwZyIsInNsaWRlc2hvdyI6IjU4NmM0MDIifQ%3D%3D\">\n\t\t\t\t\t<div class=\"e-gallery-image elementor-gallery-item__image\" data-thumbnail=\"https:\/\/scan-pork.com\/wp-content\/uploads\/2024\/11\/1000007410-scaled-1.jpg\" data-width=\"2048\" data-height=\"1536\" aria-label=\"\" role=\"img\" ><\/div>\n\t\t\t\t\t\t\t\t\t\t\t\t\t\t<\/a>\n\t\t\t\t\t\t\t<a class=\"e-gallery-item elementor-gallery-item elementor-animated-content\" href=\"https:\/\/scan-pork.com\/wp-content\/uploads\/2024\/11\/1000007441-scaled-1.jpg\" data-elementor-open-lightbox=\"yes\" data-elementor-lightbox-slideshow=\"586c402\" data-e-action-hash=\"#elementor-action%3Aaction%3Dlightbox%26settings%3DeyJpZCI6OTQ0OSwidXJsIjoiaHR0cHM6XC9cL3NjYW4tcG9yay5jb21cL3dwLWNvbnRlbnRcL3VwbG9hZHNcLzIwMjRcLzExXC8xMDAwMDA3NDQxLXNjYWxlZC0xLmpwZyIsInNsaWRlc2hvdyI6IjU4NmM0MDIifQ%3D%3D\">\n\t\t\t\t\t<div class=\"e-gallery-image elementor-gallery-item__image\" data-thumbnail=\"https:\/\/scan-pork.com\/wp-content\/uploads\/2024\/11\/1000007441-scaled-1.jpg\" data-width=\"2048\" data-height=\"1536\" aria-label=\"\" role=\"img\" ><\/div>\n\t\t\t\t\t\t\t\t\t\t\t\t\t\t<\/a>\n\t\t\t\t\t<\/div>\n\t\t\t\t\t<\/div>\n\t\t\t\t<\/div>\n\t\t\t\t\t<\/div>\n\t\t\t\t<\/div>\n\t\t<div class=\"elementor-element elementor-element-762123a white e-flex e-con-boxed e-con e-parent\" data-id=\"762123a\" data-element_type=\"container\" data-e-type=\"container\" data-settings=\"{&quot;background_background&quot;:&quot;classic&quot;}\">\n\t\t\t\t\t<div class=\"e-con-inner\">\n\t\t\t\t<div class=\"elementor-element elementor-element-6b36683 elementor-widget__width-initial cta-box elementor-widget elementor-widget-text-editor\" data-id=\"6b36683\" data-element_type=\"widget\" data-e-type=\"widget\" data-widget_type=\"text-editor.default\">\n\t\t\t\t<div class=\"elementor-widget-container\">\n\t\t\t\t\t\t\t\t\t<h6 style=\"text-align: left;\">Skontaktuj si\u0119 z nami ju\u017c dzi\u015b<\/h6><h3 style=\"text-align: left;\">Chcesz wiedzie\u0107 wi\u0119cej?<\/h3><p style=\"text-align: left;\">Je\u015bli na naszej stronie internetowej nie znajdziesz wystarczaj\u0105cych informacji na temat \u017c\u0105danego zadania, zawsze mo\u017cesz si\u0119 z nami skontaktowa\u0107.<\/p><p style=\"text-align: left;\">Zadzwo\u0144 do nas telefonicznie <a href=\"tel:22321240\">(+45) 22 32 12 40<\/a> lub wy\u015blij e-mail na adres <a href=\"mailto:tj@scan-pork.com\">tj@scan-pork.com<\/a>. Vi besvarer din henvendelse hurtigst muligt.<\/p>\t\t\t\t\t\t\t\t<\/div>\n\t\t\t\t<\/div>\n\t\t\t\t<div class=\"elementor-element elementor-element-88578b2 elementor-align-left cta elementor-widget elementor-widget-button\" data-id=\"88578b2\" data-element_type=\"widget\" data-e-type=\"widget\" data-widget_type=\"button.default\">\n\t\t\t\t<div class=\"elementor-widget-container\">\n\t\t\t\t\t\t\t\t\t<div class=\"elementor-button-wrapper\">\n\t\t\t\t\t<a class=\"elementor-button elementor-button-link elementor-size-sm\" href=\"https:\/\/scan-pork.com\/kontakt\/\">\n\t\t\t\t\t\t<span class=\"elementor-button-content-wrapper\">\n\t\t\t\t\t\t\t\t\t<span class=\"elementor-button-text\">Skontaktuj si\u0119 z nami ju\u017c dzi\u015b<\/span>\n\t\t\t\t\t<\/span>\n\t\t\t\t\t<\/a>\n\t\t\t\t<\/div>\n\t\t\t\t\t\t\t\t<\/div>\n\t\t\t\t<\/div>\n\t\t\t\t\t<\/div>\n\t\t\t\t<\/div>\n\t\t\t\t<\/div>\n\t\t","protected":false},"excerpt":{"rendered":"<p>Pewny transport Scan-Pork\u00a0bierze na siebie ca\u0142\u0105 odpowiedzialno\u015b\u0107 Skontaktuj si\u0119 z nami ju\u017c dzi\u015b Przeczytaj wi\u0119cej Transport W ramach realizacji zakupu ch\u0119tnie zajmiemy si\u0119 transportem \u015bwi\u0144 od sprzedawcy do odbiorcy. Mamy wielu zaufanych partner\u00f3w, z kt\u00f3rymi wsp\u00f3\u0142pracujemy zar\u00f3wno w Danii, jak i w innych krajach, do kt\u00f3rych eksportujemy. Przygotowujemy niezb\u0119dn\u0105 dokumentacj\u0119 i dbamy o spe\u0142nianie wymog\u00f3w &#8230; <a title=\"Transport\" class=\"read-more\" href=\"https:\/\/scan-pork.com\/pl\/transport\/\" aria-label=\"Dowiedz si\u0119 wi\u0119cej o Transport\">Czytaj dalej<\/a><\/p>\n","protected":false},"author":8,"featured_media":8702,"parent":0,"menu_order":1004,"comment_status":"closed","ping_status":"closed","template":"","meta":{"_acf_changed":false,"footnotes":""},"categories":[],"class_list":["post-8765","page","type-page","status-publish","has-post-thumbnail"],"acf":[],"yoast_head":"<!-- This site is optimized with the Yoast SEO plugin v27.4 - https:\/\/yoast.com\/product\/yoast-seo-wordpress\/ -->\n<title>Transport | Scan-Pork A\/S<\/title>\n<meta name=\"robots\" content=\"index, follow, max-snippet:-1, max-image-preview:large, max-video-preview:-1\" \/>\n<link rel=\"canonical\" href=\"https:\/\/scan-pork.com\/transport\/\" \/>\n<meta property=\"og:locale\" content=\"pl_PL\" \/>\n<meta property=\"og:type\" content=\"article\" \/>\n<meta property=\"og:title\" content=\"Transport | Scan-Pork A\/S\" \/>\n<meta property=\"og:description\" content=\"Pewny transport Scan-Pork\u00a0bierze na siebie ca\u0142\u0105 odpowiedzialno\u015b\u0107 Skontaktuj si\u0119 z nami ju\u017c dzi\u015b Przeczytaj wi\u0119cej Transport W ramach realizacji zakupu ch\u0119tnie zajmiemy si\u0119 transportem \u015bwi\u0144 od sprzedawcy do odbiorcy. Mamy wielu zaufanych partner\u00f3w, z kt\u00f3rymi wsp\u00f3\u0142pracujemy zar\u00f3wno w Danii, jak i w innych krajach, do kt\u00f3rych eksportujemy. Przygotowujemy niezb\u0119dn\u0105 dokumentacj\u0119 i dbamy o spe\u0142nianie wymog\u00f3w ... Czytaj dalej\" \/>\n<meta property=\"og:url\" content=\"https:\/\/scan-pork.com\/transport\/\" \/>\n<meta property=\"og:site_name\" content=\"Scan-Pork A\/S\" \/>\n<meta property=\"article:modified_time\" content=\"2024-12-20T12:19:27+00:00\" \/>\n<meta property=\"og:image\" content=\"https:\/\/scan-pork.com\/wp-content\/uploads\/2024\/02\/frontpic01.jpg\" \/>\n\t<meta property=\"og:image:width\" content=\"980\" \/>\n\t<meta property=\"og:image:height\" content=\"286\" \/>\n\t<meta property=\"og:image:type\" content=\"image\/jpeg\" \/>\n<meta name=\"twitter:card\" content=\"summary_large_image\" \/>\n<meta name=\"twitter:label1\" content=\"Szacowany czas czytania\" \/>\n\t<meta name=\"twitter:data1\" content=\"1 minuta\" \/>\n<script type=\"application\/ld+json\" class=\"yoast-schema-graph\">{\"@context\":\"https:\\\/\\\/schema.org\",\"@graph\":[{\"@type\":\"WebPage\",\"@id\":\"https:\\\/\\\/scan-pork.com\\\/transport\\\/\",\"url\":\"https:\\\/\\\/scan-pork.com\\\/transport\\\/\",\"name\":\"Transport | Scan-Pork A\\\/S\",\"isPartOf\":{\"@id\":\"https:\\\/\\\/scan-pork.com\\\/#website\"},\"primaryImageOfPage\":{\"@id\":\"https:\\\/\\\/scan-pork.com\\\/transport\\\/#primaryimage\"},\"image\":{\"@id\":\"https:\\\/\\\/scan-pork.com\\\/transport\\\/#primaryimage\"},\"thumbnailUrl\":\"https:\\\/\\\/scan-pork.com\\\/wp-content\\\/uploads\\\/2024\\\/02\\\/frontpic01.jpg\",\"datePublished\":\"2024-02-28T08:57:30+00:00\",\"dateModified\":\"2024-12-20T12:19:27+00:00\",\"breadcrumb\":{\"@id\":\"https:\\\/\\\/scan-pork.com\\\/transport\\\/#breadcrumb\"},\"inLanguage\":\"pl-PL\",\"potentialAction\":[{\"@type\":\"ReadAction\",\"target\":[\"https:\\\/\\\/scan-pork.com\\\/transport\\\/\"]}]},{\"@type\":\"ImageObject\",\"inLanguage\":\"pl-PL\",\"@id\":\"https:\\\/\\\/scan-pork.com\\\/transport\\\/#primaryimage\",\"url\":\"https:\\\/\\\/scan-pork.com\\\/wp-content\\\/uploads\\\/2024\\\/02\\\/frontpic01.jpg\",\"contentUrl\":\"https:\\\/\\\/scan-pork.com\\\/wp-content\\\/uploads\\\/2024\\\/02\\\/frontpic01.jpg\",\"width\":980,\"height\":286},{\"@type\":\"BreadcrumbList\",\"@id\":\"https:\\\/\\\/scan-pork.com\\\/transport\\\/#breadcrumb\",\"itemListElement\":[{\"@type\":\"ListItem\",\"position\":1,\"name\":\"Forside\",\"item\":\"https:\\\/\\\/scan-pork.com\\\/\"},{\"@type\":\"ListItem\",\"position\":2,\"name\":\"Transport\"}]},{\"@type\":\"WebSite\",\"@id\":\"https:\\\/\\\/scan-pork.com\\\/#website\",\"url\":\"https:\\\/\\\/scan-pork.com\\\/\",\"name\":\"Scan-Pork A\\\/S\",\"description\":\"Specialister i salg af sm\u00e5grise\",\"publisher\":{\"@id\":\"https:\\\/\\\/scan-pork.com\\\/#organization\"},\"potentialAction\":[{\"@type\":\"SearchAction\",\"target\":{\"@type\":\"EntryPoint\",\"urlTemplate\":\"https:\\\/\\\/scan-pork.com\\\/?s={search_term_string}\"},\"query-input\":{\"@type\":\"PropertyValueSpecification\",\"valueRequired\":true,\"valueName\":\"search_term_string\"}}],\"inLanguage\":\"pl-PL\"},{\"@type\":\"Organization\",\"@id\":\"https:\\\/\\\/scan-pork.com\\\/#organization\",\"name\":\"Scan-Pork A\\\/S\",\"url\":\"https:\\\/\\\/scan-pork.com\\\/\",\"logo\":{\"@type\":\"ImageObject\",\"inLanguage\":\"pl-PL\",\"@id\":\"https:\\\/\\\/scan-pork.com\\\/#\\\/schema\\\/logo\\\/image\\\/\",\"url\":\"https:\\\/\\\/scan-pork.com\\\/wp-content\\\/uploads\\\/2024\\\/11\\\/Scan-Pork-logo@4x.webp\",\"contentUrl\":\"https:\\\/\\\/scan-pork.com\\\/wp-content\\\/uploads\\\/2024\\\/11\\\/Scan-Pork-logo@4x.webp\",\"width\":842,\"height\":919,\"caption\":\"Scan-Pork A\\\/S\"},\"image\":{\"@id\":\"https:\\\/\\\/scan-pork.com\\\/#\\\/schema\\\/logo\\\/image\\\/\"}}]}<\/script>\n<!-- \/ Yoast SEO plugin. -->","yoast_head_json":{"title":"Transport | Scan-Pork A\/S","robots":{"index":"index","follow":"follow","max-snippet":"max-snippet:-1","max-image-preview":"max-image-preview:large","max-video-preview":"max-video-preview:-1"},"canonical":"https:\/\/scan-pork.com\/transport\/","og_locale":"pl_PL","og_type":"article","og_title":"Transport | Scan-Pork A\/S","og_description":"Pewny transport Scan-Pork\u00a0bierze na siebie ca\u0142\u0105 odpowiedzialno\u015b\u0107 Skontaktuj si\u0119 z nami ju\u017c dzi\u015b Przeczytaj wi\u0119cej Transport W ramach realizacji zakupu ch\u0119tnie zajmiemy si\u0119 transportem \u015bwi\u0144 od sprzedawcy do odbiorcy. Mamy wielu zaufanych partner\u00f3w, z kt\u00f3rymi wsp\u00f3\u0142pracujemy zar\u00f3wno w Danii, jak i w innych krajach, do kt\u00f3rych eksportujemy. Przygotowujemy niezb\u0119dn\u0105 dokumentacj\u0119 i dbamy o spe\u0142nianie wymog\u00f3w ... Czytaj dalej","og_url":"https:\/\/scan-pork.com\/transport\/","og_site_name":"Scan-Pork A\/S","article_modified_time":"2024-12-20T12:19:27+00:00","og_image":[{"width":980,"height":286,"url":"https:\/\/scan-pork.com\/wp-content\/uploads\/2024\/02\/frontpic01.jpg","type":"image\/jpeg"}],"twitter_card":"summary_large_image","twitter_misc":{"Szacowany czas czytania":"1 minuta"},"schema":{"@context":"https:\/\/schema.org","@graph":[{"@type":"WebPage","@id":"https:\/\/scan-pork.com\/transport\/","url":"https:\/\/scan-pork.com\/transport\/","name":"Transport | Scan-Pork A\/S","isPartOf":{"@id":"https:\/\/scan-pork.com\/#website"},"primaryImageOfPage":{"@id":"https:\/\/scan-pork.com\/transport\/#primaryimage"},"image":{"@id":"https:\/\/scan-pork.com\/transport\/#primaryimage"},"thumbnailUrl":"https:\/\/scan-pork.com\/wp-content\/uploads\/2024\/02\/frontpic01.jpg","datePublished":"2024-02-28T08:57:30+00:00","dateModified":"2024-12-20T12:19:27+00:00","breadcrumb":{"@id":"https:\/\/scan-pork.com\/transport\/#breadcrumb"},"inLanguage":"pl-PL","potentialAction":[{"@type":"ReadAction","target":["https:\/\/scan-pork.com\/transport\/"]}]},{"@type":"ImageObject","inLanguage":"pl-PL","@id":"https:\/\/scan-pork.com\/transport\/#primaryimage","url":"https:\/\/scan-pork.com\/wp-content\/uploads\/2024\/02\/frontpic01.jpg","contentUrl":"https:\/\/scan-pork.com\/wp-content\/uploads\/2024\/02\/frontpic01.jpg","width":980,"height":286},{"@type":"BreadcrumbList","@id":"https:\/\/scan-pork.com\/transport\/#breadcrumb","itemListElement":[{"@type":"ListItem","position":1,"name":"Forside","item":"https:\/\/scan-pork.com\/"},{"@type":"ListItem","position":2,"name":"Transport"}]},{"@type":"WebSite","@id":"https:\/\/scan-pork.com\/#website","url":"https:\/\/scan-pork.com\/","name":"Scan-Pork A\/S","description":"Specialister i salg af sm\u00e5grise","publisher":{"@id":"https:\/\/scan-pork.com\/#organization"},"potentialAction":[{"@type":"SearchAction","target":{"@type":"EntryPoint","urlTemplate":"https:\/\/scan-pork.com\/?s={search_term_string}"},"query-input":{"@type":"PropertyValueSpecification","valueRequired":true,"valueName":"search_term_string"}}],"inLanguage":"pl-PL"},{"@type":"Organization","@id":"https:\/\/scan-pork.com\/#organization","name":"Scan-Pork A\/S","url":"https:\/\/scan-pork.com\/","logo":{"@type":"ImageObject","inLanguage":"pl-PL","@id":"https:\/\/scan-pork.com\/#\/schema\/logo\/image\/","url":"https:\/\/scan-pork.com\/wp-content\/uploads\/2024\/11\/Scan-Pork-logo@4x.webp","contentUrl":"https:\/\/scan-pork.com\/wp-content\/uploads\/2024\/11\/Scan-Pork-logo@4x.webp","width":842,"height":919,"caption":"Scan-Pork A\/S"},"image":{"@id":"https:\/\/scan-pork.com\/#\/schema\/logo\/image\/"}}]}},"_links":{"self":[{"href":"https:\/\/scan-pork.com\/pl\/wp-json\/wp\/v2\/pages\/8765","targetHints":{"allow":["GET"]}}],"collection":[{"href":"https:\/\/scan-pork.com\/pl\/wp-json\/wp\/v2\/pages"}],"about":[{"href":"https:\/\/scan-pork.com\/pl\/wp-json\/wp\/v2\/types\/page"}],"author":[{"embeddable":true,"href":"https:\/\/scan-pork.com\/pl\/wp-json\/wp\/v2\/users\/8"}],"replies":[{"embeddable":true,"href":"https:\/\/scan-pork.com\/pl\/wp-json\/wp\/v2\/comments?post=8765"}],"version-history":[{"count":26,"href":"https:\/\/scan-pork.com\/pl\/wp-json\/wp\/v2\/pages\/8765\/revisions"}],"predecessor-version":[{"id":9823,"href":"https:\/\/scan-pork.com\/pl\/wp-json\/wp\/v2\/pages\/8765\/revisions\/9823"}],"wp:featuredmedia":[{"embeddable":true,"href":"https:\/\/scan-pork.com\/pl\/wp-json\/wp\/v2\/media\/8702"}],"wp:attachment":[{"href":"https:\/\/scan-pork.com\/pl\/wp-json\/wp\/v2\/media?parent=8765"}],"wp:term":[{"taxonomy":"category","embeddable":true,"href":"https:\/\/scan-pork.com\/pl\/wp-json\/wp\/v2\/categories?post=8765"}],"curies":[{"name":"wp","href":"https:\/\/api.w.org\/{rel}","templated":true}]}}