{"id":8750,"date":"2024-02-28T09:57:30","date_gmt":"2024-02-28T08:57:30","guid":{"rendered":"https:\/\/scan-pork.com\/prosieta\/"},"modified":"2024-12-20T13:54:48","modified_gmt":"2024-12-20T12:54:48","slug":"prosieta","status":"publish","type":"page","link":"https:\/\/scan-pork.com\/pl\/prosieta\/","title":{"rendered":"Eksport wysokiej jako\u015bci prosi\u0105t"},"content":{"rendered":"\t\t<div data-elementor-type=\"wp-page\" data-elementor-id=\"8750\" class=\"elementor elementor-8750 elementor-8469\" data-elementor-post-type=\"page\">\n\t\t\t\t<div class=\"elementor-element elementor-element-205c6a1 white e-flex e-con-boxed elementor-invisible e-con e-parent\" data-id=\"205c6a1\" data-element_type=\"container\" data-e-type=\"container\" data-settings=\"{&quot;background_background&quot;:&quot;classic&quot;,&quot;animation&quot;:&quot;fadeIn&quot;,&quot;animation_delay&quot;:1000}\">\n\t\t\t\t\t<div class=\"e-con-inner\">\n\t\t<div class=\"elementor-element elementor-element-463f2e0 e-con-full e-flex e-con e-child\" data-id=\"463f2e0\" data-element_type=\"container\" data-e-type=\"container\">\n\t\t\t\t<div class=\"elementor-element elementor-element-68f6f61 elementor-widget__width-inherit elementor-invisible elementor-widget elementor-widget-heading\" data-id=\"68f6f61\" data-element_type=\"widget\" data-e-type=\"widget\" data-settings=\"{&quot;_animation&quot;:&quot;fadeIn&quot;,&quot;_animation_delay&quot;:1400}\" data-widget_type=\"heading.default\">\n\t\t\t\t<div class=\"elementor-widget-container\">\n\t\t\t\t\t<h3 class=\"elementor-heading-title elementor-size-default\">Eksport wysokiej jako\u015bci prosi\u0105t<\/h3>\t\t\t\t<\/div>\n\t\t\t\t<\/div>\n\t\t\t\t<div class=\"elementor-element elementor-element-b4d5041 elementor-widget__width-inherit elementor-invisible elementor-widget elementor-widget-heading\" data-id=\"b4d5041\" data-element_type=\"widget\" data-e-type=\"widget\" data-settings=\"{&quot;_animation&quot;:&quot;fadeIn&quot;,&quot;_animation_delay&quot;:1400}\" data-widget_type=\"heading.default\">\n\t\t\t\t<div class=\"elementor-widget-container\">\n\t\t\t\t\t<h3 class=\"elementor-heading-title elementor-size-default\">Scan-Pork zapewnia bezpiecze\u0144stwo i skuteczno\u015b\u0107<\/h3>\t\t\t\t<\/div>\n\t\t\t\t<\/div>\n\t\t\t\t<div class=\"elementor-element elementor-element-bcd0af2 elementor-align-justify elementor-widget__width-initial elementor-invisible elementor-widget elementor-widget-button\" data-id=\"bcd0af2\" data-element_type=\"widget\" data-e-type=\"widget\" data-settings=\"{&quot;_animation&quot;:&quot;fadeIn&quot;,&quot;_animation_delay&quot;:1800}\" data-widget_type=\"button.default\">\n\t\t\t\t<div class=\"elementor-widget-container\">\n\t\t\t\t\t\t\t\t\t<div class=\"elementor-button-wrapper\">\n\t\t\t\t\t<a class=\"elementor-button elementor-button-link elementor-size-sm\" href=\"https:\/\/scan-pork.com\/kontakt\/\">\n\t\t\t\t\t\t<span class=\"elementor-button-content-wrapper\">\n\t\t\t\t\t\t\t\t\t<span class=\"elementor-button-text\">Skontaktuj si\u0119 z nami ju\u017c dzi\u015b<\/span>\n\t\t\t\t\t<\/span>\n\t\t\t\t\t<\/a>\n\t\t\t\t<\/div>\n\t\t\t\t\t\t\t\t<\/div>\n\t\t\t\t<\/div>\n\t\t\t\t<div class=\"elementor-element elementor-element-b48dc6c elementor-align-justify elementor-widget__width-initial scroll border elementor-hidden-mobile elementor-invisible elementor-widget elementor-widget-button\" data-id=\"b48dc6c\" data-element_type=\"widget\" data-e-type=\"widget\" data-settings=\"{&quot;_animation&quot;:&quot;fadeIn&quot;,&quot;_animation_delay&quot;:2000}\" data-widget_type=\"button.default\">\n\t\t\t\t<div class=\"elementor-widget-container\">\n\t\t\t\t\t\t\t\t\t<div class=\"elementor-button-wrapper\">\n\t\t\t\t\t<a class=\"elementor-button elementor-button-link elementor-size-sm\" href=\"#\">\n\t\t\t\t\t\t<span class=\"elementor-button-content-wrapper\">\n\t\t\t\t\t\t\t\t\t<span class=\"elementor-button-text\">Przeczytaj wi\u0119cej<\/span>\n\t\t\t\t\t<\/span>\n\t\t\t\t\t<\/a>\n\t\t\t\t<\/div>\n\t\t\t\t\t\t\t\t<\/div>\n\t\t\t\t<\/div>\n\t\t\t\t<\/div>\n\t\t\t\t\t<\/div>\n\t\t\t\t<\/div>\n\t\t<div class=\"elementor-element elementor-element-1d1a001d e-flex e-con-boxed e-con e-parent\" data-id=\"1d1a001d\" data-element_type=\"container\" data-e-type=\"container\">\n\t\t\t\t\t<div class=\"e-con-inner\">\n\t\t<div class=\"elementor-element elementor-element-411cffcb e-con-full e-flex e-con e-child\" data-id=\"411cffcb\" data-element_type=\"container\" data-e-type=\"container\">\n\t\t\t\t<div class=\"elementor-element elementor-element-594d292 elementor-widget elementor-widget-text-editor\" data-id=\"594d292\" data-element_type=\"widget\" data-e-type=\"widget\" data-widget_type=\"text-editor.default\">\n\t\t\t\t<div class=\"elementor-widget-container\">\n\t\t\t\t\t\t\t\t\t<h2>Prosi\u0119ta<\/h2><p>W ci\u0105gu ostatnich 20 lat wyspecjalizowali\u015bmy si\u0119 w sprzeda\u017cy wysokiej jako\u015bci prosi\u0105t na rynki eksportowe w Europie. W ten spos\u00f3b zapewniane s\u0105 zar\u00f3wno kupuj\u0105cym, jak i sprzedaj\u0105cym mo\u017cliwo\u015bci optymalizacji zysk\u00f3w i wynik\u00f3w produkcyjnych &#8211; nasi zagraniczni klienci ceni\u0105 sobie ogromn\u0105 przewag\u0119 genetyczn\u0105 du\u0144skich \u015bwi\u0144, a nasi du\u0144scy rolnicy zyskuj\u0105 mo\u017cliwo\u015b\u0107 sprzeda\u017cy \u015bwi\u0144 na rynku europejskim z korzy\u015bciami, jakie to niesie.<\/p><p>W celu zapewnienia jak najlepszego przebiegu handlu jeste\u015bmy zawsze obecni na miejscu podczas prze\u0142adunku trzody chlewnej do pojazd\u00f3w, kt\u00f3rymi odbywa si\u0119 eksport \u2013 to gwarancja pozwalaj\u0105ca unikn\u0105\u0107 b\u0142\u0119d\u00f3w i nieporozumie\u0144 w zakresie oceny liczby, jako\u015bci trzody itp. B\u0119d\u0105c powa\u017cnym graczem na rynku, priorytetowo tratujemy zapewnienie, aby obie strony mog\u0142y na nas polega\u0107 \u2013 dlatego bardzo dbamy o sprawny przebieg w\u0142a\u015bnie tego etapu procesu \u2013 to dla Pa\u0144stwa gwarancja doskona\u0142ego obrotu handlowego!<\/p><p>Rynek obrotu prosi\u0119tami prze\u017cywa intensywny rozw\u00f3j. Pragniemy wykorzysta\u0107 ten potencja\u0142, by rozwija\u0107 nasze dobre relacje tak, aby\u015bmy stale mogli zaspokaja\u0107 potrzeby naszych klient\u00f3w w zakresie obrotu wysokiej jako\u015bci prosi\u0119tami. Dlatego zach\u0119camy ka\u017cdego hodowc\u0119 \u015bwi\u0144 na sprzeda\u017c lub planuj\u0105cego ich nabycie do kontaktu ze Scan-Pork!<\/p>\t\t\t\t\t\t\t\t<\/div>\n\t\t\t\t<\/div>\n\t\t\t\t<\/div>\n\t\t<div class=\"elementor-element elementor-element-4b11297b e-con-full e-flex e-con e-child\" data-id=\"4b11297b\" data-element_type=\"container\" data-e-type=\"container\">\n\t\t\t\t<div class=\"elementor-element elementor-element-4fa67fe0 dark elementor-widget elementor-widget-sidebar\" data-id=\"4fa67fe0\" data-element_type=\"widget\" data-e-type=\"widget\" data-widget_type=\"sidebar.default\">\n\t\t\t\t<div class=\"elementor-widget-container\">\n\t\t\t\t\t<aside id=\"text-14\" class=\"widget-odd widget-7 widget inner-padding widget_text\"><h2 class=\"widget-title\">Chcesz us\u0142ysze\u0107 wi\u0119cej?<\/h2>\t\t\t<div class=\"textwidget\"><p>Wype\u0142nij formularz, a my skontaktujemy si\u0119 z Tob\u0105 tak szybko, jak to mo\u017cliwe.<\/p>\n<\/div>\n\t\t<\/aside><aside id=\"forminator_widget-6\" class=\"widget-even widget-last widget-8 widget inner-padding widget_forminator_widget\"><form id=\"forminator-module-8806\" class=\"forminator-custom-form forminator-custom-form-8806\" method=\"post\" data-forminator-render=\"0\" data-uid=\"69e958076e56c\"><div role=\"alert\" aria-live=\"polite\" class=\"forminator-response-message forminator-error\" aria-hidden=\"true\"><\/div><\/form><\/aside>\t\t\t\t<\/div>\n\t\t\t\t<\/div>\n\t\t\t\t<\/div>\n\t\t\t\t\t<\/div>\n\t\t\t\t<\/div>\n\t\t<div class=\"elementor-element elementor-element-4dbb47a8 light e-flex e-con-boxed e-con e-parent\" data-id=\"4dbb47a8\" data-element_type=\"container\" data-e-type=\"container\">\n\t\t\t\t\t<div class=\"e-con-inner\">\n\t\t\t\t<div class=\"elementor-element elementor-element-2a5962b6 elementor-widget elementor-widget-gallery\" data-id=\"2a5962b6\" data-element_type=\"widget\" data-e-type=\"widget\" data-settings=\"{&quot;gap&quot;:{&quot;unit&quot;:&quot;px&quot;,&quot;size&quot;:30,&quot;sizes&quot;:[]},&quot;aspect_ratio&quot;:&quot;4:3&quot;,&quot;columns_tablet&quot;:3,&quot;columns_mobile&quot;:2,&quot;gap_tablet&quot;:{&quot;unit&quot;:&quot;px&quot;,&quot;size&quot;:15,&quot;sizes&quot;:[]},&quot;gap_mobile&quot;:{&quot;unit&quot;:&quot;px&quot;,&quot;size&quot;:15,&quot;sizes&quot;:[]},&quot;lazyload&quot;:&quot;yes&quot;,&quot;gallery_layout&quot;:&quot;grid&quot;,&quot;columns&quot;:4,&quot;gap_laptop&quot;:{&quot;unit&quot;:&quot;px&quot;,&quot;size&quot;:10,&quot;sizes&quot;:[]},&quot;link_to&quot;:&quot;file&quot;,&quot;content_hover_animation&quot;:&quot;fade-in&quot;}\" data-widget_type=\"gallery.default\">\n\t\t\t\t<div class=\"elementor-widget-container\">\n\t\t\t\t\t\t\t<div class=\"elementor-gallery__container\">\n\t\t\t\t\t\t\t<a class=\"e-gallery-item elementor-gallery-item elementor-animated-content\" href=\"https:\/\/scan-pork.com\/wp-content\/uploads\/2024\/09\/1000007428-scaled.jpg\" data-elementor-open-lightbox=\"yes\" data-elementor-lightbox-slideshow=\"2a5962b6\" data-e-action-hash=\"#elementor-action%3Aaction%3Dlightbox%26settings%3DeyJpZCI6ODk1MCwidXJsIjoiaHR0cHM6XC9cL3NjYW4tcG9yay5jb21cL3dwLWNvbnRlbnRcL3VwbG9hZHNcLzIwMjRcLzA5XC8xMDAwMDA3NDI4LXNjYWxlZC5qcGciLCJzbGlkZXNob3ciOiIyYTU5NjJiNiJ9\">\n\t\t\t\t\t<div class=\"e-gallery-image elementor-gallery-item__image\" data-thumbnail=\"https:\/\/scan-pork.com\/wp-content\/uploads\/2024\/09\/1000007428-scaled.jpg\" data-width=\"2048\" data-height=\"1536\" aria-label=\"\" role=\"img\" ><\/div>\n\t\t\t\t\t\t\t\t\t\t\t\t\t\t<\/a>\n\t\t\t\t\t\t\t<a class=\"e-gallery-item elementor-gallery-item elementor-animated-content\" href=\"https:\/\/scan-pork.com\/wp-content\/uploads\/2024\/09\/1000007438-scaled.jpg\" data-elementor-open-lightbox=\"yes\" data-elementor-lightbox-slideshow=\"2a5962b6\" data-e-action-hash=\"#elementor-action%3Aaction%3Dlightbox%26settings%3DeyJpZCI6ODk0NiwidXJsIjoiaHR0cHM6XC9cL3NjYW4tcG9yay5jb21cL3dwLWNvbnRlbnRcL3VwbG9hZHNcLzIwMjRcLzA5XC8xMDAwMDA3NDM4LXNjYWxlZC5qcGciLCJzbGlkZXNob3ciOiIyYTU5NjJiNiJ9\">\n\t\t\t\t\t<div class=\"e-gallery-image elementor-gallery-item__image\" data-thumbnail=\"https:\/\/scan-pork.com\/wp-content\/uploads\/2024\/09\/1000007438-scaled.jpg\" data-width=\"2048\" data-height=\"1536\" aria-label=\"\" role=\"img\" ><\/div>\n\t\t\t\t\t\t\t\t\t\t\t\t\t\t<\/a>\n\t\t\t\t\t\t\t<a class=\"e-gallery-item elementor-gallery-item elementor-animated-content\" href=\"https:\/\/scan-pork.com\/wp-content\/uploads\/2024\/09\/1000007439-scaled.jpg\" data-elementor-open-lightbox=\"yes\" data-elementor-lightbox-slideshow=\"2a5962b6\" data-e-action-hash=\"#elementor-action%3Aaction%3Dlightbox%26settings%3DeyJpZCI6ODk0MiwidXJsIjoiaHR0cHM6XC9cL3NjYW4tcG9yay5jb21cL3dwLWNvbnRlbnRcL3VwbG9hZHNcLzIwMjRcLzA5XC8xMDAwMDA3NDM5LXNjYWxlZC5qcGciLCJzbGlkZXNob3ciOiIyYTU5NjJiNiJ9\">\n\t\t\t\t\t<div class=\"e-gallery-image elementor-gallery-item__image\" data-thumbnail=\"https:\/\/scan-pork.com\/wp-content\/uploads\/2024\/09\/1000007439-scaled.jpg\" data-width=\"2048\" data-height=\"1536\" aria-label=\"\" role=\"img\" ><\/div>\n\t\t\t\t\t\t\t\t\t\t\t\t\t\t<\/a>\n\t\t\t\t\t\t\t<a class=\"e-gallery-item elementor-gallery-item elementor-animated-content\" href=\"https:\/\/scan-pork.com\/wp-content\/uploads\/2024\/09\/1000007441-scaled.jpg\" data-elementor-open-lightbox=\"yes\" data-elementor-lightbox-slideshow=\"2a5962b6\" data-e-action-hash=\"#elementor-action%3Aaction%3Dlightbox%26settings%3DeyJpZCI6ODkzOCwidXJsIjoiaHR0cHM6XC9cL3NjYW4tcG9yay5jb21cL3dwLWNvbnRlbnRcL3VwbG9hZHNcLzIwMjRcLzA5XC8xMDAwMDA3NDQxLXNjYWxlZC5qcGciLCJzbGlkZXNob3ciOiIyYTU5NjJiNiJ9\">\n\t\t\t\t\t<div class=\"e-gallery-image elementor-gallery-item__image\" data-thumbnail=\"https:\/\/scan-pork.com\/wp-content\/uploads\/2024\/09\/1000007441-scaled.jpg\" data-width=\"2048\" data-height=\"1536\" aria-label=\"\" role=\"img\" ><\/div>\n\t\t\t\t\t\t\t\t\t\t\t\t\t\t<\/a>\n\t\t\t\t\t\t\t<a class=\"e-gallery-item elementor-gallery-item elementor-animated-content\" href=\"https:\/\/scan-pork.com\/wp-content\/uploads\/2024\/09\/1000007406-scaled.jpg\" data-elementor-open-lightbox=\"yes\" data-elementor-lightbox-slideshow=\"2a5962b6\" data-e-action-hash=\"#elementor-action%3Aaction%3Dlightbox%26settings%3DeyJpZCI6ODkzNCwidXJsIjoiaHR0cHM6XC9cL3NjYW4tcG9yay5jb21cL3dwLWNvbnRlbnRcL3VwbG9hZHNcLzIwMjRcLzA5XC8xMDAwMDA3NDA2LXNjYWxlZC5qcGciLCJzbGlkZXNob3ciOiIyYTU5NjJiNiJ9\">\n\t\t\t\t\t<div class=\"e-gallery-image elementor-gallery-item__image\" data-thumbnail=\"https:\/\/scan-pork.com\/wp-content\/uploads\/2024\/09\/1000007406-scaled.jpg\" data-width=\"2048\" data-height=\"1536\" aria-label=\"\" role=\"img\" ><\/div>\n\t\t\t\t\t\t\t\t\t\t\t\t\t\t<\/a>\n\t\t\t\t\t\t\t<a class=\"e-gallery-item elementor-gallery-item elementor-animated-content\" href=\"https:\/\/scan-pork.com\/wp-content\/uploads\/2024\/09\/1000007409-scaled.jpg\" data-elementor-open-lightbox=\"yes\" data-elementor-lightbox-slideshow=\"2a5962b6\" data-e-action-hash=\"#elementor-action%3Aaction%3Dlightbox%26settings%3DeyJpZCI6ODkzMCwidXJsIjoiaHR0cHM6XC9cL3NjYW4tcG9yay5jb21cL3dwLWNvbnRlbnRcL3VwbG9hZHNcLzIwMjRcLzA5XC8xMDAwMDA3NDA5LXNjYWxlZC5qcGciLCJzbGlkZXNob3ciOiIyYTU5NjJiNiJ9\">\n\t\t\t\t\t<div class=\"e-gallery-image elementor-gallery-item__image\" data-thumbnail=\"https:\/\/scan-pork.com\/wp-content\/uploads\/2024\/09\/1000007409-scaled.jpg\" data-width=\"2048\" data-height=\"1536\" aria-label=\"\" role=\"img\" ><\/div>\n\t\t\t\t\t\t\t\t\t\t\t\t\t\t<\/a>\n\t\t\t\t\t\t\t<a class=\"e-gallery-item elementor-gallery-item elementor-animated-content\" href=\"https:\/\/scan-pork.com\/wp-content\/uploads\/2024\/09\/1000007410-scaled.jpg\" data-elementor-open-lightbox=\"yes\" data-elementor-lightbox-slideshow=\"2a5962b6\" data-e-action-hash=\"#elementor-action%3Aaction%3Dlightbox%26settings%3DeyJpZCI6ODkyNiwidXJsIjoiaHR0cHM6XC9cL3NjYW4tcG9yay5jb21cL3dwLWNvbnRlbnRcL3VwbG9hZHNcLzIwMjRcLzA5XC8xMDAwMDA3NDEwLXNjYWxlZC5qcGciLCJzbGlkZXNob3ciOiIyYTU5NjJiNiJ9\">\n\t\t\t\t\t<div class=\"e-gallery-image elementor-gallery-item__image\" data-thumbnail=\"https:\/\/scan-pork.com\/wp-content\/uploads\/2024\/09\/1000007410-scaled.jpg\" data-width=\"2048\" data-height=\"1536\" aria-label=\"\" role=\"img\" ><\/div>\n\t\t\t\t\t\t\t\t\t\t\t\t\t\t<\/a>\n\t\t\t\t\t\t\t<a class=\"e-gallery-item elementor-gallery-item elementor-animated-content\" href=\"https:\/\/scan-pork.com\/wp-content\/uploads\/2024\/09\/1000007414-scaled.jpg\" data-elementor-open-lightbox=\"yes\" data-elementor-lightbox-slideshow=\"2a5962b6\" data-e-action-hash=\"#elementor-action%3Aaction%3Dlightbox%26settings%3DeyJpZCI6ODkyMiwidXJsIjoiaHR0cHM6XC9cL3NjYW4tcG9yay5jb21cL3dwLWNvbnRlbnRcL3VwbG9hZHNcLzIwMjRcLzA5XC8xMDAwMDA3NDE0LXNjYWxlZC5qcGciLCJzbGlkZXNob3ciOiIyYTU5NjJiNiJ9\">\n\t\t\t\t\t<div class=\"e-gallery-image elementor-gallery-item__image\" data-thumbnail=\"https:\/\/scan-pork.com\/wp-content\/uploads\/2024\/09\/1000007414-scaled.jpg\" data-width=\"2048\" data-height=\"1536\" aria-label=\"\" role=\"img\" ><\/div>\n\t\t\t\t\t\t\t\t\t\t\t\t\t\t<\/a>\n\t\t\t\t\t<\/div>\n\t\t\t\t\t<\/div>\n\t\t\t\t<\/div>\n\t\t\t\t\t<\/div>\n\t\t\t\t<\/div>\n\t\t<div class=\"elementor-element elementor-element-532b51c white e-flex e-con-boxed e-con e-parent\" data-id=\"532b51c\" data-element_type=\"container\" data-e-type=\"container\" data-settings=\"{&quot;background_background&quot;:&quot;classic&quot;}\">\n\t\t\t\t\t<div class=\"e-con-inner\">\n\t\t\t\t<div class=\"elementor-element elementor-element-ddf7624 elementor-widget__width-initial cta-box elementor-widget elementor-widget-text-editor\" data-id=\"ddf7624\" data-element_type=\"widget\" data-e-type=\"widget\" data-widget_type=\"text-editor.default\">\n\t\t\t\t<div class=\"elementor-widget-container\">\n\t\t\t\t\t\t\t\t\t<h6 style=\"text-align: left;\">Skontaktuj si\u0119 z nami ju\u017c dzi\u015b<\/h6><h3 style=\"text-align: left;\">Chcesz wiedzie\u0107 wi\u0119cej?<\/h3><p style=\"text-align: left;\">Je\u015bli na naszej stronie internetowej nie znajdziesz wystarczaj\u0105cych informacji na temat \u017c\u0105danego zadania, zawsze mo\u017cesz si\u0119 z nami skontaktowa\u0107.<\/p><p style=\"text-align: left;\">Zadzwo\u0144 do nas telefonicznie <a href=\"tel:22321240\">(+45) 22 32 12 40<\/a> lub wy\u015blij e-mail na adres <a href=\"mailto:tj@scan-pork.com\">tj@scan-pork.com<\/a>. Vi besvarer din henvendelse hurtigst muligt.<\/p>\t\t\t\t\t\t\t\t<\/div>\n\t\t\t\t<\/div>\n\t\t\t\t<div class=\"elementor-element elementor-element-d63ca8b elementor-align-left cta elementor-widget elementor-widget-button\" data-id=\"d63ca8b\" data-element_type=\"widget\" data-e-type=\"widget\" data-widget_type=\"button.default\">\n\t\t\t\t<div class=\"elementor-widget-container\">\n\t\t\t\t\t\t\t\t\t<div class=\"elementor-button-wrapper\">\n\t\t\t\t\t<a class=\"elementor-button elementor-button-link elementor-size-sm\" href=\"https:\/\/scan-pork.com\/kontakt\/\">\n\t\t\t\t\t\t<span class=\"elementor-button-content-wrapper\">\n\t\t\t\t\t\t\t\t\t<span class=\"elementor-button-text\">Skontaktuj si\u0119 z nami ju\u017c dzi\u015b<\/span>\n\t\t\t\t\t<\/span>\n\t\t\t\t\t<\/a>\n\t\t\t\t<\/div>\n\t\t\t\t\t\t\t\t<\/div>\n\t\t\t\t<\/div>\n\t\t\t\t\t<\/div>\n\t\t\t\t<\/div>\n\t\t\t\t<\/div>\n\t\t","protected":false},"excerpt":{"rendered":"<p>Scan-Pork zapewnia bezpiecze\u0144stwo i skuteczno\u015b\u0107<\/p>\n","protected":false},"author":8,"featured_media":8938,"parent":0,"menu_order":1003,"comment_status":"closed","ping_status":"closed","template":"","meta":{"_acf_changed":false,"footnotes":""},"categories":[],"class_list":["post-8750","page","type-page","status-publish","has-post-thumbnail"],"acf":[],"yoast_head":"<!-- This site is optimized with the Yoast SEO plugin v27.4 - https:\/\/yoast.com\/product\/yoast-seo-wordpress\/ -->\n<title>Eksport wysokiej jako\u015bci prosi\u0105t | Scan-Pork A\/S<\/title>\n<meta name=\"robots\" content=\"index, follow, max-snippet:-1, max-image-preview:large, max-video-preview:-1\" \/>\n<link rel=\"canonical\" href=\"https:\/\/scan-pork.com\/smaagrise\/\" \/>\n<meta property=\"og:locale\" content=\"pl_PL\" \/>\n<meta property=\"og:type\" content=\"article\" \/>\n<meta property=\"og:title\" content=\"Eksport wysokiej jako\u015bci prosi\u0105t | Scan-Pork A\/S\" \/>\n<meta property=\"og:description\" content=\"Scan-Pork zapewnia bezpiecze\u0144stwo i skuteczno\u015b\u0107\" \/>\n<meta property=\"og:url\" content=\"https:\/\/scan-pork.com\/smaagrise\/\" \/>\n<meta property=\"og:site_name\" content=\"Scan-Pork A\/S\" \/>\n<meta property=\"article:modified_time\" content=\"2024-12-20T12:54:48+00:00\" \/>\n<meta property=\"og:image\" content=\"https:\/\/scan-pork.com\/wp-content\/uploads\/2024\/09\/1000007441-scaled.jpg\" \/>\n\t<meta property=\"og:image:width\" content=\"2048\" \/>\n\t<meta property=\"og:image:height\" content=\"1536\" \/>\n\t<meta property=\"og:image:type\" content=\"image\/jpeg\" \/>\n<meta name=\"twitter:card\" content=\"summary_large_image\" \/>\n<meta name=\"twitter:label1\" content=\"Szacowany czas czytania\" \/>\n\t<meta name=\"twitter:data1\" content=\"1 minuta\" \/>\n<script type=\"application\/ld+json\" class=\"yoast-schema-graph\">{\"@context\":\"https:\\\/\\\/schema.org\",\"@graph\":[{\"@type\":\"WebPage\",\"@id\":\"https:\\\/\\\/scan-pork.com\\\/smaagrise\\\/\",\"url\":\"https:\\\/\\\/scan-pork.com\\\/smaagrise\\\/\",\"name\":\"Eksport wysokiej jako\u015bci prosi\u0105t | Scan-Pork A\\\/S\",\"isPartOf\":{\"@id\":\"https:\\\/\\\/scan-pork.com\\\/#website\"},\"primaryImageOfPage\":{\"@id\":\"https:\\\/\\\/scan-pork.com\\\/smaagrise\\\/#primaryimage\"},\"image\":{\"@id\":\"https:\\\/\\\/scan-pork.com\\\/smaagrise\\\/#primaryimage\"},\"thumbnailUrl\":\"https:\\\/\\\/scan-pork.com\\\/wp-content\\\/uploads\\\/2024\\\/09\\\/1000007441-scaled.jpg\",\"datePublished\":\"2024-02-28T08:57:30+00:00\",\"dateModified\":\"2024-12-20T12:54:48+00:00\",\"breadcrumb\":{\"@id\":\"https:\\\/\\\/scan-pork.com\\\/smaagrise\\\/#breadcrumb\"},\"inLanguage\":\"pl-PL\",\"potentialAction\":[{\"@type\":\"ReadAction\",\"target\":[\"https:\\\/\\\/scan-pork.com\\\/smaagrise\\\/\"]}]},{\"@type\":\"ImageObject\",\"inLanguage\":\"pl-PL\",\"@id\":\"https:\\\/\\\/scan-pork.com\\\/smaagrise\\\/#primaryimage\",\"url\":\"https:\\\/\\\/scan-pork.com\\\/wp-content\\\/uploads\\\/2024\\\/09\\\/1000007441-scaled.jpg\",\"contentUrl\":\"https:\\\/\\\/scan-pork.com\\\/wp-content\\\/uploads\\\/2024\\\/09\\\/1000007441-scaled.jpg\",\"width\":2048,\"height\":1536},{\"@type\":\"BreadcrumbList\",\"@id\":\"https:\\\/\\\/scan-pork.com\\\/smaagrise\\\/#breadcrumb\",\"itemListElement\":[{\"@type\":\"ListItem\",\"position\":1,\"name\":\"Forside\",\"item\":\"https:\\\/\\\/scan-pork.com\\\/\"},{\"@type\":\"ListItem\",\"position\":2,\"name\":\"Eksport wysokiej jako\u015bci prosi\u0105t\"}]},{\"@type\":\"WebSite\",\"@id\":\"https:\\\/\\\/scan-pork.com\\\/#website\",\"url\":\"https:\\\/\\\/scan-pork.com\\\/\",\"name\":\"Scan-Pork A\\\/S\",\"description\":\"Specialister i salg af sm\u00e5grise\",\"publisher\":{\"@id\":\"https:\\\/\\\/scan-pork.com\\\/#organization\"},\"potentialAction\":[{\"@type\":\"SearchAction\",\"target\":{\"@type\":\"EntryPoint\",\"urlTemplate\":\"https:\\\/\\\/scan-pork.com\\\/?s={search_term_string}\"},\"query-input\":{\"@type\":\"PropertyValueSpecification\",\"valueRequired\":true,\"valueName\":\"search_term_string\"}}],\"inLanguage\":\"pl-PL\"},{\"@type\":\"Organization\",\"@id\":\"https:\\\/\\\/scan-pork.com\\\/#organization\",\"name\":\"Scan-Pork A\\\/S\",\"url\":\"https:\\\/\\\/scan-pork.com\\\/\",\"logo\":{\"@type\":\"ImageObject\",\"inLanguage\":\"pl-PL\",\"@id\":\"https:\\\/\\\/scan-pork.com\\\/#\\\/schema\\\/logo\\\/image\\\/\",\"url\":\"https:\\\/\\\/scan-pork.com\\\/wp-content\\\/uploads\\\/2024\\\/11\\\/Scan-Pork-logo@4x.webp\",\"contentUrl\":\"https:\\\/\\\/scan-pork.com\\\/wp-content\\\/uploads\\\/2024\\\/11\\\/Scan-Pork-logo@4x.webp\",\"width\":842,\"height\":919,\"caption\":\"Scan-Pork A\\\/S\"},\"image\":{\"@id\":\"https:\\\/\\\/scan-pork.com\\\/#\\\/schema\\\/logo\\\/image\\\/\"}}]}<\/script>\n<!-- \/ Yoast SEO plugin. -->","yoast_head_json":{"title":"Eksport wysokiej jako\u015bci prosi\u0105t | Scan-Pork A\/S","robots":{"index":"index","follow":"follow","max-snippet":"max-snippet:-1","max-image-preview":"max-image-preview:large","max-video-preview":"max-video-preview:-1"},"canonical":"https:\/\/scan-pork.com\/smaagrise\/","og_locale":"pl_PL","og_type":"article","og_title":"Eksport wysokiej jako\u015bci prosi\u0105t | Scan-Pork A\/S","og_description":"Scan-Pork zapewnia bezpiecze\u0144stwo i skuteczno\u015b\u0107","og_url":"https:\/\/scan-pork.com\/smaagrise\/","og_site_name":"Scan-Pork A\/S","article_modified_time":"2024-12-20T12:54:48+00:00","og_image":[{"width":2048,"height":1536,"url":"https:\/\/scan-pork.com\/wp-content\/uploads\/2024\/09\/1000007441-scaled.jpg","type":"image\/jpeg"}],"twitter_card":"summary_large_image","twitter_misc":{"Szacowany czas czytania":"1 minuta"},"schema":{"@context":"https:\/\/schema.org","@graph":[{"@type":"WebPage","@id":"https:\/\/scan-pork.com\/smaagrise\/","url":"https:\/\/scan-pork.com\/smaagrise\/","name":"Eksport wysokiej jako\u015bci prosi\u0105t | Scan-Pork A\/S","isPartOf":{"@id":"https:\/\/scan-pork.com\/#website"},"primaryImageOfPage":{"@id":"https:\/\/scan-pork.com\/smaagrise\/#primaryimage"},"image":{"@id":"https:\/\/scan-pork.com\/smaagrise\/#primaryimage"},"thumbnailUrl":"https:\/\/scan-pork.com\/wp-content\/uploads\/2024\/09\/1000007441-scaled.jpg","datePublished":"2024-02-28T08:57:30+00:00","dateModified":"2024-12-20T12:54:48+00:00","breadcrumb":{"@id":"https:\/\/scan-pork.com\/smaagrise\/#breadcrumb"},"inLanguage":"pl-PL","potentialAction":[{"@type":"ReadAction","target":["https:\/\/scan-pork.com\/smaagrise\/"]}]},{"@type":"ImageObject","inLanguage":"pl-PL","@id":"https:\/\/scan-pork.com\/smaagrise\/#primaryimage","url":"https:\/\/scan-pork.com\/wp-content\/uploads\/2024\/09\/1000007441-scaled.jpg","contentUrl":"https:\/\/scan-pork.com\/wp-content\/uploads\/2024\/09\/1000007441-scaled.jpg","width":2048,"height":1536},{"@type":"BreadcrumbList","@id":"https:\/\/scan-pork.com\/smaagrise\/#breadcrumb","itemListElement":[{"@type":"ListItem","position":1,"name":"Forside","item":"https:\/\/scan-pork.com\/"},{"@type":"ListItem","position":2,"name":"Eksport wysokiej jako\u015bci prosi\u0105t"}]},{"@type":"WebSite","@id":"https:\/\/scan-pork.com\/#website","url":"https:\/\/scan-pork.com\/","name":"Scan-Pork A\/S","description":"Specialister i salg af sm\u00e5grise","publisher":{"@id":"https:\/\/scan-pork.com\/#organization"},"potentialAction":[{"@type":"SearchAction","target":{"@type":"EntryPoint","urlTemplate":"https:\/\/scan-pork.com\/?s={search_term_string}"},"query-input":{"@type":"PropertyValueSpecification","valueRequired":true,"valueName":"search_term_string"}}],"inLanguage":"pl-PL"},{"@type":"Organization","@id":"https:\/\/scan-pork.com\/#organization","name":"Scan-Pork A\/S","url":"https:\/\/scan-pork.com\/","logo":{"@type":"ImageObject","inLanguage":"pl-PL","@id":"https:\/\/scan-pork.com\/#\/schema\/logo\/image\/","url":"https:\/\/scan-pork.com\/wp-content\/uploads\/2024\/11\/Scan-Pork-logo@4x.webp","contentUrl":"https:\/\/scan-pork.com\/wp-content\/uploads\/2024\/11\/Scan-Pork-logo@4x.webp","width":842,"height":919,"caption":"Scan-Pork A\/S"},"image":{"@id":"https:\/\/scan-pork.com\/#\/schema\/logo\/image\/"}}]}},"_links":{"self":[{"href":"https:\/\/scan-pork.com\/pl\/wp-json\/wp\/v2\/pages\/8750","targetHints":{"allow":["GET"]}}],"collection":[{"href":"https:\/\/scan-pork.com\/pl\/wp-json\/wp\/v2\/pages"}],"about":[{"href":"https:\/\/scan-pork.com\/pl\/wp-json\/wp\/v2\/types\/page"}],"author":[{"embeddable":true,"href":"https:\/\/scan-pork.com\/pl\/wp-json\/wp\/v2\/users\/8"}],"replies":[{"embeddable":true,"href":"https:\/\/scan-pork.com\/pl\/wp-json\/wp\/v2\/comments?post=8750"}],"version-history":[{"count":28,"href":"https:\/\/scan-pork.com\/pl\/wp-json\/wp\/v2\/pages\/8750\/revisions"}],"predecessor-version":[{"id":9872,"href":"https:\/\/scan-pork.com\/pl\/wp-json\/wp\/v2\/pages\/8750\/revisions\/9872"}],"wp:featuredmedia":[{"embeddable":true,"href":"https:\/\/scan-pork.com\/pl\/wp-json\/wp\/v2\/media\/8938"}],"wp:attachment":[{"href":"https:\/\/scan-pork.com\/pl\/wp-json\/wp\/v2\/media?parent=8750"}],"wp:term":[{"taxonomy":"category","embeddable":true,"href":"https:\/\/scan-pork.com\/pl\/wp-json\/wp\/v2\/categories?post=8750"}],"curies":[{"name":"wp","href":"https:\/\/api.w.org\/{rel}","templated":true}]}}