{"id":8741,"date":"2020-02-12T08:51:30","date_gmt":"2020-02-12T07:51:30","guid":{"rendered":"https:\/\/scan-pork.com\/przod\/"},"modified":"2024-12-27T14:44:20","modified_gmt":"2024-12-27T13:44:20","slug":"przod","status":"publish","type":"page","link":"https:\/\/scan-pork.com\/pl\/","title":{"rendered":"Prz\u00f3d"},"content":{"rendered":"\t\t<div data-elementor-type=\"wp-page\" data-elementor-id=\"8741\" class=\"elementor elementor-8741 elementor-15\" data-elementor-post-type=\"page\">\n\t\t\t\t<div class=\"elementor-element elementor-element-1b290ba9 white e-flex e-con-boxed elementor-invisible e-con e-parent\" data-id=\"1b290ba9\" data-element_type=\"container\" data-e-type=\"container\" data-settings=\"{&quot;background_background&quot;:&quot;video&quot;,&quot;background_video_link&quot;:&quot;https:\\\/\\\/gostmediaserviceprod.blob.core.windows.net\\\/asset-c0bb1cb8-4d25-4620-9240-9df79c4c3d70\\\/scanpork_(db)%20(1080p)_1280x720_3400k.mp4&quot;,&quot;animation&quot;:&quot;fadeIn&quot;,&quot;animation_delay&quot;:1000,&quot;background_video_start&quot;:10,&quot;background_play_on_mobile&quot;:&quot;yes&quot;}\">\n\t\t\t\t\t<div class=\"e-con-inner\">\n\t\t<div class=\"elementor-background-video-container\">\n\t\t\t\t\t\t\t<video class=\"elementor-background-video-hosted\" role=\"presentation\" autoplay muted playsinline loop><\/video>\n\t\t\t\t\t<\/div><div class=\"elementor-element elementor-element-dcfd6d3 e-con-full e-flex e-con e-child\" data-id=\"dcfd6d3\" data-element_type=\"container\" data-e-type=\"container\">\n\t\t\t\t<div class=\"elementor-element elementor-element-42e72cd elementor-widget__width-inherit elementor-invisible elementor-widget elementor-widget-heading\" data-id=\"42e72cd\" data-element_type=\"widget\" data-e-type=\"widget\" data-settings=\"{&quot;_animation&quot;:&quot;fadeIn&quot;,&quot;_animation_delay&quot;:1400}\" data-widget_type=\"heading.default\">\n\t\t\t\t<div class=\"elementor-widget-container\">\n\t\t\t\t\t<h3 class=\"elementor-heading-title elementor-size-default\">Specjali\u015bci w sprzeda\u017cy prosi\u0105t<\/h3>\t\t\t\t<\/div>\n\t\t\t\t<\/div>\n\t\t\t\t<div class=\"elementor-element elementor-element-4c71c4c elementor-align-justify elementor-widget__width-initial elementor-invisible elementor-widget elementor-widget-button\" data-id=\"4c71c4c\" data-element_type=\"widget\" data-e-type=\"widget\" data-settings=\"{&quot;_animation&quot;:&quot;fadeIn&quot;,&quot;_animation_delay&quot;:1800}\" data-widget_type=\"button.default\">\n\t\t\t\t<div class=\"elementor-widget-container\">\n\t\t\t\t\t\t\t\t\t<div class=\"elementor-button-wrapper\">\n\t\t\t\t\t<a class=\"elementor-button elementor-button-link elementor-size-sm\" href=\"https:\/\/scan-pork.com\/kontakt\/\">\n\t\t\t\t\t\t<span class=\"elementor-button-content-wrapper\">\n\t\t\t\t\t\t\t\t\t<span class=\"elementor-button-text\">Skontaktuj si\u0119 z nami ju\u017c dzi\u015b<\/span>\n\t\t\t\t\t<\/span>\n\t\t\t\t\t<\/a>\n\t\t\t\t<\/div>\n\t\t\t\t\t\t\t\t<\/div>\n\t\t\t\t<\/div>\n\t\t\t\t<div class=\"elementor-element elementor-element-46ea2dd9 elementor-align-justify elementor-widget__width-initial scroll border elementor-hidden-mobile elementor-invisible elementor-widget elementor-widget-button\" data-id=\"46ea2dd9\" data-element_type=\"widget\" data-e-type=\"widget\" data-settings=\"{&quot;_animation&quot;:&quot;fadeIn&quot;,&quot;_animation_delay&quot;:2000}\" data-widget_type=\"button.default\">\n\t\t\t\t<div class=\"elementor-widget-container\">\n\t\t\t\t\t\t\t\t\t<div class=\"elementor-button-wrapper\">\n\t\t\t\t\t<a class=\"elementor-button elementor-button-link elementor-size-sm\" href=\"#\">\n\t\t\t\t\t\t<span class=\"elementor-button-content-wrapper\">\n\t\t\t\t\t\t\t\t\t<span class=\"elementor-button-text\">Przeczytaj wi\u0119cej<\/span>\n\t\t\t\t\t<\/span>\n\t\t\t\t\t<\/a>\n\t\t\t\t<\/div>\n\t\t\t\t\t\t\t\t<\/div>\n\t\t\t\t<\/div>\n\t\t\t\t<\/div>\n\t\t\t\t\t<\/div>\n\t\t\t\t<\/div>\n\t\t<div class=\"elementor-element elementor-element-71813d90 e-flex e-con-boxed e-con e-parent\" data-id=\"71813d90\" data-element_type=\"container\" data-e-type=\"container\" data-settings=\"{&quot;background_background&quot;:&quot;classic&quot;}\">\n\t\t\t\t\t<div class=\"e-con-inner\">\n\t\t\t\t<div class=\"elementor-element elementor-element-1e3702a0 elementor-widget elementor-widget-text-editor\" data-id=\"1e3702a0\" data-element_type=\"widget\" data-e-type=\"widget\" data-widget_type=\"text-editor.default\">\n\t\t\t\t<div class=\"elementor-widget-container\">\n\t\t\t\t\t\t\t\t\t<p style=\"text-align: left;\">Scan-Pork A\/S<\/p><h1 style=\"text-align: left;\"><span class=\"NormalTextRun SCXW70009563 BCX0\">Scan-<\/span><span class=\"NormalTextRun SCXW70009563 BCX0\">Pork<\/span><span class=\"NormalTextRun SCXW70009563 BCX0\"> \u2013 du\u0144skie do\u015bwiadczenie i jako\u015b\u0107 w eksporcie prosi\u0105t<\/span><\/h1><p style=\"text-align: left;\">Scan-Pork A\/S jest du\u0144sk\u0105 firm\u0105 eksportow\u0105 specjalizuj\u0105c\u0105 si\u0119 w sprzeda\u017cy prosi\u0105t na szybko rozwijaj\u0105cy si\u0119 rynek \u201e\u015bwiatowy\u201d. Dzi\u0119ki 20-letniemu do\u015bwiadczeniu w sprzeda\u017cy prosi\u0105t i 30-letniemu do\u015bwiadczeniu w du\u0144skim rolnictwie, jest dzi\u015b uwa\u017cany za jednego z powa\u017cnych eksporter\u00f3w w Danii. Naszymi g\u0142\u00f3wnymi obszarami dzia\u0142alno\u015bci jest handel prosi\u0119tami, lochami oraz doradztwo rolnicze. Prosi\u0119ta i lochy skupujemy w Danii i odsprzedajemy na najbardziej lukratywnych rynkach w Europie, z korzy\u015bci\u0105 dla naszych du\u0144skich producent\u00f3w<\/p>\t\t\t\t\t\t\t\t<\/div>\n\t\t\t\t<\/div>\n\t\t\t\t<div class=\"elementor-element elementor-element-4c6ea5c elementor-widget elementor-widget-gallery\" data-id=\"4c6ea5c\" data-element_type=\"widget\" data-e-type=\"widget\" data-settings=\"{&quot;aspect_ratio&quot;:&quot;1:1&quot;,&quot;lazyload&quot;:&quot;yes&quot;,&quot;gallery_layout&quot;:&quot;grid&quot;,&quot;columns&quot;:4,&quot;columns_tablet&quot;:2,&quot;columns_mobile&quot;:1,&quot;gap&quot;:{&quot;unit&quot;:&quot;px&quot;,&quot;size&quot;:10,&quot;sizes&quot;:[]},&quot;gap_laptop&quot;:{&quot;unit&quot;:&quot;px&quot;,&quot;size&quot;:10,&quot;sizes&quot;:[]},&quot;gap_tablet&quot;:{&quot;unit&quot;:&quot;px&quot;,&quot;size&quot;:10,&quot;sizes&quot;:[]},&quot;gap_mobile&quot;:{&quot;unit&quot;:&quot;px&quot;,&quot;size&quot;:10,&quot;sizes&quot;:[]},&quot;link_to&quot;:&quot;file&quot;,&quot;content_hover_animation&quot;:&quot;fade-in&quot;}\" data-widget_type=\"gallery.default\">\n\t\t\t\t<div class=\"elementor-widget-container\">\n\t\t\t\t\t\t\t<div class=\"elementor-gallery__container\">\n\t\t\t\t\t\t\t<a class=\"e-gallery-item elementor-gallery-item elementor-animated-content\" href=\"https:\/\/scan-pork.com\/wp-content\/uploads\/2024\/12\/1000007428-scaled-1-1.jpg\" data-elementor-open-lightbox=\"yes\" data-elementor-lightbox-slideshow=\"4c6ea5c\" data-e-action-hash=\"#elementor-action%3Aaction%3Dlightbox%26settings%3DeyJpZCI6OTk1NSwidXJsIjoiaHR0cHM6XC9cL3NjYW4tcG9yay5jb21cL3dwLWNvbnRlbnRcL3VwbG9hZHNcLzIwMjRcLzEyXC8xMDAwMDA3NDI4LXNjYWxlZC0xLTEuanBnIiwic2xpZGVzaG93IjoiNGM2ZWE1YyJ9\">\n\t\t\t\t\t<div class=\"e-gallery-image elementor-gallery-item__image\" data-thumbnail=\"https:\/\/scan-pork.com\/wp-content\/uploads\/2024\/12\/1000007428-scaled-1-1.jpg\" data-width=\"2048\" data-height=\"1536\" aria-label=\"\" role=\"img\" ><\/div>\n\t\t\t\t\t\t\t\t\t\t\t\t\t\t<\/a>\n\t\t\t\t\t\t\t<a class=\"e-gallery-item elementor-gallery-item elementor-animated-content\" href=\"https:\/\/scan-pork.com\/wp-content\/uploads\/2024\/12\/1000007438-scaled-1-1.jpg\" data-elementor-open-lightbox=\"yes\" data-elementor-lightbox-slideshow=\"4c6ea5c\" data-e-action-hash=\"#elementor-action%3Aaction%3Dlightbox%26settings%3DeyJpZCI6OTk1OSwidXJsIjoiaHR0cHM6XC9cL3NjYW4tcG9yay5jb21cL3dwLWNvbnRlbnRcL3VwbG9hZHNcLzIwMjRcLzEyXC8xMDAwMDA3NDM4LXNjYWxlZC0xLTEuanBnIiwic2xpZGVzaG93IjoiNGM2ZWE1YyJ9\">\n\t\t\t\t\t<div class=\"e-gallery-image elementor-gallery-item__image\" data-thumbnail=\"https:\/\/scan-pork.com\/wp-content\/uploads\/2024\/12\/1000007438-scaled-1-1.jpg\" data-width=\"2048\" data-height=\"1536\" aria-label=\"\" role=\"img\" ><\/div>\n\t\t\t\t\t\t\t\t\t\t\t\t\t\t<\/a>\n\t\t\t\t\t\t\t<a class=\"e-gallery-item elementor-gallery-item elementor-animated-content\" href=\"https:\/\/scan-pork.com\/wp-content\/uploads\/2024\/12\/1000007439-scaled-1-1.jpg\" data-elementor-open-lightbox=\"yes\" data-elementor-lightbox-slideshow=\"4c6ea5c\" data-e-action-hash=\"#elementor-action%3Aaction%3Dlightbox%26settings%3DeyJpZCI6OTk2MywidXJsIjoiaHR0cHM6XC9cL3NjYW4tcG9yay5jb21cL3dwLWNvbnRlbnRcL3VwbG9hZHNcLzIwMjRcLzEyXC8xMDAwMDA3NDM5LXNjYWxlZC0xLTEuanBnIiwic2xpZGVzaG93IjoiNGM2ZWE1YyJ9\">\n\t\t\t\t\t<div class=\"e-gallery-image elementor-gallery-item__image\" data-thumbnail=\"https:\/\/scan-pork.com\/wp-content\/uploads\/2024\/12\/1000007439-scaled-1-1.jpg\" data-width=\"2048\" data-height=\"1536\" aria-label=\"\" role=\"img\" ><\/div>\n\t\t\t\t\t\t\t\t\t\t\t\t\t\t<\/a>\n\t\t\t\t\t\t\t<a class=\"e-gallery-item elementor-gallery-item elementor-animated-content\" href=\"https:\/\/scan-pork.com\/wp-content\/uploads\/2024\/12\/1000007409-scaled-1-1.jpg\" data-elementor-open-lightbox=\"yes\" data-elementor-lightbox-slideshow=\"4c6ea5c\" data-e-action-hash=\"#elementor-action%3Aaction%3Dlightbox%26settings%3DeyJpZCI6OTk2NywidXJsIjoiaHR0cHM6XC9cL3NjYW4tcG9yay5jb21cL3dwLWNvbnRlbnRcL3VwbG9hZHNcLzIwMjRcLzEyXC8xMDAwMDA3NDA5LXNjYWxlZC0xLTEuanBnIiwic2xpZGVzaG93IjoiNGM2ZWE1YyJ9\">\n\t\t\t\t\t<div class=\"e-gallery-image elementor-gallery-item__image\" data-thumbnail=\"https:\/\/scan-pork.com\/wp-content\/uploads\/2024\/12\/1000007409-scaled-1-1.jpg\" data-width=\"2048\" data-height=\"1536\" aria-label=\"\" role=\"img\" ><\/div>\n\t\t\t\t\t\t\t\t\t\t\t\t\t\t<\/a>\n\t\t\t\t\t<\/div>\n\t\t\t\t\t<\/div>\n\t\t\t\t<\/div>\n\t\t\t\t\t<\/div>\n\t\t\t\t<\/div>\n\t\t<div class=\"elementor-element elementor-element-720d3a5e light e-flex e-con-boxed e-con e-parent\" data-id=\"720d3a5e\" data-element_type=\"container\" data-e-type=\"container\">\n\t\t\t\t\t<div class=\"e-con-inner\">\n\t\t<div class=\"elementor-element elementor-element-46adf25e e-con-full round e-flex e-con e-child\" data-id=\"46adf25e\" data-element_type=\"container\" data-e-type=\"container\" data-settings=\"{&quot;background_background&quot;:&quot;classic&quot;}\">\n\t\t<div class=\"elementor-element elementor-element-b7fe893 e-con-full round e-flex e-con e-child\" data-id=\"b7fe893\" data-element_type=\"container\" data-e-type=\"container\" data-settings=\"{&quot;background_background&quot;:&quot;classic&quot;}\">\n\t\t\t\t<\/div>\n\t\t\t\t<\/div>\n\t\t<div class=\"elementor-element elementor-element-f2f4c2e e-con-full e-flex e-con e-child\" data-id=\"f2f4c2e\" data-element_type=\"container\" data-e-type=\"container\">\n\t\t\t\t<div class=\"elementor-element elementor-element-22617323 elementor-widget elementor-widget-text-editor\" data-id=\"22617323\" data-element_type=\"widget\" data-e-type=\"widget\" data-widget_type=\"text-editor.default\">\n\t\t\t\t<div class=\"elementor-widget-container\">\n\t\t\t\t\t\t\t\t\t<h3>Prosi\u0119ta<\/h3>\n<p>W ci\u0105gu ostatnich 20 lat wyspecjalizowali\u015bmy si\u0119 w sprzeda\u017cy wysokiej jako\u015bci prosi\u0105t na rynki eksportowe w Europie. W ten spos\u00f3b zapewniane s\u0105 zar\u00f3wno kupuj\u0105cym, jak i sprzedaj\u0105cym mo\u017cliwo\u015bci optymalizacji zysk\u00f3w i wynik\u00f3w produkcyjnych &#8211; nasi zagraniczni klienci ceni\u0105 sobie ogromn\u0105 przewag\u0119 genetyczn\u0105 du\u0144skich \u015bwi\u0144, a nasi du\u0144scy rolnicy zyskuj\u0105 mo\u017cliwo\u015b\u0107 sprzeda\u017cy \u015bwi\u0144 na rynku europejskim z korzy\u015bciami, jakie to niesie.<\/p>\n\t\t\t\t\t\t\t\t<\/div>\n\t\t\t\t<\/div>\n\t\t\t\t<div class=\"elementor-element elementor-element-e72d16f elementor-widget elementor-widget-button\" data-id=\"e72d16f\" data-element_type=\"widget\" data-e-type=\"widget\" data-widget_type=\"button.default\">\n\t\t\t\t<div class=\"elementor-widget-container\">\n\t\t\t\t\t\t\t\t\t<div class=\"elementor-button-wrapper\">\n\t\t\t\t\t<a class=\"elementor-button elementor-button-link elementor-size-sm\" href=\"https:\/\/scan-pork.com\/smaagrise\/\">\n\t\t\t\t\t\t<span class=\"elementor-button-content-wrapper\">\n\t\t\t\t\t\t\t\t\t<span class=\"elementor-button-text\">Przeczytaj wi\u0119cej o ma\u0142ych \u015bwinkach<\/span>\n\t\t\t\t\t<\/span>\n\t\t\t\t\t<\/a>\n\t\t\t\t<\/div>\n\t\t\t\t\t\t\t\t<\/div>\n\t\t\t\t<\/div>\n\t\t\t\t<\/div>\n\t\t\t\t\t<\/div>\n\t\t\t\t<\/div>\n\t\t<div class=\"elementor-element elementor-element-13d4d44a white e-flex e-con-boxed e-con e-parent\" data-id=\"13d4d44a\" data-element_type=\"container\" data-e-type=\"container\" data-settings=\"{&quot;background_background&quot;:&quot;classic&quot;}\">\n\t\t\t\t\t<div class=\"e-con-inner\">\n\t\t\t\t<div class=\"elementor-element elementor-element-5393a2b5 elementor-widget__width-initial cta-box elementor-widget elementor-widget-text-editor\" data-id=\"5393a2b5\" data-element_type=\"widget\" data-e-type=\"widget\" data-widget_type=\"text-editor.default\">\n\t\t\t\t<div class=\"elementor-widget-container\">\n\t\t\t\t\t\t\t\t\t<h6 style=\"text-align: left;\">Skontaktuj si\u0119 z nami ju\u017c dzi\u015b<\/h6><h3 style=\"text-align: left;\">Chcesz wiedzie\u0107 wi\u0119cej?<\/h3><p style=\"text-align: left;\">Je\u015bli na naszej stronie internetowej nie znajdziesz wystarczaj\u0105cych informacji na temat \u017c\u0105danego zadania, zawsze mo\u017cesz si\u0119 z nami skontaktowa\u0107.<\/p><p style=\"text-align: left;\">Zadzwo\u0144 do nas telefonicznie <a href=\"tel:22321240\">(+45) 22 32 12 40<\/a> lub wy\u015blij e-mail na adres <a href=\"mailto:tj@scan-pork.com\">tj@scan-pork.com<\/a>. Vi besvarer din henvendelse hurtigst muligt.<\/p>\t\t\t\t\t\t\t\t<\/div>\n\t\t\t\t<\/div>\n\t\t\t\t<div class=\"elementor-element elementor-element-23ce6ae6 elementor-align-left cta elementor-widget elementor-widget-button\" data-id=\"23ce6ae6\" data-element_type=\"widget\" data-e-type=\"widget\" data-widget_type=\"button.default\">\n\t\t\t\t<div class=\"elementor-widget-container\">\n\t\t\t\t\t\t\t\t\t<div class=\"elementor-button-wrapper\">\n\t\t\t\t\t<a class=\"elementor-button elementor-button-link elementor-size-sm\" href=\"https:\/\/scan-pork.com\/kontakt\/\">\n\t\t\t\t\t\t<span class=\"elementor-button-content-wrapper\">\n\t\t\t\t\t\t\t\t\t<span class=\"elementor-button-text\">Skontaktuj si\u0119 z nami ju\u017c dzi\u015b<\/span>\n\t\t\t\t\t<\/span>\n\t\t\t\t\t<\/a>\n\t\t\t\t<\/div>\n\t\t\t\t\t\t\t\t<\/div>\n\t\t\t\t<\/div>\n\t\t\t\t\t<\/div>\n\t\t\t\t<\/div>\n\t\t\t\t<\/div>\n\t\t","protected":false},"excerpt":{"rendered":"<p>Specjali\u015bci w sprzeda\u017cy prosi\u0105t Skontaktuj si\u0119 z nami ju\u017c dzi\u015b Przeczytaj wi\u0119cej Scan-Pork A\/S Scan-Pork \u2013 du\u0144skie do\u015bwiadczenie i jako\u015b\u0107 w eksporcie prosi\u0105t Scan-Pork A\/S jest du\u0144sk\u0105 firm\u0105 eksportow\u0105 specjalizuj\u0105c\u0105 si\u0119 w sprzeda\u017cy prosi\u0105t na szybko rozwijaj\u0105cy si\u0119 rynek \u201e\u015bwiatowy\u201d. Dzi\u0119ki 20-letniemu do\u015bwiadczeniu w sprzeda\u017cy prosi\u0105t i 30-letniemu do\u015bwiadczeniu w du\u0144skim rolnictwie, jest dzi\u015b uwa\u017cany &#8230; <a title=\"Prz\u00f3d\" class=\"read-more\" href=\"https:\/\/scan-pork.com\/pl\/\" aria-label=\"Dowiedz si\u0119 wi\u0119cej o Prz\u00f3d\">Czytaj dalej<\/a><\/p>\n","protected":false},"author":1,"featured_media":0,"parent":0,"menu_order":0,"comment_status":"closed","ping_status":"closed","template":"","meta":{"_acf_changed":false,"footnotes":""},"categories":[],"class_list":["post-8741","page","type-page","status-publish"],"acf":[],"yoast_head":"<!-- This site is optimized with the Yoast SEO plugin v27.4 - https:\/\/yoast.com\/product\/yoast-seo-wordpress\/ -->\n<title>Specialister i salg af sm\u00e5grise | Scan-Pork A\/S<\/title>\n<meta name=\"description\" content=\"Specialister i salg af sm\u00e5grise. Skontaktuj si\u0119 z Scan-Pork A\/S ju\u017c dzi\u015b!\" \/>\n<meta name=\"robots\" content=\"index, follow, max-snippet:-1, max-image-preview:large, max-video-preview:-1\" \/>\n<link rel=\"canonical\" href=\"https:\/\/scan-pork.com\/\" \/>\n<meta property=\"og:locale\" content=\"pl_PL\" \/>\n<meta property=\"og:type\" content=\"article\" \/>\n<meta property=\"og:title\" content=\"Specialister i salg af sm\u00e5grise | Scan-Pork A\/S\" \/>\n<meta property=\"og:description\" content=\"Specialister i salg af sm\u00e5grise. Skontaktuj si\u0119 z Scan-Pork A\/S ju\u017c dzi\u015b!\" \/>\n<meta property=\"og:url\" content=\"https:\/\/scan-pork.com\/\" \/>\n<meta property=\"og:site_name\" content=\"Scan-Pork A\/S\" \/>\n<meta property=\"article:modified_time\" content=\"2024-12-27T13:44:20+00:00\" \/>\n<meta name=\"twitter:card\" content=\"summary_large_image\" \/>\n<meta name=\"twitter:label1\" content=\"Szacowany czas czytania\" \/>\n\t<meta name=\"twitter:data1\" content=\"1 minuta\" \/>\n<script type=\"application\/ld+json\" class=\"yoast-schema-graph\">{\"@context\":\"https:\\\/\\\/schema.org\",\"@graph\":[{\"@type\":\"WebPage\",\"@id\":\"https:\\\/\\\/scan-pork.com\\\/\",\"url\":\"https:\\\/\\\/scan-pork.com\\\/\",\"name\":\"Specialister i salg af sm\u00e5grise | Scan-Pork A\\\/S\",\"isPartOf\":{\"@id\":\"https:\\\/\\\/scan-pork.com\\\/#website\"},\"datePublished\":\"2020-02-12T07:51:30+00:00\",\"dateModified\":\"2024-12-27T13:44:20+00:00\",\"description\":\"Specialister i salg af sm\u00e5grise. Skontaktuj si\u0119 z Scan-Pork A\\\/S ju\u017c dzi\u015b!\",\"breadcrumb\":{\"@id\":\"https:\\\/\\\/scan-pork.com\\\/#breadcrumb\"},\"inLanguage\":\"pl-PL\",\"potentialAction\":[{\"@type\":\"ReadAction\",\"target\":[\"https:\\\/\\\/scan-pork.com\\\/\"]}]},{\"@type\":\"BreadcrumbList\",\"@id\":\"https:\\\/\\\/scan-pork.com\\\/#breadcrumb\",\"itemListElement\":[{\"@type\":\"ListItem\",\"position\":1,\"name\":\"Forside\",\"item\":\"https:\\\/\\\/scan-pork.com\\\/\"},{\"@type\":\"ListItem\",\"position\":2,\"name\":\"Prz\u00f3d\"}]},{\"@type\":\"WebSite\",\"@id\":\"https:\\\/\\\/scan-pork.com\\\/#website\",\"url\":\"https:\\\/\\\/scan-pork.com\\\/\",\"name\":\"Scan-Pork A\\\/S\",\"description\":\"Specialister i salg af sm\u00e5grise\",\"publisher\":{\"@id\":\"https:\\\/\\\/scan-pork.com\\\/#organization\"},\"potentialAction\":[{\"@type\":\"SearchAction\",\"target\":{\"@type\":\"EntryPoint\",\"urlTemplate\":\"https:\\\/\\\/scan-pork.com\\\/?s={search_term_string}\"},\"query-input\":{\"@type\":\"PropertyValueSpecification\",\"valueRequired\":true,\"valueName\":\"search_term_string\"}}],\"inLanguage\":\"pl-PL\"},{\"@type\":\"Organization\",\"@id\":\"https:\\\/\\\/scan-pork.com\\\/#organization\",\"name\":\"Scan-Pork A\\\/S\",\"url\":\"https:\\\/\\\/scan-pork.com\\\/\",\"logo\":{\"@type\":\"ImageObject\",\"inLanguage\":\"pl-PL\",\"@id\":\"https:\\\/\\\/scan-pork.com\\\/#\\\/schema\\\/logo\\\/image\\\/\",\"url\":\"https:\\\/\\\/scan-pork.com\\\/wp-content\\\/uploads\\\/2024\\\/11\\\/Scan-Pork-logo@4x.webp\",\"contentUrl\":\"https:\\\/\\\/scan-pork.com\\\/wp-content\\\/uploads\\\/2024\\\/11\\\/Scan-Pork-logo@4x.webp\",\"width\":842,\"height\":919,\"caption\":\"Scan-Pork A\\\/S\"},\"image\":{\"@id\":\"https:\\\/\\\/scan-pork.com\\\/#\\\/schema\\\/logo\\\/image\\\/\"}}]}<\/script>\n<!-- \/ Yoast SEO plugin. -->","yoast_head_json":{"title":"Specialister i salg af sm\u00e5grise | Scan-Pork A\/S","description":"Specialister i salg af sm\u00e5grise. Skontaktuj si\u0119 z Scan-Pork A\/S ju\u017c dzi\u015b!","robots":{"index":"index","follow":"follow","max-snippet":"max-snippet:-1","max-image-preview":"max-image-preview:large","max-video-preview":"max-video-preview:-1"},"canonical":"https:\/\/scan-pork.com\/","og_locale":"pl_PL","og_type":"article","og_title":"Specialister i salg af sm\u00e5grise | Scan-Pork A\/S","og_description":"Specialister i salg af sm\u00e5grise. Skontaktuj si\u0119 z Scan-Pork A\/S ju\u017c dzi\u015b!","og_url":"https:\/\/scan-pork.com\/","og_site_name":"Scan-Pork A\/S","article_modified_time":"2024-12-27T13:44:20+00:00","twitter_card":"summary_large_image","twitter_misc":{"Szacowany czas czytania":"1 minuta"},"schema":{"@context":"https:\/\/schema.org","@graph":[{"@type":"WebPage","@id":"https:\/\/scan-pork.com\/","url":"https:\/\/scan-pork.com\/","name":"Specialister i salg af sm\u00e5grise | Scan-Pork A\/S","isPartOf":{"@id":"https:\/\/scan-pork.com\/#website"},"datePublished":"2020-02-12T07:51:30+00:00","dateModified":"2024-12-27T13:44:20+00:00","description":"Specialister i salg af sm\u00e5grise. Skontaktuj si\u0119 z Scan-Pork A\/S ju\u017c dzi\u015b!","breadcrumb":{"@id":"https:\/\/scan-pork.com\/#breadcrumb"},"inLanguage":"pl-PL","potentialAction":[{"@type":"ReadAction","target":["https:\/\/scan-pork.com\/"]}]},{"@type":"BreadcrumbList","@id":"https:\/\/scan-pork.com\/#breadcrumb","itemListElement":[{"@type":"ListItem","position":1,"name":"Forside","item":"https:\/\/scan-pork.com\/"},{"@type":"ListItem","position":2,"name":"Prz\u00f3d"}]},{"@type":"WebSite","@id":"https:\/\/scan-pork.com\/#website","url":"https:\/\/scan-pork.com\/","name":"Scan-Pork A\/S","description":"Specialister i salg af sm\u00e5grise","publisher":{"@id":"https:\/\/scan-pork.com\/#organization"},"potentialAction":[{"@type":"SearchAction","target":{"@type":"EntryPoint","urlTemplate":"https:\/\/scan-pork.com\/?s={search_term_string}"},"query-input":{"@type":"PropertyValueSpecification","valueRequired":true,"valueName":"search_term_string"}}],"inLanguage":"pl-PL"},{"@type":"Organization","@id":"https:\/\/scan-pork.com\/#organization","name":"Scan-Pork A\/S","url":"https:\/\/scan-pork.com\/","logo":{"@type":"ImageObject","inLanguage":"pl-PL","@id":"https:\/\/scan-pork.com\/#\/schema\/logo\/image\/","url":"https:\/\/scan-pork.com\/wp-content\/uploads\/2024\/11\/Scan-Pork-logo@4x.webp","contentUrl":"https:\/\/scan-pork.com\/wp-content\/uploads\/2024\/11\/Scan-Pork-logo@4x.webp","width":842,"height":919,"caption":"Scan-Pork A\/S"},"image":{"@id":"https:\/\/scan-pork.com\/#\/schema\/logo\/image\/"}}]}},"_links":{"self":[{"href":"https:\/\/scan-pork.com\/pl\/wp-json\/wp\/v2\/pages\/8741","targetHints":{"allow":["GET"]}}],"collection":[{"href":"https:\/\/scan-pork.com\/pl\/wp-json\/wp\/v2\/pages"}],"about":[{"href":"https:\/\/scan-pork.com\/pl\/wp-json\/wp\/v2\/types\/page"}],"author":[{"embeddable":true,"href":"https:\/\/scan-pork.com\/pl\/wp-json\/wp\/v2\/users\/1"}],"replies":[{"embeddable":true,"href":"https:\/\/scan-pork.com\/pl\/wp-json\/wp\/v2\/comments?post=8741"}],"version-history":[{"count":59,"href":"https:\/\/scan-pork.com\/pl\/wp-json\/wp\/v2\/pages\/8741\/revisions"}],"predecessor-version":[{"id":10024,"href":"https:\/\/scan-pork.com\/pl\/wp-json\/wp\/v2\/pages\/8741\/revisions\/10024"}],"wp:attachment":[{"href":"https:\/\/scan-pork.com\/pl\/wp-json\/wp\/v2\/media?parent=8741"}],"wp:term":[{"taxonomy":"category","embeddable":true,"href":"https:\/\/scan-pork.com\/pl\/wp-json\/wp\/v2\/categories?post=8741"}],"curies":[{"name":"wp","href":"https:\/\/api.w.org\/{rel}","templated":true}]}}