{"id":8781,"date":"2024-02-28T09:57:30","date_gmt":"2024-02-28T08:57:30","guid":{"rendered":"https:\/\/scan-pork.com\/ueber-scan-pork\/"},"modified":"2024-12-27T12:24:36","modified_gmt":"2024-12-27T11:24:36","slug":"ueber-scan-pork","status":"publish","type":"page","link":"https:\/\/scan-pork.com\/de\/ueber-scan-pork\/","title":{"rendered":"Kompetenz, Sicherheit und Pr\u00e4senz"},"content":{"rendered":"\t\t<div data-elementor-type=\"wp-page\" data-elementor-id=\"8781\" class=\"elementor elementor-8781 elementor-8466\" data-elementor-post-type=\"page\">\n\t\t\t\t<div class=\"elementor-element elementor-element-0df4801 e-con-full no-padding e-flex e-con e-parent\" data-id=\"0df4801\" data-element_type=\"container\" data-e-type=\"container\" data-settings=\"{&quot;background_background&quot;:&quot;video&quot;}\">\n\t\t<div class=\"elementor-element elementor-element-bb06e7a white e-flex e-con-boxed elementor-invisible e-con e-child\" data-id=\"bb06e7a\" data-element_type=\"container\" data-e-type=\"container\" data-settings=\"{&quot;background_background&quot;:&quot;classic&quot;,&quot;animation&quot;:&quot;fadeIn&quot;,&quot;animation_delay&quot;:1000}\">\n\t\t\t\t\t<div class=\"e-con-inner\">\n\t\t<div class=\"elementor-element elementor-element-f4b7228 e-con-full e-flex e-con e-child\" data-id=\"f4b7228\" data-element_type=\"container\" data-e-type=\"container\">\n\t\t\t\t<div class=\"elementor-element elementor-element-2e7004c elementor-widget__width-inherit elementor-invisible elementor-widget elementor-widget-heading\" data-id=\"2e7004c\" data-element_type=\"widget\" data-e-type=\"widget\" data-settings=\"{&quot;_animation&quot;:&quot;fadeIn&quot;,&quot;_animation_delay&quot;:1400}\" data-widget_type=\"heading.default\">\n\t\t\t\t<div class=\"elementor-widget-container\">\n\t\t\t\t\t<h1 class=\"elementor-heading-title elementor-size-default\">Kompetenz, Sicherheit und Pr\u00e4senz<\/h1>\t\t\t\t<\/div>\n\t\t\t\t<\/div>\n\t\t\t\t<div class=\"elementor-element elementor-element-f36d65f elementor-widget__width-inherit elementor-invisible elementor-widget elementor-widget-heading\" data-id=\"f36d65f\" data-element_type=\"widget\" data-e-type=\"widget\" data-settings=\"{&quot;_animation&quot;:&quot;fadeIn&quot;,&quot;_animation_delay&quot;:1400}\" data-widget_type=\"heading.default\">\n\t\t\t\t<div class=\"elementor-widget-container\">\n\t\t\t\t\t<h1 class=\"elementor-heading-title elementor-size-default\">Ihre Garantie f\u00fcr einen erfolgreichen Handel mit Scan-Pork<\/h1>\t\t\t\t<\/div>\n\t\t\t\t<\/div>\n\t\t\t\t<div class=\"elementor-element elementor-element-d1f8b81 elementor-align-justify elementor-widget__width-initial elementor-invisible elementor-widget elementor-widget-button\" data-id=\"d1f8b81\" data-element_type=\"widget\" data-e-type=\"widget\" data-settings=\"{&quot;_animation&quot;:&quot;fadeIn&quot;,&quot;_animation_delay&quot;:1800}\" data-widget_type=\"button.default\">\n\t\t\t\t<div class=\"elementor-widget-container\">\n\t\t\t\t\t\t\t\t\t<div class=\"elementor-button-wrapper\">\n\t\t\t\t\t<a class=\"elementor-button elementor-button-link elementor-size-sm\" href=\"\/kontakt\/\">\n\t\t\t\t\t\t<span class=\"elementor-button-content-wrapper\">\n\t\t\t\t\t\t\t\t\t<span class=\"elementor-button-text\">Kontaktieren Sie uns<\/span>\n\t\t\t\t\t<\/span>\n\t\t\t\t\t<\/a>\n\t\t\t\t<\/div>\n\t\t\t\t\t\t\t\t<\/div>\n\t\t\t\t<\/div>\n\t\t\t\t<div class=\"elementor-element elementor-element-cca1086 elementor-align-justify elementor-widget__width-initial scroll border elementor-hidden-mobile elementor-invisible elementor-widget elementor-widget-button\" data-id=\"cca1086\" data-element_type=\"widget\" data-e-type=\"widget\" data-settings=\"{&quot;_animation&quot;:&quot;fadeIn&quot;,&quot;_animation_delay&quot;:2000}\" data-widget_type=\"button.default\">\n\t\t\t\t<div class=\"elementor-widget-container\">\n\t\t\t\t\t\t\t\t\t<div class=\"elementor-button-wrapper\">\n\t\t\t\t\t<a class=\"elementor-button elementor-button-link elementor-size-sm\" href=\"#\">\n\t\t\t\t\t\t<span class=\"elementor-button-content-wrapper\">\n\t\t\t\t\t\t\t\t\t<span class=\"elementor-button-text\">Mehr lesen<\/span>\n\t\t\t\t\t<\/span>\n\t\t\t\t\t<\/a>\n\t\t\t\t<\/div>\n\t\t\t\t\t\t\t\t<\/div>\n\t\t\t\t<\/div>\n\t\t\t\t<\/div>\n\t\t\t\t\t<\/div>\n\t\t\t\t<\/div>\n\t\t\t\t<\/div>\n\t\t<div class=\"elementor-element elementor-element-7166de3b e-flex e-con-boxed e-con e-parent\" data-id=\"7166de3b\" data-element_type=\"container\" data-e-type=\"container\">\n\t\t\t\t\t<div class=\"e-con-inner\">\n\t\t<div class=\"elementor-element elementor-element-44a7a5b6 e-con-full e-flex e-con e-child\" data-id=\"44a7a5b6\" data-element_type=\"container\" data-e-type=\"container\">\n\t\t\t\t<div class=\"elementor-element elementor-element-5f3c606f elementor-widget elementor-widget-text-editor\" data-id=\"5f3c606f\" data-element_type=\"widget\" data-e-type=\"widget\" data-widget_type=\"text-editor.default\">\n\t\t\t\t<div class=\"elementor-widget-container\">\n\t\t\t\t\t\t\t\t\t<h2>\u00dcber Scan-Pork<\/h2><p>Scan-Pork A\/S ist eine d\u00e4nische Exportfirma, die sich auf den Verkauf von Ferkeln f\u00fcr einen weltweit stark wachsenden Markt spezialisiert hat. Die Firma besteht seit dem Jahr 2001. Die Beratung unserer Kunden liegt uns wirklich am Herzen. Sie sollen die Zusammenarbeit mit Scan-Pork als optimal erleben. Dies gilt \u00fcbrigens sowohl f\u00fcr die d\u00e4nischen Produzenten als auch f\u00fcr die ausl\u00e4ndischen K\u00e4ufer der Zuchttiere. .. Auf der Grundlage unserer Erfahrung mit der Landwirtschaft setzen wir alles daran, unsere Kunden gut zu beraten, sodass diese die Zusammenarbeit mit Scan-Pork beim Kauf- und Verkaufsprozess als optimal erleben. Und dies gilt sowohl f\u00fcr die d\u00e4nischen Produzenten und Lieferanten als auch f\u00fcr die europ\u00e4ischen K\u00e4ufer. Um sicherzustellen, dass der Handel ideal verl\u00e4uft, sind wir beim Export der Schweine stets vor Ort. Auf diese Weise vermeiden wir Fehler und Missverst\u00e4ndnisse in Bezug auf die Anzahl und die Qualit\u00e4t. F\u00fcr Sie als Lieferant ist das die Garantie f\u00fcr einen korrekten Handel.<\/p><p>Wir haben ein Team von Mitarbeitern erstellt, das \u00fcber viele verschiedene Qualifikationen verf\u00fcgt, die unseren Kunden nutzen k\u00f6nnen. Es handelt sich zum Beispiel um Produktionsberatung, F\u00fctterungsberatung, strategische Beratung usw. Der Verkauf von Ferkeln ist Vertrauenssache. Deshalb f\u00fchren wir stets mit unseren ausl\u00e4ndischen Kunden einen Dialog auf Augenh\u00f6he, bei dem unter anderem auch die Produktionsformen in D\u00e4nemark mit jenem im Ausland verglichen werden.<\/p>\t\t\t\t\t\t\t\t<\/div>\n\t\t\t\t<\/div>\n\t\t\t\t<\/div>\n\t\t<div class=\"elementor-element elementor-element-7699f67f e-con-full e-flex e-con e-child\" data-id=\"7699f67f\" data-element_type=\"container\" data-e-type=\"container\">\n\t\t\t\t<div class=\"elementor-element elementor-element-7b73e432 dark elementor-widget elementor-widget-sidebar\" data-id=\"7b73e432\" data-element_type=\"widget\" data-e-type=\"widget\" data-widget_type=\"sidebar.default\">\n\t\t\t\t<div class=\"elementor-widget-container\">\n\t\t\t\t\t<aside id=\"text-13\" class=\"widget-odd widget-5 widget inner-padding widget_text\"><h2 class=\"widget-title\">M\u00f6chten Sie mehr h\u00f6ren?<\/h2>\t\t\t<div class=\"textwidget\"><p>F\u00fcllen Sie das Formular aus und wir werden uns so schnell wie m\u00f6glich mit Ihnen in Verbindung setzen.<\/p>\n<\/div>\n\t\t<\/aside><aside id=\"forminator_widget-5\" class=\"widget-even widget-6 widget inner-padding widget_forminator_widget\"><form id=\"forminator-module-8805\" class=\"forminator-custom-form forminator-custom-form-8805\" method=\"post\" data-forminator-render=\"0\" data-uid=\"69d085f4efdc1\"><div role=\"alert\" aria-live=\"polite\" class=\"forminator-response-message forminator-error\" aria-hidden=\"true\"><\/div><\/form><\/aside>\t\t\t\t<\/div>\n\t\t\t\t<\/div>\n\t\t\t\t<\/div>\n\t\t\t\t\t<\/div>\n\t\t\t\t<\/div>\n\t\t<div class=\"elementor-element elementor-element-3c1f5973 light e-flex e-con-boxed e-con e-parent\" data-id=\"3c1f5973\" data-element_type=\"container\" data-e-type=\"container\">\n\t\t\t\t\t<div class=\"e-con-inner\">\n\t\t<div class=\"elementor-element elementor-element-a3f7d30 light e-con-full e-flex e-con e-child\" data-id=\"a3f7d30\" data-element_type=\"container\" data-e-type=\"container\">\n\t\t\t\t<div class=\"elementor-element elementor-element-650d981 elementor-widget elementor-widget-gallery\" data-id=\"650d981\" data-element_type=\"widget\" data-e-type=\"widget\" data-settings=\"{&quot;gap&quot;:{&quot;unit&quot;:&quot;px&quot;,&quot;size&quot;:30,&quot;sizes&quot;:[]},&quot;aspect_ratio&quot;:&quot;4:3&quot;,&quot;columns_tablet&quot;:3,&quot;columns_mobile&quot;:2,&quot;gap_tablet&quot;:{&quot;unit&quot;:&quot;px&quot;,&quot;size&quot;:15,&quot;sizes&quot;:[]},&quot;gap_mobile&quot;:{&quot;unit&quot;:&quot;px&quot;,&quot;size&quot;:15,&quot;sizes&quot;:[]},&quot;lazyload&quot;:&quot;yes&quot;,&quot;gallery_layout&quot;:&quot;grid&quot;,&quot;columns&quot;:4,&quot;gap_laptop&quot;:{&quot;unit&quot;:&quot;px&quot;,&quot;size&quot;:10,&quot;sizes&quot;:[]},&quot;link_to&quot;:&quot;file&quot;,&quot;content_hover_animation&quot;:&quot;fade-in&quot;}\" data-widget_type=\"gallery.default\">\n\t\t\t\t<div class=\"elementor-widget-container\">\n\t\t\t\t\t\t\t<div class=\"elementor-gallery__container\">\n\t\t\t\t\t\t\t<a class=\"e-gallery-item elementor-gallery-item elementor-animated-content\" href=\"https:\/\/scan-pork.com\/wp-content\/uploads\/2024\/12\/1000007428-scaled-1.jpg\" data-elementor-open-lightbox=\"yes\" data-elementor-lightbox-slideshow=\"650d981\" data-e-action-hash=\"#elementor-action%3Aaction%3Dlightbox%26settings%3DeyJpZCI6OTkyMCwidXJsIjoiaHR0cHM6XC9cL3NjYW4tcG9yay5jb21cL3dwLWNvbnRlbnRcL3VwbG9hZHNcLzIwMjRcLzEyXC8xMDAwMDA3NDI4LXNjYWxlZC0xLmpwZyIsInNsaWRlc2hvdyI6IjY1MGQ5ODEifQ%3D%3D\">\n\t\t\t\t\t<div class=\"e-gallery-image elementor-gallery-item__image\" data-thumbnail=\"https:\/\/scan-pork.com\/wp-content\/uploads\/2024\/12\/1000007428-scaled-1.jpg\" data-width=\"2048\" data-height=\"1536\" aria-label=\"\" role=\"img\" ><\/div>\n\t\t\t\t\t\t\t\t\t\t\t\t\t\t<\/a>\n\t\t\t\t\t\t\t<a class=\"e-gallery-item elementor-gallery-item elementor-animated-content\" href=\"https:\/\/scan-pork.com\/wp-content\/uploads\/2024\/12\/1000007438-scaled-1.jpg\" data-elementor-open-lightbox=\"yes\" data-elementor-lightbox-slideshow=\"650d981\" data-e-action-hash=\"#elementor-action%3Aaction%3Dlightbox%26settings%3DeyJpZCI6OTkyNCwidXJsIjoiaHR0cHM6XC9cL3NjYW4tcG9yay5jb21cL3dwLWNvbnRlbnRcL3VwbG9hZHNcLzIwMjRcLzEyXC8xMDAwMDA3NDM4LXNjYWxlZC0xLmpwZyIsInNsaWRlc2hvdyI6IjY1MGQ5ODEifQ%3D%3D\">\n\t\t\t\t\t<div class=\"e-gallery-image elementor-gallery-item__image\" data-thumbnail=\"https:\/\/scan-pork.com\/wp-content\/uploads\/2024\/12\/1000007438-scaled-1.jpg\" data-width=\"2048\" data-height=\"1536\" aria-label=\"\" role=\"img\" ><\/div>\n\t\t\t\t\t\t\t\t\t\t\t\t\t\t<\/a>\n\t\t\t\t\t\t\t<a class=\"e-gallery-item elementor-gallery-item elementor-animated-content\" href=\"https:\/\/scan-pork.com\/wp-content\/uploads\/2024\/12\/1000007439-scaled-1.jpg\" data-elementor-open-lightbox=\"yes\" data-elementor-lightbox-slideshow=\"650d981\" data-e-action-hash=\"#elementor-action%3Aaction%3Dlightbox%26settings%3DeyJpZCI6OTkyOCwidXJsIjoiaHR0cHM6XC9cL3NjYW4tcG9yay5jb21cL3dwLWNvbnRlbnRcL3VwbG9hZHNcLzIwMjRcLzEyXC8xMDAwMDA3NDM5LXNjYWxlZC0xLmpwZyIsInNsaWRlc2hvdyI6IjY1MGQ5ODEifQ%3D%3D\">\n\t\t\t\t\t<div class=\"e-gallery-image elementor-gallery-item__image\" data-thumbnail=\"https:\/\/scan-pork.com\/wp-content\/uploads\/2024\/12\/1000007439-scaled-1.jpg\" data-width=\"2048\" data-height=\"1536\" aria-label=\"\" role=\"img\" ><\/div>\n\t\t\t\t\t\t\t\t\t\t\t\t\t\t<\/a>\n\t\t\t\t\t\t\t<a class=\"e-gallery-item elementor-gallery-item elementor-animated-content\" href=\"https:\/\/scan-pork.com\/wp-content\/uploads\/2024\/12\/1000007441-scaled-1.jpg\" data-elementor-open-lightbox=\"yes\" data-elementor-lightbox-slideshow=\"650d981\" data-e-action-hash=\"#elementor-action%3Aaction%3Dlightbox%26settings%3DeyJpZCI6OTk3NywidXJsIjoiaHR0cHM6XC9cL3NjYW4tcG9yay5jb21cL3dwLWNvbnRlbnRcL3VwbG9hZHNcLzIwMjRcLzEyXC8xMDAwMDA3NDQxLXNjYWxlZC0xLmpwZyIsInNsaWRlc2hvdyI6IjY1MGQ5ODEifQ%3D%3D\">\n\t\t\t\t\t<div class=\"e-gallery-image elementor-gallery-item__image\" data-thumbnail=\"https:\/\/scan-pork.com\/wp-content\/uploads\/2024\/12\/1000007441-scaled-1.jpg\" data-width=\"2048\" data-height=\"1536\" aria-label=\"\" role=\"img\" ><\/div>\n\t\t\t\t\t\t\t\t\t\t\t\t\t\t<\/a>\n\t\t\t\t\t<\/div>\n\t\t\t\t\t<\/div>\n\t\t\t\t<\/div>\n\t\t\t\t<\/div>\n\t\t\t\t\t<\/div>\n\t\t\t\t<\/div>\n\t\t<div class=\"elementor-element elementor-element-0379de8 white e-flex e-con-boxed e-con e-parent\" data-id=\"0379de8\" data-element_type=\"container\" data-e-type=\"container\" data-settings=\"{&quot;background_background&quot;:&quot;classic&quot;}\">\n\t\t\t\t\t<div class=\"e-con-inner\">\n\t\t\t\t<div class=\"elementor-element elementor-element-e70c1de elementor-widget__width-initial cta-box elementor-widget elementor-widget-text-editor\" data-id=\"e70c1de\" data-element_type=\"widget\" data-e-type=\"widget\" data-widget_type=\"text-editor.default\">\n\t\t\t\t<div class=\"elementor-widget-container\">\n\t\t\t\t\t\t\t\t\t<h6 style=\"text-align: left;\">Kontaktieren Sie uns noch heute<\/h6><h3 style=\"text-align: left;\">M\u00f6chten Sie mehr wissen?<\/h3><p style=\"text-align: left;\">Sollten Sie hier auf unserer Website nicht gen\u00fcgend Informationen zu Ihrer Wunschaufgabe finden, k\u00f6nnen Sie jederzeit gerne Kontakt zu uns aufnehmen.<\/p><p style=\"text-align: left;\">Rufen Sie uns unter <a href=\"tel:22321240\">(+45) 22 32 12 40<\/a> an oder senden Sie eine E-Mail an <a href=\"mailto:tj@scan-pork.com\">tj@scan-pork.com.<\/a>Wir werden Ihre Anfrage schnellstm\u00f6glich beantworten. Rufen Sie uns unter<\/p>\t\t\t\t\t\t\t\t<\/div>\n\t\t\t\t<\/div>\n\t\t\t\t<div class=\"elementor-element elementor-element-ac709e9 elementor-align-left cta elementor-widget elementor-widget-button\" data-id=\"ac709e9\" data-element_type=\"widget\" data-e-type=\"widget\" data-widget_type=\"button.default\">\n\t\t\t\t<div class=\"elementor-widget-container\">\n\t\t\t\t\t\t\t\t\t<div class=\"elementor-button-wrapper\">\n\t\t\t\t\t<a class=\"elementor-button elementor-button-link elementor-size-sm\" href=\"https:\/\/scan-pork.com\/kontakt\/\">\n\t\t\t\t\t\t<span class=\"elementor-button-content-wrapper\">\n\t\t\t\t\t\t\t\t\t<span class=\"elementor-button-text\">Kontaktieren Sie uns noch heute<\/span>\n\t\t\t\t\t<\/span>\n\t\t\t\t\t<\/a>\n\t\t\t\t<\/div>\n\t\t\t\t\t\t\t\t<\/div>\n\t\t\t\t<\/div>\n\t\t\t\t\t<\/div>\n\t\t\t\t<\/div>\n\t\t\t\t<\/div>\n\t\t","protected":false},"excerpt":{"rendered":"<p>Ihre Garantie f\u00fcr einen erfolgreichen Handel mit Scan-Pork<\/p>\n","protected":false},"author":8,"featured_media":8949,"parent":0,"menu_order":1000,"comment_status":"closed","ping_status":"closed","template":"","meta":{"_acf_changed":false,"footnotes":""},"categories":[],"class_list":["post-8781","page","type-page","status-publish","has-post-thumbnail"],"acf":[],"yoast_head":"<!-- This site is optimized with the Yoast SEO plugin v27.2 - https:\/\/yoast.com\/product\/yoast-seo-wordpress\/ -->\n<title>Kompetenz, Sicherheit und Pr\u00e4senz | Scan-Pork A\/S<\/title>\n<meta name=\"robots\" content=\"index, follow, max-snippet:-1, max-image-preview:large, max-video-preview:-1\" \/>\n<link rel=\"canonical\" href=\"https:\/\/scan-pork.com\/om-scan-pork\/\" \/>\n<meta property=\"og:locale\" content=\"de_DE\" \/>\n<meta property=\"og:type\" content=\"article\" \/>\n<meta property=\"og:title\" content=\"Kompetenz, Sicherheit und Pr\u00e4senz | Scan-Pork A\/S\" \/>\n<meta property=\"og:description\" content=\"Ihre Garantie f\u00fcr einen erfolgreichen Handel mit Scan-Pork\" \/>\n<meta property=\"og:url\" content=\"https:\/\/scan-pork.com\/om-scan-pork\/\" \/>\n<meta property=\"og:site_name\" content=\"Scan-Pork A\/S\" \/>\n<meta property=\"article:modified_time\" content=\"2024-12-27T11:24:36+00:00\" \/>\n<meta property=\"og:image\" content=\"https:\/\/scan-pork.com\/wp-content\/uploads\/2024\/09\/1000007428-scaled.jpg\" \/>\n\t<meta property=\"og:image:width\" content=\"2048\" \/>\n\t<meta property=\"og:image:height\" content=\"1536\" \/>\n\t<meta property=\"og:image:type\" content=\"image\/jpeg\" \/>\n<meta name=\"twitter:card\" content=\"summary_large_image\" \/>\n<meta name=\"twitter:label1\" content=\"Gesch\u00e4tzte Lesezeit\" \/>\n\t<meta name=\"twitter:data1\" content=\"2\u00a0Minuten\" \/>\n<script type=\"application\/ld+json\" class=\"yoast-schema-graph\">{\"@context\":\"https:\/\/schema.org\",\"@graph\":[{\"@type\":\"WebPage\",\"@id\":\"https:\/\/scan-pork.com\/om-scan-pork\/\",\"url\":\"https:\/\/scan-pork.com\/om-scan-pork\/\",\"name\":\"Kompetenz, Sicherheit und Pr\u00e4senz | Scan-Pork A\/S\",\"isPartOf\":{\"@id\":\"https:\/\/scan-pork.com\/#website\"},\"primaryImageOfPage\":{\"@id\":\"https:\/\/scan-pork.com\/om-scan-pork\/#primaryimage\"},\"image\":{\"@id\":\"https:\/\/scan-pork.com\/om-scan-pork\/#primaryimage\"},\"thumbnailUrl\":\"https:\/\/scan-pork.com\/wp-content\/uploads\/2024\/09\/1000007428-scaled.jpg\",\"datePublished\":\"2024-02-28T08:57:30+00:00\",\"dateModified\":\"2024-12-27T11:24:36+00:00\",\"breadcrumb\":{\"@id\":\"https:\/\/scan-pork.com\/om-scan-pork\/#breadcrumb\"},\"inLanguage\":\"de\",\"potentialAction\":[{\"@type\":\"ReadAction\",\"target\":[\"https:\/\/scan-pork.com\/om-scan-pork\/\"]}]},{\"@type\":\"ImageObject\",\"inLanguage\":\"de\",\"@id\":\"https:\/\/scan-pork.com\/om-scan-pork\/#primaryimage\",\"url\":\"https:\/\/scan-pork.com\/wp-content\/uploads\/2024\/09\/1000007428-scaled.jpg\",\"contentUrl\":\"https:\/\/scan-pork.com\/wp-content\/uploads\/2024\/09\/1000007428-scaled.jpg\",\"width\":2048,\"height\":1536},{\"@type\":\"BreadcrumbList\",\"@id\":\"https:\/\/scan-pork.com\/om-scan-pork\/#breadcrumb\",\"itemListElement\":[{\"@type\":\"ListItem\",\"position\":1,\"name\":\"Forside\",\"item\":\"https:\/\/scan-pork.com\/\"},{\"@type\":\"ListItem\",\"position\":2,\"name\":\"Kompetenz, Sicherheit und Pr\u00e4senz\"}]},{\"@type\":\"WebSite\",\"@id\":\"https:\/\/scan-pork.com\/#website\",\"url\":\"https:\/\/scan-pork.com\/\",\"name\":\"Scan-Pork A\/S\",\"description\":\"Specialister i salg af sm\u00e5grise\",\"publisher\":{\"@id\":\"https:\/\/scan-pork.com\/#organization\"},\"potentialAction\":[{\"@type\":\"SearchAction\",\"target\":{\"@type\":\"EntryPoint\",\"urlTemplate\":\"https:\/\/scan-pork.com\/?s={search_term_string}\"},\"query-input\":{\"@type\":\"PropertyValueSpecification\",\"valueRequired\":true,\"valueName\":\"search_term_string\"}}],\"inLanguage\":\"de\"},{\"@type\":\"Organization\",\"@id\":\"https:\/\/scan-pork.com\/#organization\",\"name\":\"Scan-Pork A\/S\",\"url\":\"https:\/\/scan-pork.com\/\",\"logo\":{\"@type\":\"ImageObject\",\"inLanguage\":\"de\",\"@id\":\"https:\/\/scan-pork.com\/#\/schema\/logo\/image\/\",\"url\":\"https:\/\/scan-pork.com\/wp-content\/uploads\/2024\/11\/Scan-Pork-logo@4x.webp\",\"contentUrl\":\"https:\/\/scan-pork.com\/wp-content\/uploads\/2024\/11\/Scan-Pork-logo@4x.webp\",\"width\":842,\"height\":919,\"caption\":\"Scan-Pork A\/S\"},\"image\":{\"@id\":\"https:\/\/scan-pork.com\/#\/schema\/logo\/image\/\"}}]}<\/script>\n<!-- \/ Yoast SEO plugin. -->","yoast_head_json":{"title":"Kompetenz, Sicherheit und Pr\u00e4senz | Scan-Pork A\/S","robots":{"index":"index","follow":"follow","max-snippet":"max-snippet:-1","max-image-preview":"max-image-preview:large","max-video-preview":"max-video-preview:-1"},"canonical":"https:\/\/scan-pork.com\/om-scan-pork\/","og_locale":"de_DE","og_type":"article","og_title":"Kompetenz, Sicherheit und Pr\u00e4senz | Scan-Pork A\/S","og_description":"Ihre Garantie f\u00fcr einen erfolgreichen Handel mit Scan-Pork","og_url":"https:\/\/scan-pork.com\/om-scan-pork\/","og_site_name":"Scan-Pork A\/S","article_modified_time":"2024-12-27T11:24:36+00:00","og_image":[{"width":2048,"height":1536,"url":"https:\/\/scan-pork.com\/wp-content\/uploads\/2024\/09\/1000007428-scaled.jpg","type":"image\/jpeg"}],"twitter_card":"summary_large_image","twitter_misc":{"Gesch\u00e4tzte Lesezeit":"2\u00a0Minuten"},"schema":{"@context":"https:\/\/schema.org","@graph":[{"@type":"WebPage","@id":"https:\/\/scan-pork.com\/om-scan-pork\/","url":"https:\/\/scan-pork.com\/om-scan-pork\/","name":"Kompetenz, Sicherheit und Pr\u00e4senz | Scan-Pork A\/S","isPartOf":{"@id":"https:\/\/scan-pork.com\/#website"},"primaryImageOfPage":{"@id":"https:\/\/scan-pork.com\/om-scan-pork\/#primaryimage"},"image":{"@id":"https:\/\/scan-pork.com\/om-scan-pork\/#primaryimage"},"thumbnailUrl":"https:\/\/scan-pork.com\/wp-content\/uploads\/2024\/09\/1000007428-scaled.jpg","datePublished":"2024-02-28T08:57:30+00:00","dateModified":"2024-12-27T11:24:36+00:00","breadcrumb":{"@id":"https:\/\/scan-pork.com\/om-scan-pork\/#breadcrumb"},"inLanguage":"de","potentialAction":[{"@type":"ReadAction","target":["https:\/\/scan-pork.com\/om-scan-pork\/"]}]},{"@type":"ImageObject","inLanguage":"de","@id":"https:\/\/scan-pork.com\/om-scan-pork\/#primaryimage","url":"https:\/\/scan-pork.com\/wp-content\/uploads\/2024\/09\/1000007428-scaled.jpg","contentUrl":"https:\/\/scan-pork.com\/wp-content\/uploads\/2024\/09\/1000007428-scaled.jpg","width":2048,"height":1536},{"@type":"BreadcrumbList","@id":"https:\/\/scan-pork.com\/om-scan-pork\/#breadcrumb","itemListElement":[{"@type":"ListItem","position":1,"name":"Forside","item":"https:\/\/scan-pork.com\/"},{"@type":"ListItem","position":2,"name":"Kompetenz, Sicherheit und Pr\u00e4senz"}]},{"@type":"WebSite","@id":"https:\/\/scan-pork.com\/#website","url":"https:\/\/scan-pork.com\/","name":"Scan-Pork A\/S","description":"Specialister i salg af sm\u00e5grise","publisher":{"@id":"https:\/\/scan-pork.com\/#organization"},"potentialAction":[{"@type":"SearchAction","target":{"@type":"EntryPoint","urlTemplate":"https:\/\/scan-pork.com\/?s={search_term_string}"},"query-input":{"@type":"PropertyValueSpecification","valueRequired":true,"valueName":"search_term_string"}}],"inLanguage":"de"},{"@type":"Organization","@id":"https:\/\/scan-pork.com\/#organization","name":"Scan-Pork A\/S","url":"https:\/\/scan-pork.com\/","logo":{"@type":"ImageObject","inLanguage":"de","@id":"https:\/\/scan-pork.com\/#\/schema\/logo\/image\/","url":"https:\/\/scan-pork.com\/wp-content\/uploads\/2024\/11\/Scan-Pork-logo@4x.webp","contentUrl":"https:\/\/scan-pork.com\/wp-content\/uploads\/2024\/11\/Scan-Pork-logo@4x.webp","width":842,"height":919,"caption":"Scan-Pork A\/S"},"image":{"@id":"https:\/\/scan-pork.com\/#\/schema\/logo\/image\/"}}]}},"_links":{"self":[{"href":"https:\/\/scan-pork.com\/de\/wp-json\/wp\/v2\/pages\/8781","targetHints":{"allow":["GET"]}}],"collection":[{"href":"https:\/\/scan-pork.com\/de\/wp-json\/wp\/v2\/pages"}],"about":[{"href":"https:\/\/scan-pork.com\/de\/wp-json\/wp\/v2\/types\/page"}],"author":[{"embeddable":true,"href":"https:\/\/scan-pork.com\/de\/wp-json\/wp\/v2\/users\/8"}],"replies":[{"embeddable":true,"href":"https:\/\/scan-pork.com\/de\/wp-json\/wp\/v2\/comments?post=8781"}],"version-history":[{"count":23,"href":"https:\/\/scan-pork.com\/de\/wp-json\/wp\/v2\/pages\/8781\/revisions"}],"predecessor-version":[{"id":9984,"href":"https:\/\/scan-pork.com\/de\/wp-json\/wp\/v2\/pages\/8781\/revisions\/9984"}],"wp:featuredmedia":[{"embeddable":true,"href":"https:\/\/scan-pork.com\/de\/wp-json\/wp\/v2\/media\/8949"}],"wp:attachment":[{"href":"https:\/\/scan-pork.com\/de\/wp-json\/wp\/v2\/media?parent=8781"}],"wp:term":[{"taxonomy":"category","embeddable":true,"href":"https:\/\/scan-pork.com\/de\/wp-json\/wp\/v2\/categories?post=8781"}],"curies":[{"name":"wp","href":"https:\/\/api.w.org\/{rel}","templated":true}]}}