{"id":8763,"date":"2024-02-28T09:57:30","date_gmt":"2024-02-28T08:57:30","guid":{"rendered":"https:\/\/scan-pork.com\/transport\/"},"modified":"2024-12-20T12:24:38","modified_gmt":"2024-12-20T11:24:38","slug":"transport","status":"publish","type":"page","link":"https:\/\/scan-pork.com\/de\/transport\/","title":{"rendered":"Sicherer Transport"},"content":{"rendered":"\t\t<div data-elementor-type=\"wp-page\" data-elementor-id=\"8763\" class=\"elementor elementor-8763 elementor-8470\" data-elementor-post-type=\"page\">\n\t\t\t\t<div class=\"elementor-element elementor-element-677c6b2 e-con-full no-padding e-flex e-con e-parent\" data-id=\"677c6b2\" data-element_type=\"container\" data-e-type=\"container\" data-settings=\"{&quot;background_background&quot;:&quot;video&quot;}\">\n\t\t<div class=\"elementor-element elementor-element-c294a6a white e-flex e-con-boxed elementor-invisible e-con e-child\" data-id=\"c294a6a\" data-element_type=\"container\" data-e-type=\"container\" data-settings=\"{&quot;background_background&quot;:&quot;video&quot;,&quot;background_video_link&quot;:&quot;https:\\\/\\\/vimeo.com\\\/960923338&quot;,&quot;animation&quot;:&quot;fadeIn&quot;,&quot;animation_delay&quot;:1000,&quot;background_play_on_mobile&quot;:&quot;yes&quot;}\">\n\t\t\t\t\t<div class=\"e-con-inner\">\n\t\t<div class=\"elementor-background-video-container\">\n\t\t\t\t\t\t\t<div class=\"elementor-background-video-embed\" role=\"presentation\"><\/div>\n\t\t\t\t\t\t<\/div><div class=\"elementor-element elementor-element-3977713 e-con-full e-flex e-con e-child\" data-id=\"3977713\" data-element_type=\"container\" data-e-type=\"container\">\n\t\t\t\t<div class=\"elementor-element elementor-element-11d03fd elementor-widget__width-inherit elementor-invisible elementor-widget elementor-widget-heading\" data-id=\"11d03fd\" data-element_type=\"widget\" data-e-type=\"widget\" data-settings=\"{&quot;_animation&quot;:&quot;fadeIn&quot;,&quot;_animation_delay&quot;:1400}\" data-widget_type=\"heading.default\">\n\t\t\t\t<div class=\"elementor-widget-container\">\n\t\t\t\t\t<h1 class=\"elementor-heading-title elementor-size-default\">Sicherer Transport<\/h1>\t\t\t\t<\/div>\n\t\t\t\t<\/div>\n\t\t\t\t<div class=\"elementor-element elementor-element-86e52c5 elementor-widget__width-inherit elementor-invisible elementor-widget elementor-widget-heading\" data-id=\"86e52c5\" data-element_type=\"widget\" data-e-type=\"widget\" data-settings=\"{&quot;_animation&quot;:&quot;fadeIn&quot;,&quot;_animation_delay&quot;:1400}\" data-widget_type=\"heading.default\">\n\t\t\t\t<div class=\"elementor-widget-container\">\n\t\t\t\t\t<h1 class=\"elementor-heading-title elementor-size-default\">Scan-Pork \u00fcbernimmt Verantwortung - auf ganzer Strecke<\/h1>\t\t\t\t<\/div>\n\t\t\t\t<\/div>\n\t\t\t\t<div class=\"elementor-element elementor-element-3e7a082 elementor-align-justify elementor-widget__width-initial elementor-invisible elementor-widget elementor-widget-button\" data-id=\"3e7a082\" data-element_type=\"widget\" data-e-type=\"widget\" data-settings=\"{&quot;_animation&quot;:&quot;fadeIn&quot;,&quot;_animation_delay&quot;:1800}\" data-widget_type=\"button.default\">\n\t\t\t\t<div class=\"elementor-widget-container\">\n\t\t\t\t\t\t\t\t\t<div class=\"elementor-button-wrapper\">\n\t\t\t\t\t<a class=\"elementor-button elementor-button-link elementor-size-sm\" href=\"\/kontakt\/\">\n\t\t\t\t\t\t<span class=\"elementor-button-content-wrapper\">\n\t\t\t\t\t\t\t\t\t<span class=\"elementor-button-text\">Kontaktieren Sie uns<\/span>\n\t\t\t\t\t<\/span>\n\t\t\t\t\t<\/a>\n\t\t\t\t<\/div>\n\t\t\t\t\t\t\t\t<\/div>\n\t\t\t\t<\/div>\n\t\t\t\t<div class=\"elementor-element elementor-element-4708aed elementor-align-justify elementor-widget__width-initial scroll border elementor-hidden-mobile elementor-invisible elementor-widget elementor-widget-button\" data-id=\"4708aed\" data-element_type=\"widget\" data-e-type=\"widget\" data-settings=\"{&quot;_animation&quot;:&quot;fadeIn&quot;,&quot;_animation_delay&quot;:2000}\" data-widget_type=\"button.default\">\n\t\t\t\t<div class=\"elementor-widget-container\">\n\t\t\t\t\t\t\t\t\t<div class=\"elementor-button-wrapper\">\n\t\t\t\t\t<a class=\"elementor-button elementor-button-link elementor-size-sm\" href=\"#\">\n\t\t\t\t\t\t<span class=\"elementor-button-content-wrapper\">\n\t\t\t\t\t\t\t\t\t<span class=\"elementor-button-text\">Mehr lesen<\/span>\n\t\t\t\t\t<\/span>\n\t\t\t\t\t<\/a>\n\t\t\t\t<\/div>\n\t\t\t\t\t\t\t\t<\/div>\n\t\t\t\t<\/div>\n\t\t\t\t<\/div>\n\t\t\t\t\t<\/div>\n\t\t\t\t<\/div>\n\t\t\t\t<\/div>\n\t\t<div class=\"elementor-element elementor-element-77c25c22 e-flex e-con-boxed e-con e-parent\" data-id=\"77c25c22\" data-element_type=\"container\" data-e-type=\"container\">\n\t\t\t\t\t<div class=\"e-con-inner\">\n\t\t<div class=\"elementor-element elementor-element-17906d9 e-con-full e-flex e-con e-child\" data-id=\"17906d9\" data-element_type=\"container\" data-e-type=\"container\">\n\t\t\t\t<div class=\"elementor-element elementor-element-8cd488a elementor-widget elementor-widget-text-editor\" data-id=\"8cd488a\" data-element_type=\"widget\" data-e-type=\"widget\" data-widget_type=\"text-editor.default\">\n\t\t\t\t<div class=\"elementor-widget-container\">\n\t\t\t\t\t\t\t\t\t<h2>Transport<\/h2><p>Wenn Sie mit uns Gesch\u00e4fte machen, \u00fcbernehmen wir den Transport vom Verk\u00e4ufer bis zum Empf\u00e4nger. Wir haben eine Reihe an Partnern, mit denen wir in D\u00e4nemark und in den L\u00e4ndern, in die wir exportieren, zusammenarbeiten. Wir sorgen daf\u00fcr, dass die Dokumente in Ordnung sind, und dass die g\u00fcltige Gesetzgebung f\u00fcr diesen Bereich eingehalten wird.<\/p>\t\t\t\t\t\t\t\t<\/div>\n\t\t\t\t<\/div>\n\t\t\t\t<\/div>\n\t\t<div class=\"elementor-element elementor-element-461c0903 e-con-full e-flex e-con e-child\" data-id=\"461c0903\" data-element_type=\"container\" data-e-type=\"container\">\n\t\t\t\t<div class=\"elementor-element elementor-element-7188c13a dark elementor-widget elementor-widget-sidebar\" data-id=\"7188c13a\" data-element_type=\"widget\" data-e-type=\"widget\" data-widget_type=\"sidebar.default\">\n\t\t\t\t<div class=\"elementor-widget-container\">\n\t\t\t\t\t<aside id=\"text-13\" class=\"widget-odd widget-5 widget inner-padding widget_text\"><h2 class=\"widget-title\">M\u00f6chten Sie mehr h\u00f6ren?<\/h2>\t\t\t<div class=\"textwidget\"><p>F\u00fcllen Sie das Formular aus und wir werden uns so schnell wie m\u00f6glich mit Ihnen in Verbindung setzen.<\/p>\n<\/div>\n\t\t<\/aside><aside id=\"forminator_widget-5\" class=\"widget-even widget-6 widget inner-padding widget_forminator_widget\"><form id=\"forminator-module-8805\" class=\"forminator-custom-form forminator-custom-form-8805\" method=\"post\" data-forminator-render=\"0\" data-uid=\"69d0708d99493\"><div role=\"alert\" aria-live=\"polite\" class=\"forminator-response-message forminator-error\" aria-hidden=\"true\"><\/div><\/form><\/aside>\t\t\t\t<\/div>\n\t\t\t\t<\/div>\n\t\t\t\t<\/div>\n\t\t\t\t\t<\/div>\n\t\t\t\t<\/div>\n\t\t<div class=\"elementor-element elementor-element-6b22db69 light e-flex e-con-boxed e-con e-parent\" data-id=\"6b22db69\" data-element_type=\"container\" data-e-type=\"container\">\n\t\t\t\t\t<div class=\"e-con-inner\">\n\t\t<div class=\"elementor-element elementor-element-5e475d1 light e-con-full e-flex e-con e-child\" data-id=\"5e475d1\" data-element_type=\"container\" data-e-type=\"container\">\n\t\t\t\t<div class=\"elementor-element elementor-element-00ed7f9 elementor-widget elementor-widget-gallery\" data-id=\"00ed7f9\" data-element_type=\"widget\" data-e-type=\"widget\" data-settings=\"{&quot;gap&quot;:{&quot;unit&quot;:&quot;px&quot;,&quot;size&quot;:30,&quot;sizes&quot;:[]},&quot;aspect_ratio&quot;:&quot;4:3&quot;,&quot;columns_tablet&quot;:3,&quot;columns_mobile&quot;:2,&quot;gap_tablet&quot;:{&quot;unit&quot;:&quot;px&quot;,&quot;size&quot;:15,&quot;sizes&quot;:[]},&quot;gap_mobile&quot;:{&quot;unit&quot;:&quot;px&quot;,&quot;size&quot;:15,&quot;sizes&quot;:[]},&quot;lazyload&quot;:&quot;yes&quot;,&quot;gallery_layout&quot;:&quot;grid&quot;,&quot;columns&quot;:4,&quot;gap_laptop&quot;:{&quot;unit&quot;:&quot;px&quot;,&quot;size&quot;:10,&quot;sizes&quot;:[]},&quot;link_to&quot;:&quot;file&quot;,&quot;content_hover_animation&quot;:&quot;fade-in&quot;}\" data-widget_type=\"gallery.default\">\n\t\t\t\t<div class=\"elementor-widget-container\">\n\t\t\t\t\t\t\t<div class=\"elementor-gallery__container\">\n\t\t\t\t\t\t\t<a class=\"e-gallery-item elementor-gallery-item elementor-animated-content\" href=\"https:\/\/scan-pork.com\/wp-content\/uploads\/2024\/11\/20230209_073459-scaled-1.jpg\" data-elementor-open-lightbox=\"yes\" data-elementor-lightbox-slideshow=\"00ed7f9\" data-e-action-hash=\"#elementor-action%3Aaction%3Dlightbox%26settings%3DeyJpZCI6OTQzNiwidXJsIjoiaHR0cHM6XC9cL3NjYW4tcG9yay5jb21cL3dwLWNvbnRlbnRcL3VwbG9hZHNcLzIwMjRcLzExXC8yMDIzMDIwOV8wNzM0NTktc2NhbGVkLTEuanBnIiwic2xpZGVzaG93IjoiMDBlZDdmOSJ9\">\n\t\t\t\t\t<div class=\"e-gallery-image elementor-gallery-item__image\" data-thumbnail=\"https:\/\/scan-pork.com\/wp-content\/uploads\/2024\/11\/20230209_073459-scaled-1.jpg\" data-width=\"1536\" data-height=\"2048\" aria-label=\"\" role=\"img\" ><\/div>\n\t\t\t\t\t\t\t\t\t\t\t\t\t\t<\/a>\n\t\t\t\t\t\t\t<a class=\"e-gallery-item elementor-gallery-item elementor-animated-content\" href=\"https:\/\/scan-pork.com\/wp-content\/uploads\/2024\/11\/1000007428-scaled-1.jpg\" data-elementor-open-lightbox=\"yes\" data-elementor-lightbox-slideshow=\"00ed7f9\" data-e-action-hash=\"#elementor-action%3Aaction%3Dlightbox%26settings%3DeyJpZCI6OTQ0MCwidXJsIjoiaHR0cHM6XC9cL3NjYW4tcG9yay5jb21cL3dwLWNvbnRlbnRcL3VwbG9hZHNcLzIwMjRcLzExXC8xMDAwMDA3NDI4LXNjYWxlZC0xLmpwZyIsInNsaWRlc2hvdyI6IjAwZWQ3ZjkifQ%3D%3D\">\n\t\t\t\t\t<div class=\"e-gallery-image elementor-gallery-item__image\" data-thumbnail=\"https:\/\/scan-pork.com\/wp-content\/uploads\/2024\/11\/1000007428-scaled-1.jpg\" data-width=\"2048\" data-height=\"1536\" aria-label=\"\" role=\"img\" ><\/div>\n\t\t\t\t\t\t\t\t\t\t\t\t\t\t<\/a>\n\t\t\t\t\t\t\t<a class=\"e-gallery-item elementor-gallery-item elementor-animated-content\" href=\"https:\/\/scan-pork.com\/wp-content\/uploads\/2024\/11\/1000007410-scaled-1.jpg\" data-elementor-open-lightbox=\"yes\" data-elementor-lightbox-slideshow=\"00ed7f9\" data-e-action-hash=\"#elementor-action%3Aaction%3Dlightbox%26settings%3DeyJpZCI6OTQ0NCwidXJsIjoiaHR0cHM6XC9cL3NjYW4tcG9yay5jb21cL3dwLWNvbnRlbnRcL3VwbG9hZHNcLzIwMjRcLzExXC8xMDAwMDA3NDEwLXNjYWxlZC0xLmpwZyIsInNsaWRlc2hvdyI6IjAwZWQ3ZjkifQ%3D%3D\">\n\t\t\t\t\t<div class=\"e-gallery-image elementor-gallery-item__image\" data-thumbnail=\"https:\/\/scan-pork.com\/wp-content\/uploads\/2024\/11\/1000007410-scaled-1.jpg\" data-width=\"2048\" data-height=\"1536\" aria-label=\"\" role=\"img\" ><\/div>\n\t\t\t\t\t\t\t\t\t\t\t\t\t\t<\/a>\n\t\t\t\t\t\t\t<a class=\"e-gallery-item elementor-gallery-item elementor-animated-content\" href=\"https:\/\/scan-pork.com\/wp-content\/uploads\/2024\/11\/1000007441-scaled-1.jpg\" data-elementor-open-lightbox=\"yes\" data-elementor-lightbox-slideshow=\"00ed7f9\" data-e-action-hash=\"#elementor-action%3Aaction%3Dlightbox%26settings%3DeyJpZCI6OTQ0OCwidXJsIjoiaHR0cHM6XC9cL3NjYW4tcG9yay5jb21cL3dwLWNvbnRlbnRcL3VwbG9hZHNcLzIwMjRcLzExXC8xMDAwMDA3NDQxLXNjYWxlZC0xLmpwZyIsInNsaWRlc2hvdyI6IjAwZWQ3ZjkifQ%3D%3D\">\n\t\t\t\t\t<div class=\"e-gallery-image elementor-gallery-item__image\" data-thumbnail=\"https:\/\/scan-pork.com\/wp-content\/uploads\/2024\/11\/1000007441-scaled-1.jpg\" data-width=\"2048\" data-height=\"1536\" aria-label=\"\" role=\"img\" ><\/div>\n\t\t\t\t\t\t\t\t\t\t\t\t\t\t<\/a>\n\t\t\t\t\t<\/div>\n\t\t\t\t\t<\/div>\n\t\t\t\t<\/div>\n\t\t\t\t<\/div>\n\t\t\t\t\t<\/div>\n\t\t\t\t<\/div>\n\t\t<div class=\"elementor-element elementor-element-ebdd569 white e-flex e-con-boxed e-con e-parent\" data-id=\"ebdd569\" data-element_type=\"container\" data-e-type=\"container\" data-settings=\"{&quot;background_background&quot;:&quot;classic&quot;}\">\n\t\t\t\t\t<div class=\"e-con-inner\">\n\t\t\t\t<div class=\"elementor-element elementor-element-5968ba1 elementor-widget__width-initial cta-box elementor-widget elementor-widget-text-editor\" data-id=\"5968ba1\" data-element_type=\"widget\" data-e-type=\"widget\" data-widget_type=\"text-editor.default\">\n\t\t\t\t<div class=\"elementor-widget-container\">\n\t\t\t\t\t\t\t\t\t<h6 style=\"text-align: left;\">Kontaktieren Sie uns noch heute<\/h6><h3 style=\"text-align: left;\">M\u00f6chten Sie mehr wissen?<\/h3><p style=\"text-align: left;\">Sollten Sie hier auf unserer Website nicht gen\u00fcgend Informationen zu Ihrer Wunschaufgabe finden, k\u00f6nnen Sie jederzeit gerne Kontakt zu uns aufnehmen.<\/p><p style=\"text-align: left;\">Rufen Sie uns unter <a href=\"tel:22321240\">(+45) 22 32 12 40<\/a> an oder senden Sie eine E-Mail an <a href=\"mailto:tj@scan-pork.com\">tj@scan-pork.com.<\/a>Wir werden Ihre Anfrage schnellstm\u00f6glich beantworten. Rufen Sie uns unter<\/p>\t\t\t\t\t\t\t\t<\/div>\n\t\t\t\t<\/div>\n\t\t\t\t<div class=\"elementor-element elementor-element-dfcfe8d elementor-align-left cta elementor-widget elementor-widget-button\" data-id=\"dfcfe8d\" data-element_type=\"widget\" data-e-type=\"widget\" data-widget_type=\"button.default\">\n\t\t\t\t<div class=\"elementor-widget-container\">\n\t\t\t\t\t\t\t\t\t<div class=\"elementor-button-wrapper\">\n\t\t\t\t\t<a class=\"elementor-button elementor-button-link elementor-size-sm\" href=\"https:\/\/scan-pork.com\/kontakt\/\">\n\t\t\t\t\t\t<span class=\"elementor-button-content-wrapper\">\n\t\t\t\t\t\t\t\t\t<span class=\"elementor-button-text\">Kontaktieren Sie uns noch heute<\/span>\n\t\t\t\t\t<\/span>\n\t\t\t\t\t<\/a>\n\t\t\t\t<\/div>\n\t\t\t\t\t\t\t\t<\/div>\n\t\t\t\t<\/div>\n\t\t\t\t\t<\/div>\n\t\t\t\t<\/div>\n\t\t\t\t<\/div>\n\t\t","protected":false},"excerpt":{"rendered":"<p>Scan-Pork \u00fcbernimmt Verantwortung &#8211; auf ganzer Strecke<\/p>\n","protected":false},"author":8,"featured_media":8701,"parent":0,"menu_order":1004,"comment_status":"closed","ping_status":"closed","template":"","meta":{"_acf_changed":false,"footnotes":""},"categories":[],"class_list":["post-8763","page","type-page","status-publish","has-post-thumbnail"],"acf":[],"yoast_head":"<!-- This site is optimized with the Yoast SEO plugin v27.2 - https:\/\/yoast.com\/product\/yoast-seo-wordpress\/ -->\n<title>Sicherer Transport | Scan-Pork A\/S<\/title>\n<meta name=\"robots\" content=\"index, follow, max-snippet:-1, max-image-preview:large, max-video-preview:-1\" \/>\n<link rel=\"canonical\" href=\"https:\/\/scan-pork.com\/transport\/\" \/>\n<meta property=\"og:locale\" content=\"de_DE\" \/>\n<meta property=\"og:type\" content=\"article\" \/>\n<meta property=\"og:title\" content=\"Sicherer Transport | Scan-Pork A\/S\" \/>\n<meta property=\"og:description\" content=\"Scan-Pork \u00fcbernimmt Verantwortung - auf ganzer Strecke\" \/>\n<meta property=\"og:url\" content=\"https:\/\/scan-pork.com\/transport\/\" \/>\n<meta property=\"og:site_name\" content=\"Scan-Pork A\/S\" \/>\n<meta property=\"article:modified_time\" content=\"2024-12-20T11:24:38+00:00\" \/>\n<meta property=\"og:image\" content=\"https:\/\/scan-pork.com\/wp-content\/uploads\/2024\/02\/frontpic01.jpg\" \/>\n\t<meta property=\"og:image:width\" content=\"980\" \/>\n\t<meta property=\"og:image:height\" content=\"286\" \/>\n\t<meta property=\"og:image:type\" content=\"image\/jpeg\" \/>\n<meta name=\"twitter:card\" content=\"summary_large_image\" \/>\n<meta name=\"twitter:label1\" content=\"Gesch\u00e4tzte Lesezeit\" \/>\n\t<meta name=\"twitter:data1\" content=\"1\u00a0Minute\" \/>\n<script type=\"application\/ld+json\" class=\"yoast-schema-graph\">{\"@context\":\"https:\/\/schema.org\",\"@graph\":[{\"@type\":\"WebPage\",\"@id\":\"https:\/\/scan-pork.com\/transport\/\",\"url\":\"https:\/\/scan-pork.com\/transport\/\",\"name\":\"Sicherer Transport | Scan-Pork A\/S\",\"isPartOf\":{\"@id\":\"https:\/\/scan-pork.com\/#website\"},\"primaryImageOfPage\":{\"@id\":\"https:\/\/scan-pork.com\/transport\/#primaryimage\"},\"image\":{\"@id\":\"https:\/\/scan-pork.com\/transport\/#primaryimage\"},\"thumbnailUrl\":\"https:\/\/scan-pork.com\/wp-content\/uploads\/2024\/02\/frontpic01.jpg\",\"datePublished\":\"2024-02-28T08:57:30+00:00\",\"dateModified\":\"2024-12-20T11:24:38+00:00\",\"breadcrumb\":{\"@id\":\"https:\/\/scan-pork.com\/transport\/#breadcrumb\"},\"inLanguage\":\"de\",\"potentialAction\":[{\"@type\":\"ReadAction\",\"target\":[\"https:\/\/scan-pork.com\/transport\/\"]}]},{\"@type\":\"ImageObject\",\"inLanguage\":\"de\",\"@id\":\"https:\/\/scan-pork.com\/transport\/#primaryimage\",\"url\":\"https:\/\/scan-pork.com\/wp-content\/uploads\/2024\/02\/frontpic01.jpg\",\"contentUrl\":\"https:\/\/scan-pork.com\/wp-content\/uploads\/2024\/02\/frontpic01.jpg\",\"width\":980,\"height\":286},{\"@type\":\"BreadcrumbList\",\"@id\":\"https:\/\/scan-pork.com\/transport\/#breadcrumb\",\"itemListElement\":[{\"@type\":\"ListItem\",\"position\":1,\"name\":\"Forside\",\"item\":\"https:\/\/scan-pork.com\/\"},{\"@type\":\"ListItem\",\"position\":2,\"name\":\"Sicherer Transport\"}]},{\"@type\":\"WebSite\",\"@id\":\"https:\/\/scan-pork.com\/#website\",\"url\":\"https:\/\/scan-pork.com\/\",\"name\":\"Scan-Pork A\/S\",\"description\":\"Specialister i salg af sm\u00e5grise\",\"publisher\":{\"@id\":\"https:\/\/scan-pork.com\/#organization\"},\"potentialAction\":[{\"@type\":\"SearchAction\",\"target\":{\"@type\":\"EntryPoint\",\"urlTemplate\":\"https:\/\/scan-pork.com\/?s={search_term_string}\"},\"query-input\":{\"@type\":\"PropertyValueSpecification\",\"valueRequired\":true,\"valueName\":\"search_term_string\"}}],\"inLanguage\":\"de\"},{\"@type\":\"Organization\",\"@id\":\"https:\/\/scan-pork.com\/#organization\",\"name\":\"Scan-Pork A\/S\",\"url\":\"https:\/\/scan-pork.com\/\",\"logo\":{\"@type\":\"ImageObject\",\"inLanguage\":\"de\",\"@id\":\"https:\/\/scan-pork.com\/#\/schema\/logo\/image\/\",\"url\":\"https:\/\/scan-pork.com\/wp-content\/uploads\/2024\/11\/Scan-Pork-logo@4x.webp\",\"contentUrl\":\"https:\/\/scan-pork.com\/wp-content\/uploads\/2024\/11\/Scan-Pork-logo@4x.webp\",\"width\":842,\"height\":919,\"caption\":\"Scan-Pork A\/S\"},\"image\":{\"@id\":\"https:\/\/scan-pork.com\/#\/schema\/logo\/image\/\"}}]}<\/script>\n<!-- \/ Yoast SEO plugin. -->","yoast_head_json":{"title":"Sicherer Transport | Scan-Pork A\/S","robots":{"index":"index","follow":"follow","max-snippet":"max-snippet:-1","max-image-preview":"max-image-preview:large","max-video-preview":"max-video-preview:-1"},"canonical":"https:\/\/scan-pork.com\/transport\/","og_locale":"de_DE","og_type":"article","og_title":"Sicherer Transport | Scan-Pork A\/S","og_description":"Scan-Pork \u00fcbernimmt Verantwortung - auf ganzer Strecke","og_url":"https:\/\/scan-pork.com\/transport\/","og_site_name":"Scan-Pork A\/S","article_modified_time":"2024-12-20T11:24:38+00:00","og_image":[{"width":980,"height":286,"url":"https:\/\/scan-pork.com\/wp-content\/uploads\/2024\/02\/frontpic01.jpg","type":"image\/jpeg"}],"twitter_card":"summary_large_image","twitter_misc":{"Gesch\u00e4tzte Lesezeit":"1\u00a0Minute"},"schema":{"@context":"https:\/\/schema.org","@graph":[{"@type":"WebPage","@id":"https:\/\/scan-pork.com\/transport\/","url":"https:\/\/scan-pork.com\/transport\/","name":"Sicherer Transport | Scan-Pork A\/S","isPartOf":{"@id":"https:\/\/scan-pork.com\/#website"},"primaryImageOfPage":{"@id":"https:\/\/scan-pork.com\/transport\/#primaryimage"},"image":{"@id":"https:\/\/scan-pork.com\/transport\/#primaryimage"},"thumbnailUrl":"https:\/\/scan-pork.com\/wp-content\/uploads\/2024\/02\/frontpic01.jpg","datePublished":"2024-02-28T08:57:30+00:00","dateModified":"2024-12-20T11:24:38+00:00","breadcrumb":{"@id":"https:\/\/scan-pork.com\/transport\/#breadcrumb"},"inLanguage":"de","potentialAction":[{"@type":"ReadAction","target":["https:\/\/scan-pork.com\/transport\/"]}]},{"@type":"ImageObject","inLanguage":"de","@id":"https:\/\/scan-pork.com\/transport\/#primaryimage","url":"https:\/\/scan-pork.com\/wp-content\/uploads\/2024\/02\/frontpic01.jpg","contentUrl":"https:\/\/scan-pork.com\/wp-content\/uploads\/2024\/02\/frontpic01.jpg","width":980,"height":286},{"@type":"BreadcrumbList","@id":"https:\/\/scan-pork.com\/transport\/#breadcrumb","itemListElement":[{"@type":"ListItem","position":1,"name":"Forside","item":"https:\/\/scan-pork.com\/"},{"@type":"ListItem","position":2,"name":"Sicherer Transport"}]},{"@type":"WebSite","@id":"https:\/\/scan-pork.com\/#website","url":"https:\/\/scan-pork.com\/","name":"Scan-Pork A\/S","description":"Specialister i salg af sm\u00e5grise","publisher":{"@id":"https:\/\/scan-pork.com\/#organization"},"potentialAction":[{"@type":"SearchAction","target":{"@type":"EntryPoint","urlTemplate":"https:\/\/scan-pork.com\/?s={search_term_string}"},"query-input":{"@type":"PropertyValueSpecification","valueRequired":true,"valueName":"search_term_string"}}],"inLanguage":"de"},{"@type":"Organization","@id":"https:\/\/scan-pork.com\/#organization","name":"Scan-Pork A\/S","url":"https:\/\/scan-pork.com\/","logo":{"@type":"ImageObject","inLanguage":"de","@id":"https:\/\/scan-pork.com\/#\/schema\/logo\/image\/","url":"https:\/\/scan-pork.com\/wp-content\/uploads\/2024\/11\/Scan-Pork-logo@4x.webp","contentUrl":"https:\/\/scan-pork.com\/wp-content\/uploads\/2024\/11\/Scan-Pork-logo@4x.webp","width":842,"height":919,"caption":"Scan-Pork A\/S"},"image":{"@id":"https:\/\/scan-pork.com\/#\/schema\/logo\/image\/"}}]}},"_links":{"self":[{"href":"https:\/\/scan-pork.com\/de\/wp-json\/wp\/v2\/pages\/8763","targetHints":{"allow":["GET"]}}],"collection":[{"href":"https:\/\/scan-pork.com\/de\/wp-json\/wp\/v2\/pages"}],"about":[{"href":"https:\/\/scan-pork.com\/de\/wp-json\/wp\/v2\/types\/page"}],"author":[{"embeddable":true,"href":"https:\/\/scan-pork.com\/de\/wp-json\/wp\/v2\/users\/8"}],"replies":[{"embeddable":true,"href":"https:\/\/scan-pork.com\/de\/wp-json\/wp\/v2\/comments?post=8763"}],"version-history":[{"count":32,"href":"https:\/\/scan-pork.com\/de\/wp-json\/wp\/v2\/pages\/8763\/revisions"}],"predecessor-version":[{"id":9807,"href":"https:\/\/scan-pork.com\/de\/wp-json\/wp\/v2\/pages\/8763\/revisions\/9807"}],"wp:featuredmedia":[{"embeddable":true,"href":"https:\/\/scan-pork.com\/de\/wp-json\/wp\/v2\/media\/8701"}],"wp:attachment":[{"href":"https:\/\/scan-pork.com\/de\/wp-json\/wp\/v2\/media?parent=8763"}],"wp:term":[{"taxonomy":"category","embeddable":true,"href":"https:\/\/scan-pork.com\/de\/wp-json\/wp\/v2\/categories?post=8763"}],"curies":[{"name":"wp","href":"https:\/\/api.w.org\/{rel}","templated":true}]}}