{"id":8748,"date":"2024-02-28T09:57:30","date_gmt":"2024-02-28T08:57:30","guid":{"rendered":"https:\/\/scan-pork.com\/ferkel\/"},"modified":"2024-12-20T13:50:31","modified_gmt":"2024-12-20T12:50:31","slug":"ferkel","status":"publish","type":"page","link":"https:\/\/scan-pork.com\/de\/ferkel\/","title":{"rendered":"Export von Qualit\u00e4tsferkeln"},"content":{"rendered":"\t\t<div data-elementor-type=\"wp-page\" data-elementor-id=\"8748\" class=\"elementor elementor-8748 elementor-8469\" data-elementor-post-type=\"page\">\n\t\t\t\t<div class=\"elementor-element elementor-element-00c6cc7 e-con-full no-padding e-flex e-con e-parent\" data-id=\"00c6cc7\" data-element_type=\"container\" data-e-type=\"container\" data-settings=\"{&quot;background_background&quot;:&quot;video&quot;}\">\n\t\t<div class=\"elementor-element elementor-element-92723de white e-flex e-con-boxed elementor-invisible e-con e-child\" data-id=\"92723de\" data-element_type=\"container\" data-e-type=\"container\" data-settings=\"{&quot;background_background&quot;:&quot;classic&quot;,&quot;animation&quot;:&quot;fadeIn&quot;,&quot;animation_delay&quot;:1000}\">\n\t\t\t\t\t<div class=\"e-con-inner\">\n\t\t<div class=\"elementor-element elementor-element-9641960 e-con-full e-flex e-con e-child\" data-id=\"9641960\" data-element_type=\"container\" data-e-type=\"container\">\n\t\t\t\t<div class=\"elementor-element elementor-element-3250b66 elementor-widget__width-inherit elementor-invisible elementor-widget elementor-widget-heading\" data-id=\"3250b66\" data-element_type=\"widget\" data-e-type=\"widget\" data-settings=\"{&quot;_animation&quot;:&quot;fadeIn&quot;,&quot;_animation_delay&quot;:1400}\" data-widget_type=\"heading.default\">\n\t\t\t\t<div class=\"elementor-widget-container\">\n\t\t\t\t\t<h1 class=\"elementor-heading-title elementor-size-default\">Export von Qualit\u00e4tsferkeln<\/h1>\t\t\t\t<\/div>\n\t\t\t\t<\/div>\n\t\t\t\t<div class=\"elementor-element elementor-element-eaf26ad elementor-widget__width-inherit elementor-invisible elementor-widget elementor-widget-heading\" data-id=\"eaf26ad\" data-element_type=\"widget\" data-e-type=\"widget\" data-settings=\"{&quot;_animation&quot;:&quot;fadeIn&quot;,&quot;_animation_delay&quot;:1400}\" data-widget_type=\"heading.default\">\n\t\t\t\t<div class=\"elementor-widget-container\">\n\t\t\t\t\t<h1 class=\"elementor-heading-title elementor-size-default\">Scan-Pork sorgt f\u00fcr Sicherheit und Effizienz<\/h1>\t\t\t\t<\/div>\n\t\t\t\t<\/div>\n\t\t\t\t<div class=\"elementor-element elementor-element-7ce60db elementor-align-justify elementor-widget__width-initial elementor-invisible elementor-widget elementor-widget-button\" data-id=\"7ce60db\" data-element_type=\"widget\" data-e-type=\"widget\" data-settings=\"{&quot;_animation&quot;:&quot;fadeIn&quot;,&quot;_animation_delay&quot;:1800}\" data-widget_type=\"button.default\">\n\t\t\t\t<div class=\"elementor-widget-container\">\n\t\t\t\t\t\t\t\t\t<div class=\"elementor-button-wrapper\">\n\t\t\t\t\t<a class=\"elementor-button elementor-button-link elementor-size-sm\" href=\"\/kontakt\/\">\n\t\t\t\t\t\t<span class=\"elementor-button-content-wrapper\">\n\t\t\t\t\t\t\t\t\t<span class=\"elementor-button-text\">Kontaktieren Sie uns<\/span>\n\t\t\t\t\t<\/span>\n\t\t\t\t\t<\/a>\n\t\t\t\t<\/div>\n\t\t\t\t\t\t\t\t<\/div>\n\t\t\t\t<\/div>\n\t\t\t\t<div class=\"elementor-element elementor-element-c1995b1 elementor-align-justify elementor-widget__width-initial scroll border elementor-hidden-mobile elementor-invisible elementor-widget elementor-widget-button\" data-id=\"c1995b1\" data-element_type=\"widget\" data-e-type=\"widget\" data-settings=\"{&quot;_animation&quot;:&quot;fadeIn&quot;,&quot;_animation_delay&quot;:2000}\" data-widget_type=\"button.default\">\n\t\t\t\t<div class=\"elementor-widget-container\">\n\t\t\t\t\t\t\t\t\t<div class=\"elementor-button-wrapper\">\n\t\t\t\t\t<a class=\"elementor-button elementor-button-link elementor-size-sm\" href=\"#\">\n\t\t\t\t\t\t<span class=\"elementor-button-content-wrapper\">\n\t\t\t\t\t\t\t\t\t<span class=\"elementor-button-text\">Mehr lesen<\/span>\n\t\t\t\t\t<\/span>\n\t\t\t\t\t<\/a>\n\t\t\t\t<\/div>\n\t\t\t\t\t\t\t\t<\/div>\n\t\t\t\t<\/div>\n\t\t\t\t<\/div>\n\t\t\t\t\t<\/div>\n\t\t\t\t<\/div>\n\t\t\t\t<\/div>\n\t\t<div class=\"elementor-element elementor-element-1d1a001d e-flex e-con-boxed e-con e-parent\" data-id=\"1d1a001d\" data-element_type=\"container\" data-e-type=\"container\">\n\t\t\t\t\t<div class=\"e-con-inner\">\n\t\t<div class=\"elementor-element elementor-element-411cffcb e-con-full e-flex e-con e-child\" data-id=\"411cffcb\" data-element_type=\"container\" data-e-type=\"container\">\n\t\t\t\t<div class=\"elementor-element elementor-element-594d292 elementor-widget elementor-widget-text-editor\" data-id=\"594d292\" data-element_type=\"widget\" data-e-type=\"widget\" data-widget_type=\"text-editor.default\">\n\t\t\t\t<div class=\"elementor-widget-container\">\n\t\t\t\t\t\t\t\t\t<h2>Ferkel<\/h2><p>In den letzten 20 Jahren haben wir uns darauf spezialisiert, qualitativ hochwertige Ferkel auf den Exportm\u00e4rkten in Europa zu ver\u00e4u\u00dfern. Auf diese Weise werden die Gewinn- und Produktionsergebnisse von K\u00e4ufer und Verk\u00e4ufer optimiert. Unsere ausl\u00e4ndischen Kunden sch\u00e4tzen die gro\u00dfartigen genetischen Vorz\u00fcge der d\u00e4nischen Ferkel, und unsere d\u00e4nischen Landwirte k\u00f6nnen die Ferkel am europ\u00e4ischen Markt mit all seinen Vorteilen verkaufen.<\/p><p>Um sicherzustellen, dass der Handel ideal verl\u00e4uft, sind wir stets selbst beim Umladen der Ferkel auf die Exportfahrzeuge vor Ort. Das ist Ihre Garantie daf\u00fcr, dass keine Missverst\u00e4ndnisse oder Fehler in Bezug auf die Qualit\u00e4t, Anzahl usw. der Ferkel entstehen. Als ernst zu nehmender Akteur auf dem Markt ist es f\u00fcr uns wirklich entscheidend, dass uns die Kunden auf beiden Seiten des Handels vertrauen k\u00f6nnen. Daher engagieren wir uns in diesem Bereich besonders \u2013 Ihre Garantie f\u00fcr einen korrekten Handel.<\/p><p>Der Ferkelmarkt w\u00e4chst rasant. Wir m\u00f6chten dieses Potenzial dazu nutzen, um unsere guten Verbindungen noch zu st\u00e4rken, sodass wir stets den Absatzanforderungen unserer Kunden in Bezug auf qualitativ hochwertige Ferkel gerecht werden k\u00f6nnen. Sie k\u00f6nnen sich vertrauensvoll an Scan-Pork wenden, wenn Sie Ferkel verkaufen oder kaufen m\u00f6chten!<\/p>\t\t\t\t\t\t\t\t<\/div>\n\t\t\t\t<\/div>\n\t\t\t\t<\/div>\n\t\t<div class=\"elementor-element elementor-element-4b11297b e-con-full e-flex e-con e-child\" data-id=\"4b11297b\" data-element_type=\"container\" data-e-type=\"container\">\n\t\t\t\t<div class=\"elementor-element elementor-element-4fa67fe0 dark elementor-widget elementor-widget-sidebar\" data-id=\"4fa67fe0\" data-element_type=\"widget\" data-e-type=\"widget\" data-widget_type=\"sidebar.default\">\n\t\t\t\t<div class=\"elementor-widget-container\">\n\t\t\t\t\t<aside id=\"text-13\" class=\"widget-odd widget-5 widget inner-padding widget_text\"><h2 class=\"widget-title\">M\u00f6chten Sie mehr h\u00f6ren?<\/h2>\t\t\t<div class=\"textwidget\"><p>F\u00fcllen Sie das Formular aus und wir werden uns so schnell wie m\u00f6glich mit Ihnen in Verbindung setzen.<\/p>\n<\/div>\n\t\t<\/aside><aside id=\"forminator_widget-5\" class=\"widget-even widget-6 widget inner-padding widget_forminator_widget\"><form id=\"forminator-module-8805\" class=\"forminator-custom-form forminator-custom-form-8805\" method=\"post\" data-forminator-render=\"0\" data-uid=\"69d09f95da061\"><div role=\"alert\" aria-live=\"polite\" class=\"forminator-response-message forminator-error\" aria-hidden=\"true\"><\/div><\/form><\/aside>\t\t\t\t<\/div>\n\t\t\t\t<\/div>\n\t\t\t\t<\/div>\n\t\t\t\t\t<\/div>\n\t\t\t\t<\/div>\n\t\t<div class=\"elementor-element elementor-element-4dbb47a8 light e-flex e-con-boxed e-con e-parent\" data-id=\"4dbb47a8\" data-element_type=\"container\" data-e-type=\"container\">\n\t\t\t\t\t<div class=\"e-con-inner\">\n\t\t\t\t<div class=\"elementor-element elementor-element-2a5962b6 elementor-widget elementor-widget-gallery\" data-id=\"2a5962b6\" data-element_type=\"widget\" data-e-type=\"widget\" data-settings=\"{&quot;gap&quot;:{&quot;unit&quot;:&quot;px&quot;,&quot;size&quot;:30,&quot;sizes&quot;:[]},&quot;aspect_ratio&quot;:&quot;4:3&quot;,&quot;columns_tablet&quot;:3,&quot;columns_mobile&quot;:2,&quot;gap_tablet&quot;:{&quot;unit&quot;:&quot;px&quot;,&quot;size&quot;:15,&quot;sizes&quot;:[]},&quot;gap_mobile&quot;:{&quot;unit&quot;:&quot;px&quot;,&quot;size&quot;:15,&quot;sizes&quot;:[]},&quot;lazyload&quot;:&quot;yes&quot;,&quot;gallery_layout&quot;:&quot;grid&quot;,&quot;columns&quot;:4,&quot;gap_laptop&quot;:{&quot;unit&quot;:&quot;px&quot;,&quot;size&quot;:10,&quot;sizes&quot;:[]},&quot;link_to&quot;:&quot;file&quot;,&quot;content_hover_animation&quot;:&quot;fade-in&quot;}\" data-widget_type=\"gallery.default\">\n\t\t\t\t<div class=\"elementor-widget-container\">\n\t\t\t\t\t\t\t<div class=\"elementor-gallery__container\">\n\t\t\t\t\t\t\t<a class=\"e-gallery-item elementor-gallery-item elementor-animated-content\" href=\"https:\/\/scan-pork.com\/wp-content\/uploads\/2024\/09\/1000007428-scaled.jpg\" data-elementor-open-lightbox=\"yes\" data-elementor-lightbox-slideshow=\"2a5962b6\" data-e-action-hash=\"#elementor-action%3Aaction%3Dlightbox%26settings%3DeyJpZCI6ODk0OSwidXJsIjoiaHR0cHM6XC9cL3NjYW4tcG9yay5jb21cL3dwLWNvbnRlbnRcL3VwbG9hZHNcLzIwMjRcLzA5XC8xMDAwMDA3NDI4LXNjYWxlZC5qcGciLCJzbGlkZXNob3ciOiIyYTU5NjJiNiJ9\">\n\t\t\t\t\t<div class=\"e-gallery-image elementor-gallery-item__image\" data-thumbnail=\"https:\/\/scan-pork.com\/wp-content\/uploads\/2024\/09\/1000007428-scaled.jpg\" data-width=\"2048\" data-height=\"1536\" aria-label=\"\" role=\"img\" ><\/div>\n\t\t\t\t\t\t\t\t\t\t\t\t\t\t<\/a>\n\t\t\t\t\t\t\t<a class=\"e-gallery-item elementor-gallery-item elementor-animated-content\" href=\"https:\/\/scan-pork.com\/wp-content\/uploads\/2024\/09\/1000007438-scaled.jpg\" data-elementor-open-lightbox=\"yes\" data-elementor-lightbox-slideshow=\"2a5962b6\" data-e-action-hash=\"#elementor-action%3Aaction%3Dlightbox%26settings%3DeyJpZCI6ODk0NSwidXJsIjoiaHR0cHM6XC9cL3NjYW4tcG9yay5jb21cL3dwLWNvbnRlbnRcL3VwbG9hZHNcLzIwMjRcLzA5XC8xMDAwMDA3NDM4LXNjYWxlZC5qcGciLCJzbGlkZXNob3ciOiIyYTU5NjJiNiJ9\">\n\t\t\t\t\t<div class=\"e-gallery-image elementor-gallery-item__image\" data-thumbnail=\"https:\/\/scan-pork.com\/wp-content\/uploads\/2024\/09\/1000007438-scaled.jpg\" data-width=\"2048\" data-height=\"1536\" aria-label=\"\" role=\"img\" ><\/div>\n\t\t\t\t\t\t\t\t\t\t\t\t\t\t<\/a>\n\t\t\t\t\t\t\t<a class=\"e-gallery-item elementor-gallery-item elementor-animated-content\" href=\"https:\/\/scan-pork.com\/wp-content\/uploads\/2024\/09\/1000007439-scaled.jpg\" data-elementor-open-lightbox=\"yes\" data-elementor-lightbox-slideshow=\"2a5962b6\" data-e-action-hash=\"#elementor-action%3Aaction%3Dlightbox%26settings%3DeyJpZCI6ODk0MSwidXJsIjoiaHR0cHM6XC9cL3NjYW4tcG9yay5jb21cL3dwLWNvbnRlbnRcL3VwbG9hZHNcLzIwMjRcLzA5XC8xMDAwMDA3NDM5LXNjYWxlZC5qcGciLCJzbGlkZXNob3ciOiIyYTU5NjJiNiJ9\">\n\t\t\t\t\t<div class=\"e-gallery-image elementor-gallery-item__image\" data-thumbnail=\"https:\/\/scan-pork.com\/wp-content\/uploads\/2024\/09\/1000007439-scaled.jpg\" data-width=\"2048\" data-height=\"1536\" aria-label=\"\" role=\"img\" ><\/div>\n\t\t\t\t\t\t\t\t\t\t\t\t\t\t<\/a>\n\t\t\t\t\t\t\t<a class=\"e-gallery-item elementor-gallery-item elementor-animated-content\" href=\"https:\/\/scan-pork.com\/wp-content\/uploads\/2024\/09\/1000007441-scaled.jpg\" data-elementor-open-lightbox=\"yes\" data-elementor-lightbox-slideshow=\"2a5962b6\" data-e-action-hash=\"#elementor-action%3Aaction%3Dlightbox%26settings%3DeyJpZCI6ODkzNywidXJsIjoiaHR0cHM6XC9cL3NjYW4tcG9yay5jb21cL3dwLWNvbnRlbnRcL3VwbG9hZHNcLzIwMjRcLzA5XC8xMDAwMDA3NDQxLXNjYWxlZC5qcGciLCJzbGlkZXNob3ciOiIyYTU5NjJiNiJ9\">\n\t\t\t\t\t<div class=\"e-gallery-image elementor-gallery-item__image\" data-thumbnail=\"https:\/\/scan-pork.com\/wp-content\/uploads\/2024\/09\/1000007441-scaled.jpg\" data-width=\"2048\" data-height=\"1536\" aria-label=\"\" role=\"img\" ><\/div>\n\t\t\t\t\t\t\t\t\t\t\t\t\t\t<\/a>\n\t\t\t\t\t\t\t<a class=\"e-gallery-item elementor-gallery-item elementor-animated-content\" href=\"https:\/\/scan-pork.com\/wp-content\/uploads\/2024\/09\/1000007406-scaled.jpg\" data-elementor-open-lightbox=\"yes\" data-elementor-lightbox-slideshow=\"2a5962b6\" data-e-action-hash=\"#elementor-action%3Aaction%3Dlightbox%26settings%3DeyJpZCI6ODkzMywidXJsIjoiaHR0cHM6XC9cL3NjYW4tcG9yay5jb21cL3dwLWNvbnRlbnRcL3VwbG9hZHNcLzIwMjRcLzA5XC8xMDAwMDA3NDA2LXNjYWxlZC5qcGciLCJzbGlkZXNob3ciOiIyYTU5NjJiNiJ9\">\n\t\t\t\t\t<div class=\"e-gallery-image elementor-gallery-item__image\" data-thumbnail=\"https:\/\/scan-pork.com\/wp-content\/uploads\/2024\/09\/1000007406-scaled.jpg\" data-width=\"2048\" data-height=\"1536\" aria-label=\"\" role=\"img\" ><\/div>\n\t\t\t\t\t\t\t\t\t\t\t\t\t\t<\/a>\n\t\t\t\t\t\t\t<a class=\"e-gallery-item elementor-gallery-item elementor-animated-content\" href=\"https:\/\/scan-pork.com\/wp-content\/uploads\/2024\/09\/1000007409-scaled.jpg\" data-elementor-open-lightbox=\"yes\" data-elementor-lightbox-slideshow=\"2a5962b6\" data-e-action-hash=\"#elementor-action%3Aaction%3Dlightbox%26settings%3DeyJpZCI6ODkyOSwidXJsIjoiaHR0cHM6XC9cL3NjYW4tcG9yay5jb21cL3dwLWNvbnRlbnRcL3VwbG9hZHNcLzIwMjRcLzA5XC8xMDAwMDA3NDA5LXNjYWxlZC5qcGciLCJzbGlkZXNob3ciOiIyYTU5NjJiNiJ9\">\n\t\t\t\t\t<div class=\"e-gallery-image elementor-gallery-item__image\" data-thumbnail=\"https:\/\/scan-pork.com\/wp-content\/uploads\/2024\/09\/1000007409-scaled.jpg\" data-width=\"2048\" data-height=\"1536\" aria-label=\"\" role=\"img\" ><\/div>\n\t\t\t\t\t\t\t\t\t\t\t\t\t\t<\/a>\n\t\t\t\t\t\t\t<a class=\"e-gallery-item elementor-gallery-item elementor-animated-content\" href=\"https:\/\/scan-pork.com\/wp-content\/uploads\/2024\/09\/1000007410-scaled.jpg\" data-elementor-open-lightbox=\"yes\" data-elementor-lightbox-slideshow=\"2a5962b6\" data-e-action-hash=\"#elementor-action%3Aaction%3Dlightbox%26settings%3DeyJpZCI6ODkyNSwidXJsIjoiaHR0cHM6XC9cL3NjYW4tcG9yay5jb21cL3dwLWNvbnRlbnRcL3VwbG9hZHNcLzIwMjRcLzA5XC8xMDAwMDA3NDEwLXNjYWxlZC5qcGciLCJzbGlkZXNob3ciOiIyYTU5NjJiNiJ9\">\n\t\t\t\t\t<div class=\"e-gallery-image elementor-gallery-item__image\" data-thumbnail=\"https:\/\/scan-pork.com\/wp-content\/uploads\/2024\/09\/1000007410-scaled.jpg\" data-width=\"2048\" data-height=\"1536\" aria-label=\"\" role=\"img\" ><\/div>\n\t\t\t\t\t\t\t\t\t\t\t\t\t\t<\/a>\n\t\t\t\t\t\t\t<a class=\"e-gallery-item elementor-gallery-item elementor-animated-content\" href=\"https:\/\/scan-pork.com\/wp-content\/uploads\/2024\/09\/1000007414-scaled.jpg\" data-elementor-open-lightbox=\"yes\" data-elementor-lightbox-slideshow=\"2a5962b6\" data-e-action-hash=\"#elementor-action%3Aaction%3Dlightbox%26settings%3DeyJpZCI6ODkyMSwidXJsIjoiaHR0cHM6XC9cL3NjYW4tcG9yay5jb21cL3dwLWNvbnRlbnRcL3VwbG9hZHNcLzIwMjRcLzA5XC8xMDAwMDA3NDE0LXNjYWxlZC5qcGciLCJzbGlkZXNob3ciOiIyYTU5NjJiNiJ9\">\n\t\t\t\t\t<div class=\"e-gallery-image elementor-gallery-item__image\" data-thumbnail=\"https:\/\/scan-pork.com\/wp-content\/uploads\/2024\/09\/1000007414-scaled.jpg\" data-width=\"2048\" data-height=\"1536\" aria-label=\"\" role=\"img\" ><\/div>\n\t\t\t\t\t\t\t\t\t\t\t\t\t\t<\/a>\n\t\t\t\t\t<\/div>\n\t\t\t\t\t<\/div>\n\t\t\t\t<\/div>\n\t\t\t\t\t<\/div>\n\t\t\t\t<\/div>\n\t\t<div class=\"elementor-element elementor-element-79cab55 white e-flex e-con-boxed e-con e-parent\" data-id=\"79cab55\" data-element_type=\"container\" data-e-type=\"container\" data-settings=\"{&quot;background_background&quot;:&quot;classic&quot;}\">\n\t\t\t\t\t<div class=\"e-con-inner\">\n\t\t\t\t<div class=\"elementor-element elementor-element-baa1e0b elementor-widget__width-initial cta-box elementor-widget elementor-widget-text-editor\" data-id=\"baa1e0b\" data-element_type=\"widget\" data-e-type=\"widget\" data-widget_type=\"text-editor.default\">\n\t\t\t\t<div class=\"elementor-widget-container\">\n\t\t\t\t\t\t\t\t\t<h6 style=\"text-align: left;\">Kontaktieren Sie uns noch heute<\/h6><h3 style=\"text-align: left;\">M\u00f6chten Sie mehr wissen?<\/h3><p style=\"text-align: left;\">Sollten Sie hier auf unserer Website nicht gen\u00fcgend Informationen zu Ihrer Wunschaufgabe finden, k\u00f6nnen Sie jederzeit gerne Kontakt zu uns aufnehmen.<\/p><p style=\"text-align: left;\">Rufen Sie uns unter <a href=\"tel:22321240\">(+45) 22 32 12 40<\/a> an oder senden Sie eine E-Mail an <a href=\"mailto:tj@scan-pork.com\">tj@scan-pork.com.<\/a>Wir werden Ihre Anfrage schnellstm\u00f6glich beantworten. Rufen Sie uns unter<\/p>\t\t\t\t\t\t\t\t<\/div>\n\t\t\t\t<\/div>\n\t\t\t\t<div class=\"elementor-element elementor-element-8050a68 elementor-align-left cta elementor-widget elementor-widget-button\" data-id=\"8050a68\" data-element_type=\"widget\" data-e-type=\"widget\" data-widget_type=\"button.default\">\n\t\t\t\t<div class=\"elementor-widget-container\">\n\t\t\t\t\t\t\t\t\t<div class=\"elementor-button-wrapper\">\n\t\t\t\t\t<a class=\"elementor-button elementor-button-link elementor-size-sm\" href=\"https:\/\/scan-pork.com\/kontakt\/\">\n\t\t\t\t\t\t<span class=\"elementor-button-content-wrapper\">\n\t\t\t\t\t\t\t\t\t<span class=\"elementor-button-text\">Kontaktieren Sie uns noch heute<\/span>\n\t\t\t\t\t<\/span>\n\t\t\t\t\t<\/a>\n\t\t\t\t<\/div>\n\t\t\t\t\t\t\t\t<\/div>\n\t\t\t\t<\/div>\n\t\t\t\t\t<\/div>\n\t\t\t\t<\/div>\n\t\t\t\t<\/div>\n\t\t","protected":false},"excerpt":{"rendered":"<p>Scan-Pork sorgt f\u00fcr Sicherheit und Effizienz<\/p>\n","protected":false},"author":8,"featured_media":8937,"parent":0,"menu_order":1003,"comment_status":"closed","ping_status":"closed","template":"","meta":{"_acf_changed":false,"footnotes":""},"categories":[],"class_list":["post-8748","page","type-page","status-publish","has-post-thumbnail"],"acf":[],"yoast_head":"<!-- This site is optimized with the Yoast SEO plugin v27.2 - https:\/\/yoast.com\/product\/yoast-seo-wordpress\/ -->\n<title>Export von Qualit\u00e4tsferkeln | Scan-Pork A\/S<\/title>\n<meta name=\"robots\" content=\"index, follow, max-snippet:-1, max-image-preview:large, max-video-preview:-1\" \/>\n<link rel=\"canonical\" href=\"https:\/\/scan-pork.com\/smaagrise\/\" \/>\n<meta property=\"og:locale\" content=\"de_DE\" \/>\n<meta property=\"og:type\" content=\"article\" \/>\n<meta property=\"og:title\" content=\"Export von Qualit\u00e4tsferkeln | Scan-Pork A\/S\" \/>\n<meta property=\"og:description\" content=\"Scan-Pork sorgt f\u00fcr Sicherheit und Effizienz\" \/>\n<meta property=\"og:url\" content=\"https:\/\/scan-pork.com\/smaagrise\/\" \/>\n<meta property=\"og:site_name\" content=\"Scan-Pork A\/S\" \/>\n<meta property=\"article:modified_time\" content=\"2024-12-20T12:50:31+00:00\" \/>\n<meta property=\"og:image\" content=\"https:\/\/scan-pork.com\/wp-content\/uploads\/2024\/09\/1000007441-scaled.jpg\" \/>\n\t<meta property=\"og:image:width\" content=\"2048\" \/>\n\t<meta property=\"og:image:height\" content=\"1536\" \/>\n\t<meta property=\"og:image:type\" content=\"image\/jpeg\" \/>\n<meta name=\"twitter:card\" content=\"summary_large_image\" \/>\n<meta name=\"twitter:label1\" content=\"Gesch\u00e4tzte Lesezeit\" \/>\n\t<meta name=\"twitter:data1\" content=\"1\u00a0Minute\" \/>\n<script type=\"application\/ld+json\" class=\"yoast-schema-graph\">{\"@context\":\"https:\/\/schema.org\",\"@graph\":[{\"@type\":\"WebPage\",\"@id\":\"https:\/\/scan-pork.com\/smaagrise\/\",\"url\":\"https:\/\/scan-pork.com\/smaagrise\/\",\"name\":\"Export von Qualit\u00e4tsferkeln | Scan-Pork A\/S\",\"isPartOf\":{\"@id\":\"https:\/\/scan-pork.com\/#website\"},\"primaryImageOfPage\":{\"@id\":\"https:\/\/scan-pork.com\/smaagrise\/#primaryimage\"},\"image\":{\"@id\":\"https:\/\/scan-pork.com\/smaagrise\/#primaryimage\"},\"thumbnailUrl\":\"https:\/\/scan-pork.com\/wp-content\/uploads\/2024\/09\/1000007441-scaled.jpg\",\"datePublished\":\"2024-02-28T08:57:30+00:00\",\"dateModified\":\"2024-12-20T12:50:31+00:00\",\"breadcrumb\":{\"@id\":\"https:\/\/scan-pork.com\/smaagrise\/#breadcrumb\"},\"inLanguage\":\"de\",\"potentialAction\":[{\"@type\":\"ReadAction\",\"target\":[\"https:\/\/scan-pork.com\/smaagrise\/\"]}]},{\"@type\":\"ImageObject\",\"inLanguage\":\"de\",\"@id\":\"https:\/\/scan-pork.com\/smaagrise\/#primaryimage\",\"url\":\"https:\/\/scan-pork.com\/wp-content\/uploads\/2024\/09\/1000007441-scaled.jpg\",\"contentUrl\":\"https:\/\/scan-pork.com\/wp-content\/uploads\/2024\/09\/1000007441-scaled.jpg\",\"width\":2048,\"height\":1536},{\"@type\":\"BreadcrumbList\",\"@id\":\"https:\/\/scan-pork.com\/smaagrise\/#breadcrumb\",\"itemListElement\":[{\"@type\":\"ListItem\",\"position\":1,\"name\":\"Forside\",\"item\":\"https:\/\/scan-pork.com\/\"},{\"@type\":\"ListItem\",\"position\":2,\"name\":\"Export von Qualit\u00e4tsferkeln\"}]},{\"@type\":\"WebSite\",\"@id\":\"https:\/\/scan-pork.com\/#website\",\"url\":\"https:\/\/scan-pork.com\/\",\"name\":\"Scan-Pork A\/S\",\"description\":\"Specialister i salg af sm\u00e5grise\",\"publisher\":{\"@id\":\"https:\/\/scan-pork.com\/#organization\"},\"potentialAction\":[{\"@type\":\"SearchAction\",\"target\":{\"@type\":\"EntryPoint\",\"urlTemplate\":\"https:\/\/scan-pork.com\/?s={search_term_string}\"},\"query-input\":{\"@type\":\"PropertyValueSpecification\",\"valueRequired\":true,\"valueName\":\"search_term_string\"}}],\"inLanguage\":\"de\"},{\"@type\":\"Organization\",\"@id\":\"https:\/\/scan-pork.com\/#organization\",\"name\":\"Scan-Pork A\/S\",\"url\":\"https:\/\/scan-pork.com\/\",\"logo\":{\"@type\":\"ImageObject\",\"inLanguage\":\"de\",\"@id\":\"https:\/\/scan-pork.com\/#\/schema\/logo\/image\/\",\"url\":\"https:\/\/scan-pork.com\/wp-content\/uploads\/2024\/11\/Scan-Pork-logo@4x.webp\",\"contentUrl\":\"https:\/\/scan-pork.com\/wp-content\/uploads\/2024\/11\/Scan-Pork-logo@4x.webp\",\"width\":842,\"height\":919,\"caption\":\"Scan-Pork A\/S\"},\"image\":{\"@id\":\"https:\/\/scan-pork.com\/#\/schema\/logo\/image\/\"}}]}<\/script>\n<!-- \/ Yoast SEO plugin. -->","yoast_head_json":{"title":"Export von Qualit\u00e4tsferkeln | Scan-Pork A\/S","robots":{"index":"index","follow":"follow","max-snippet":"max-snippet:-1","max-image-preview":"max-image-preview:large","max-video-preview":"max-video-preview:-1"},"canonical":"https:\/\/scan-pork.com\/smaagrise\/","og_locale":"de_DE","og_type":"article","og_title":"Export von Qualit\u00e4tsferkeln | Scan-Pork A\/S","og_description":"Scan-Pork sorgt f\u00fcr Sicherheit und Effizienz","og_url":"https:\/\/scan-pork.com\/smaagrise\/","og_site_name":"Scan-Pork A\/S","article_modified_time":"2024-12-20T12:50:31+00:00","og_image":[{"width":2048,"height":1536,"url":"https:\/\/scan-pork.com\/wp-content\/uploads\/2024\/09\/1000007441-scaled.jpg","type":"image\/jpeg"}],"twitter_card":"summary_large_image","twitter_misc":{"Gesch\u00e4tzte Lesezeit":"1\u00a0Minute"},"schema":{"@context":"https:\/\/schema.org","@graph":[{"@type":"WebPage","@id":"https:\/\/scan-pork.com\/smaagrise\/","url":"https:\/\/scan-pork.com\/smaagrise\/","name":"Export von Qualit\u00e4tsferkeln | Scan-Pork A\/S","isPartOf":{"@id":"https:\/\/scan-pork.com\/#website"},"primaryImageOfPage":{"@id":"https:\/\/scan-pork.com\/smaagrise\/#primaryimage"},"image":{"@id":"https:\/\/scan-pork.com\/smaagrise\/#primaryimage"},"thumbnailUrl":"https:\/\/scan-pork.com\/wp-content\/uploads\/2024\/09\/1000007441-scaled.jpg","datePublished":"2024-02-28T08:57:30+00:00","dateModified":"2024-12-20T12:50:31+00:00","breadcrumb":{"@id":"https:\/\/scan-pork.com\/smaagrise\/#breadcrumb"},"inLanguage":"de","potentialAction":[{"@type":"ReadAction","target":["https:\/\/scan-pork.com\/smaagrise\/"]}]},{"@type":"ImageObject","inLanguage":"de","@id":"https:\/\/scan-pork.com\/smaagrise\/#primaryimage","url":"https:\/\/scan-pork.com\/wp-content\/uploads\/2024\/09\/1000007441-scaled.jpg","contentUrl":"https:\/\/scan-pork.com\/wp-content\/uploads\/2024\/09\/1000007441-scaled.jpg","width":2048,"height":1536},{"@type":"BreadcrumbList","@id":"https:\/\/scan-pork.com\/smaagrise\/#breadcrumb","itemListElement":[{"@type":"ListItem","position":1,"name":"Forside","item":"https:\/\/scan-pork.com\/"},{"@type":"ListItem","position":2,"name":"Export von Qualit\u00e4tsferkeln"}]},{"@type":"WebSite","@id":"https:\/\/scan-pork.com\/#website","url":"https:\/\/scan-pork.com\/","name":"Scan-Pork A\/S","description":"Specialister i salg af sm\u00e5grise","publisher":{"@id":"https:\/\/scan-pork.com\/#organization"},"potentialAction":[{"@type":"SearchAction","target":{"@type":"EntryPoint","urlTemplate":"https:\/\/scan-pork.com\/?s={search_term_string}"},"query-input":{"@type":"PropertyValueSpecification","valueRequired":true,"valueName":"search_term_string"}}],"inLanguage":"de"},{"@type":"Organization","@id":"https:\/\/scan-pork.com\/#organization","name":"Scan-Pork A\/S","url":"https:\/\/scan-pork.com\/","logo":{"@type":"ImageObject","inLanguage":"de","@id":"https:\/\/scan-pork.com\/#\/schema\/logo\/image\/","url":"https:\/\/scan-pork.com\/wp-content\/uploads\/2024\/11\/Scan-Pork-logo@4x.webp","contentUrl":"https:\/\/scan-pork.com\/wp-content\/uploads\/2024\/11\/Scan-Pork-logo@4x.webp","width":842,"height":919,"caption":"Scan-Pork A\/S"},"image":{"@id":"https:\/\/scan-pork.com\/#\/schema\/logo\/image\/"}}]}},"_links":{"self":[{"href":"https:\/\/scan-pork.com\/de\/wp-json\/wp\/v2\/pages\/8748","targetHints":{"allow":["GET"]}}],"collection":[{"href":"https:\/\/scan-pork.com\/de\/wp-json\/wp\/v2\/pages"}],"about":[{"href":"https:\/\/scan-pork.com\/de\/wp-json\/wp\/v2\/types\/page"}],"author":[{"embeddable":true,"href":"https:\/\/scan-pork.com\/de\/wp-json\/wp\/v2\/users\/8"}],"replies":[{"embeddable":true,"href":"https:\/\/scan-pork.com\/de\/wp-json\/wp\/v2\/comments?post=8748"}],"version-history":[{"count":31,"href":"https:\/\/scan-pork.com\/de\/wp-json\/wp\/v2\/pages\/8748\/revisions"}],"predecessor-version":[{"id":9868,"href":"https:\/\/scan-pork.com\/de\/wp-json\/wp\/v2\/pages\/8748\/revisions\/9868"}],"wp:featuredmedia":[{"embeddable":true,"href":"https:\/\/scan-pork.com\/de\/wp-json\/wp\/v2\/media\/8937"}],"wp:attachment":[{"href":"https:\/\/scan-pork.com\/de\/wp-json\/wp\/v2\/media?parent=8748"}],"wp:term":[{"taxonomy":"category","embeddable":true,"href":"https:\/\/scan-pork.com\/de\/wp-json\/wp\/v2\/categories?post=8748"}],"curies":[{"name":"wp","href":"https:\/\/api.w.org\/{rel}","templated":true}]}}