{"id":8739,"date":"2020-02-12T08:51:30","date_gmt":"2020-02-12T07:51:30","guid":{"rendered":"https:\/\/scan-pork.com\/front\/"},"modified":"2024-12-27T14:46:10","modified_gmt":"2024-12-27T13:46:10","slug":"front","status":"publish","type":"page","link":"https:\/\/scan-pork.com\/de\/","title":{"rendered":"Front"},"content":{"rendered":"\t\t<div data-elementor-type=\"wp-page\" data-elementor-id=\"8739\" class=\"elementor elementor-8739 elementor-15\" data-elementor-post-type=\"page\">\n\t\t\t\t<div class=\"elementor-element elementor-element-3b321f4 e-con-full no-padding e-flex e-con e-parent\" data-id=\"3b321f4\" data-element_type=\"container\" data-e-type=\"container\" data-settings=\"{&quot;background_background&quot;:&quot;video&quot;}\">\n\t\t<div class=\"elementor-element elementor-element-7560487 white e-flex e-con-boxed elementor-invisible e-con e-child\" data-id=\"7560487\" data-element_type=\"container\" data-e-type=\"container\" data-settings=\"{&quot;background_background&quot;:&quot;video&quot;,&quot;background_video_link&quot;:&quot;https:\\\/\\\/gostmediaserviceprod.blob.core.windows.net\\\/asset-c0bb1cb8-4d25-4620-9240-9df79c4c3d70\\\/scanpork_(db)%20(1080p)_1280x720_3400k.mp4&quot;,&quot;animation&quot;:&quot;fadeIn&quot;,&quot;animation_delay&quot;:1000,&quot;background_play_on_mobile&quot;:&quot;yes&quot;}\">\n\t\t\t\t\t<div class=\"e-con-inner\">\n\t\t<div class=\"elementor-background-video-container\">\n\t\t\t\t\t\t\t<video class=\"elementor-background-video-hosted\" role=\"presentation\" autoplay muted playsinline loop><\/video>\n\t\t\t\t\t<\/div><div class=\"elementor-element elementor-element-8460499 e-con-full e-flex e-con e-child\" data-id=\"8460499\" data-element_type=\"container\" data-e-type=\"container\">\n\t\t\t\t<div class=\"elementor-element elementor-element-ab45b6b elementor-widget__width-inherit elementor-invisible elementor-widget elementor-widget-heading\" data-id=\"ab45b6b\" data-element_type=\"widget\" data-e-type=\"widget\" data-settings=\"{&quot;_animation&quot;:&quot;fadeIn&quot;,&quot;_animation_delay&quot;:1400}\" data-widget_type=\"heading.default\">\n\t\t\t\t<div class=\"elementor-widget-container\">\n\t\t\t\t\t<h1 class=\"elementor-heading-title elementor-size-default\">Spezialisten im Verkauf von Ferkeln<\/h1>\t\t\t\t<\/div>\n\t\t\t\t<\/div>\n\t\t\t\t<div class=\"elementor-element elementor-element-228b8e1 elementor-align-justify elementor-widget__width-initial elementor-invisible elementor-widget elementor-widget-button\" data-id=\"228b8e1\" data-element_type=\"widget\" data-e-type=\"widget\" data-settings=\"{&quot;_animation&quot;:&quot;fadeIn&quot;,&quot;_animation_delay&quot;:1800}\" data-widget_type=\"button.default\">\n\t\t\t\t<div class=\"elementor-widget-container\">\n\t\t\t\t\t\t\t\t\t<div class=\"elementor-button-wrapper\">\n\t\t\t\t\t<a class=\"elementor-button elementor-button-link elementor-size-sm\" href=\"\/kontakt\/\">\n\t\t\t\t\t\t<span class=\"elementor-button-content-wrapper\">\n\t\t\t\t\t\t\t\t\t<span class=\"elementor-button-text\">Kontaktieren Sie uns<\/span>\n\t\t\t\t\t<\/span>\n\t\t\t\t\t<\/a>\n\t\t\t\t<\/div>\n\t\t\t\t\t\t\t\t<\/div>\n\t\t\t\t<\/div>\n\t\t\t\t<div class=\"elementor-element elementor-element-f85934e elementor-align-justify elementor-widget__width-initial scroll border elementor-hidden-mobile elementor-invisible elementor-widget elementor-widget-button\" data-id=\"f85934e\" data-element_type=\"widget\" data-e-type=\"widget\" data-settings=\"{&quot;_animation&quot;:&quot;fadeIn&quot;,&quot;_animation_delay&quot;:2000}\" data-widget_type=\"button.default\">\n\t\t\t\t<div class=\"elementor-widget-container\">\n\t\t\t\t\t\t\t\t\t<div class=\"elementor-button-wrapper\">\n\t\t\t\t\t<a class=\"elementor-button elementor-button-link elementor-size-sm\" href=\"#\">\n\t\t\t\t\t\t<span class=\"elementor-button-content-wrapper\">\n\t\t\t\t\t\t\t\t\t<span class=\"elementor-button-text\">Mehr lesen<\/span>\n\t\t\t\t\t<\/span>\n\t\t\t\t\t<\/a>\n\t\t\t\t<\/div>\n\t\t\t\t\t\t\t\t<\/div>\n\t\t\t\t<\/div>\n\t\t\t\t<\/div>\n\t\t\t\t\t<\/div>\n\t\t\t\t<\/div>\n\t\t\t\t<\/div>\n\t\t<div class=\"elementor-element elementor-element-71813d90 e-flex e-con-boxed e-con e-parent\" data-id=\"71813d90\" data-element_type=\"container\" data-e-type=\"container\" data-settings=\"{&quot;background_background&quot;:&quot;classic&quot;}\">\n\t\t\t\t\t<div class=\"e-con-inner\">\n\t\t\t\t<div class=\"elementor-element elementor-element-1e3702a0 elementor-widget elementor-widget-text-editor\" data-id=\"1e3702a0\" data-element_type=\"widget\" data-e-type=\"widget\" data-widget_type=\"text-editor.default\">\n\t\t\t\t<div class=\"elementor-widget-container\">\n\t\t\t\t\t\t\t\t\t<p style=\"text-align: left;\">Scan-Pork A\/S<\/p><h1 style=\"text-align: left;\"><span class=\"NormalTextRun SCXW76098378 BCX0\">Scan-<\/span><span class=\"NormalTextRun SpellingErrorV2Themed SCXW76098378 BCX0\">Pork<\/span><span class=\"NormalTextRun SCXW76098378 BCX0\"> &#8211; <\/span><span class=\"NormalTextRun SCXW76098378 BCX0\">d\u00e4nische <\/span><span class=\"NormalTextRun SCXW76098378 BCX0\">Kompetenz<\/span><span class=\"NormalTextRun SCXW76098378 BCX0\"> und Qualit\u00e4t <\/span><span class=\"NormalTextRun SCXW76098378 BCX0\">be<\/span><span class=\"NormalTextRun SCXW76098378 BCX0\">im Ferkelexport<\/span><\/h1><p style=\"text-align: left;\">Scan-Pork A\/S ist eine d\u00e4nische Exportfirma, die sich auf den Verkauf von Ferkeln f\u00fcr einen weltweit stark wachsenden Markt spezialisiert hat. Die Firma besteht seit dem Jahr 2001. Die Beratung unserer Kunden liegt uns wirklich am Herzen. Sie sollen die Zusammenarbeit mit Scan-Pork als optimal erleben. Dies gilt \u00fcbrigens sowohl f\u00fcr die d\u00e4nischen Produzenten als auch f\u00fcr die ausl\u00e4ndischen K\u00e4ufer der Zuchttiere. .. Auf der Grundlage unserer Erfahrung mit der Landwirtschaft setzen wir alles daran, unsere Kunden gut zu beraten, sodass diese die Zusammenarbeit mit Scan-Pork beim Kauf- und Verkaufsprozess als optimal erleben. Und dies gilt sowohl f\u00fcr die d\u00e4nischen Produzenten und Lieferanten als auch f\u00fcr die europ\u00e4ischen K\u00e4ufer. Um sicherzustellen, dass der Handel ideal verl\u00e4uft, sind wir beim Export der Schweine stets vor Ort. Auf diese Weise vermeiden wir Fehler und Missverst\u00e4ndnisse in Bezug auf die Anzahl und die Qualit\u00e4t. F\u00fcr Sie als Lieferant ist das die Garantie f\u00fcr einen korrekten Handel.<\/p>\t\t\t\t\t\t\t\t<\/div>\n\t\t\t\t<\/div>\n\t\t\t\t<div class=\"elementor-element elementor-element-3bd2c4d elementor-widget elementor-widget-gallery\" data-id=\"3bd2c4d\" data-element_type=\"widget\" data-e-type=\"widget\" data-settings=\"{&quot;aspect_ratio&quot;:&quot;1:1&quot;,&quot;lazyload&quot;:&quot;yes&quot;,&quot;gallery_layout&quot;:&quot;grid&quot;,&quot;columns&quot;:4,&quot;columns_tablet&quot;:2,&quot;columns_mobile&quot;:1,&quot;gap&quot;:{&quot;unit&quot;:&quot;px&quot;,&quot;size&quot;:10,&quot;sizes&quot;:[]},&quot;gap_laptop&quot;:{&quot;unit&quot;:&quot;px&quot;,&quot;size&quot;:10,&quot;sizes&quot;:[]},&quot;gap_tablet&quot;:{&quot;unit&quot;:&quot;px&quot;,&quot;size&quot;:10,&quot;sizes&quot;:[]},&quot;gap_mobile&quot;:{&quot;unit&quot;:&quot;px&quot;,&quot;size&quot;:10,&quot;sizes&quot;:[]},&quot;link_to&quot;:&quot;file&quot;,&quot;content_hover_animation&quot;:&quot;fade-in&quot;}\" data-widget_type=\"gallery.default\">\n\t\t\t\t<div class=\"elementor-widget-container\">\n\t\t\t\t\t\t\t<div class=\"elementor-gallery__container\">\n\t\t\t\t\t\t\t<a class=\"e-gallery-item elementor-gallery-item elementor-animated-content\" href=\"https:\/\/scan-pork.com\/wp-content\/uploads\/2024\/12\/1000007428-scaled-1.jpg\" data-elementor-open-lightbox=\"yes\" data-elementor-lightbox-slideshow=\"3bd2c4d\" data-e-action-hash=\"#elementor-action%3Aaction%3Dlightbox%26settings%3DeyJpZCI6OTkyMCwidXJsIjoiaHR0cHM6XC9cL3NjYW4tcG9yay5jb21cL3dwLWNvbnRlbnRcL3VwbG9hZHNcLzIwMjRcLzEyXC8xMDAwMDA3NDI4LXNjYWxlZC0xLmpwZyIsInNsaWRlc2hvdyI6IjNiZDJjNGQifQ%3D%3D\">\n\t\t\t\t\t<div class=\"e-gallery-image elementor-gallery-item__image\" data-thumbnail=\"https:\/\/scan-pork.com\/wp-content\/uploads\/2024\/12\/1000007428-scaled-1.jpg\" data-width=\"2048\" data-height=\"1536\" aria-label=\"\" role=\"img\" ><\/div>\n\t\t\t\t\t\t\t\t\t\t\t\t\t\t<\/a>\n\t\t\t\t\t\t\t<a class=\"e-gallery-item elementor-gallery-item elementor-animated-content\" href=\"https:\/\/scan-pork.com\/wp-content\/uploads\/2024\/12\/1000007438-scaled-1.jpg\" data-elementor-open-lightbox=\"yes\" data-elementor-lightbox-slideshow=\"3bd2c4d\" data-e-action-hash=\"#elementor-action%3Aaction%3Dlightbox%26settings%3DeyJpZCI6OTkyNCwidXJsIjoiaHR0cHM6XC9cL3NjYW4tcG9yay5jb21cL3dwLWNvbnRlbnRcL3VwbG9hZHNcLzIwMjRcLzEyXC8xMDAwMDA3NDM4LXNjYWxlZC0xLmpwZyIsInNsaWRlc2hvdyI6IjNiZDJjNGQifQ%3D%3D\">\n\t\t\t\t\t<div class=\"e-gallery-image elementor-gallery-item__image\" data-thumbnail=\"https:\/\/scan-pork.com\/wp-content\/uploads\/2024\/12\/1000007438-scaled-1.jpg\" data-width=\"2048\" data-height=\"1536\" aria-label=\"\" role=\"img\" ><\/div>\n\t\t\t\t\t\t\t\t\t\t\t\t\t\t<\/a>\n\t\t\t\t\t\t\t<a class=\"e-gallery-item elementor-gallery-item elementor-animated-content\" href=\"https:\/\/scan-pork.com\/wp-content\/uploads\/2024\/12\/1000007439-scaled-1.jpg\" data-elementor-open-lightbox=\"yes\" data-elementor-lightbox-slideshow=\"3bd2c4d\" data-e-action-hash=\"#elementor-action%3Aaction%3Dlightbox%26settings%3DeyJpZCI6OTkyOCwidXJsIjoiaHR0cHM6XC9cL3NjYW4tcG9yay5jb21cL3dwLWNvbnRlbnRcL3VwbG9hZHNcLzIwMjRcLzEyXC8xMDAwMDA3NDM5LXNjYWxlZC0xLmpwZyIsInNsaWRlc2hvdyI6IjNiZDJjNGQifQ%3D%3D\">\n\t\t\t\t\t<div class=\"e-gallery-image elementor-gallery-item__image\" data-thumbnail=\"https:\/\/scan-pork.com\/wp-content\/uploads\/2024\/12\/1000007439-scaled-1.jpg\" data-width=\"2048\" data-height=\"1536\" aria-label=\"\" role=\"img\" ><\/div>\n\t\t\t\t\t\t\t\t\t\t\t\t\t\t<\/a>\n\t\t\t\t\t\t\t<a class=\"e-gallery-item elementor-gallery-item elementor-animated-content\" href=\"https:\/\/scan-pork.com\/wp-content\/uploads\/2024\/12\/1000007409-scaled-1.jpg\" data-elementor-open-lightbox=\"yes\" data-elementor-lightbox-slideshow=\"3bd2c4d\" data-e-action-hash=\"#elementor-action%3Aaction%3Dlightbox%26settings%3DeyJpZCI6OTkzMiwidXJsIjoiaHR0cHM6XC9cL3NjYW4tcG9yay5jb21cL3dwLWNvbnRlbnRcL3VwbG9hZHNcLzIwMjRcLzEyXC8xMDAwMDA3NDA5LXNjYWxlZC0xLmpwZyIsInNsaWRlc2hvdyI6IjNiZDJjNGQifQ%3D%3D\">\n\t\t\t\t\t<div class=\"e-gallery-image elementor-gallery-item__image\" data-thumbnail=\"https:\/\/scan-pork.com\/wp-content\/uploads\/2024\/12\/1000007409-scaled-1.jpg\" data-width=\"2048\" data-height=\"1536\" aria-label=\"\" role=\"img\" ><\/div>\n\t\t\t\t\t\t\t\t\t\t\t\t\t\t<\/a>\n\t\t\t\t\t<\/div>\n\t\t\t\t\t<\/div>\n\t\t\t\t<\/div>\n\t\t\t\t\t<\/div>\n\t\t\t\t<\/div>\n\t\t<div class=\"elementor-element elementor-element-720d3a5e light e-flex e-con-boxed e-con e-parent\" data-id=\"720d3a5e\" data-element_type=\"container\" data-e-type=\"container\">\n\t\t\t\t\t<div class=\"e-con-inner\">\n\t\t<div class=\"elementor-element elementor-element-46adf25e e-con-full round e-flex e-con e-child\" data-id=\"46adf25e\" data-element_type=\"container\" data-e-type=\"container\" data-settings=\"{&quot;background_background&quot;:&quot;classic&quot;}\">\n\t\t<div class=\"elementor-element elementor-element-711a8c7 e-con-full round e-flex e-con e-child\" data-id=\"711a8c7\" data-element_type=\"container\" data-e-type=\"container\" data-settings=\"{&quot;background_background&quot;:&quot;classic&quot;}\">\n\t\t\t\t<\/div>\n\t\t\t\t<\/div>\n\t\t<div class=\"elementor-element elementor-element-f2f4c2e e-con-full e-flex e-con e-child\" data-id=\"f2f4c2e\" data-element_type=\"container\" data-e-type=\"container\">\n\t\t\t\t<div class=\"elementor-element elementor-element-22617323 elementor-widget elementor-widget-text-editor\" data-id=\"22617323\" data-element_type=\"widget\" data-e-type=\"widget\" data-widget_type=\"text-editor.default\">\n\t\t\t\t<div class=\"elementor-widget-container\">\n\t\t\t\t\t\t\t\t\t<h3>Ferkel<\/h3>\n<p>Wir haben ein Team von Mitarbeitern erstellt, das \u00fcber viele verschiedene Qualifikationen verf\u00fcgt, die unseren Kunden nutzen k\u00f6nnen. Es handelt sich zum Beispiel um Produktionsberatung, F\u00fctterungsberatung, strategische Beratung usw. Der Verkauf von Ferkeln ist Vertrauenssache. Deshalb f\u00fchren wir stets mit unseren ausl\u00e4ndischen Kunden einen Dialog auf Augenh\u00f6he, bei dem unter anderem auch die Produktionsformen in D\u00e4nemark mit jenem im Ausland verglichen werden. <\/p>\n\t\t\t\t\t\t\t\t<\/div>\n\t\t\t\t<\/div>\n\t\t\t\t<div class=\"elementor-element elementor-element-e72d16f elementor-widget elementor-widget-button\" data-id=\"e72d16f\" data-element_type=\"widget\" data-e-type=\"widget\" data-widget_type=\"button.default\">\n\t\t\t\t<div class=\"elementor-widget-container\">\n\t\t\t\t\t\t\t\t\t<div class=\"elementor-button-wrapper\">\n\t\t\t\t\t<a class=\"elementor-button elementor-button-link elementor-size-sm\" href=\"https:\/\/scan-pork.com\/smaagrise\/\">\n\t\t\t\t\t\t<span class=\"elementor-button-content-wrapper\">\n\t\t\t\t\t\t\t\t\t<span class=\"elementor-button-text\">Lesen Sie mehr \u00fcber kleine Schweinchen<\/span>\n\t\t\t\t\t<\/span>\n\t\t\t\t\t<\/a>\n\t\t\t\t<\/div>\n\t\t\t\t\t\t\t\t<\/div>\n\t\t\t\t<\/div>\n\t\t\t\t<\/div>\n\t\t\t\t\t<\/div>\n\t\t\t\t<\/div>\n\t\t<div class=\"elementor-element elementor-element-13d4d44a white e-flex e-con-boxed e-con e-parent\" data-id=\"13d4d44a\" data-element_type=\"container\" data-e-type=\"container\" data-settings=\"{&quot;background_background&quot;:&quot;classic&quot;}\">\n\t\t\t\t\t<div class=\"e-con-inner\">\n\t\t\t\t<div class=\"elementor-element elementor-element-5393a2b5 elementor-widget__width-initial cta-box elementor-widget elementor-widget-text-editor\" data-id=\"5393a2b5\" data-element_type=\"widget\" data-e-type=\"widget\" data-widget_type=\"text-editor.default\">\n\t\t\t\t<div class=\"elementor-widget-container\">\n\t\t\t\t\t\t\t\t\t<h6 style=\"text-align: left;\">Kontaktieren Sie uns noch heute<\/h6><h3 style=\"text-align: left;\">M\u00f6chten Sie mehr wissen?<\/h3><p style=\"text-align: left;\">Sollten Sie hier auf unserer Website nicht gen\u00fcgend Informationen zu Ihrer Wunschaufgabe finden, k\u00f6nnen Sie jederzeit gerne Kontakt zu uns aufnehmen.<\/p><p style=\"text-align: left;\">Rufen Sie uns unter <a href=\"tel:22321240\">(+45) 22 32 12 40<\/a> an oder senden Sie eine E-Mail an <a href=\"mailto:tj@scan-pork.com\">tj@scan-pork.com.<\/a>Wir werden Ihre Anfrage schnellstm\u00f6glich beantworten. Rufen Sie uns unter<\/p>\t\t\t\t\t\t\t\t<\/div>\n\t\t\t\t<\/div>\n\t\t\t\t<div class=\"elementor-element elementor-element-23ce6ae6 elementor-align-left cta elementor-widget elementor-widget-button\" data-id=\"23ce6ae6\" data-element_type=\"widget\" data-e-type=\"widget\" data-widget_type=\"button.default\">\n\t\t\t\t<div class=\"elementor-widget-container\">\n\t\t\t\t\t\t\t\t\t<div class=\"elementor-button-wrapper\">\n\t\t\t\t\t<a class=\"elementor-button elementor-button-link elementor-size-sm\" href=\"https:\/\/scan-pork.com\/kontakt\/\">\n\t\t\t\t\t\t<span class=\"elementor-button-content-wrapper\">\n\t\t\t\t\t\t\t\t\t<span class=\"elementor-button-text\">Kontaktieren Sie uns noch heute<\/span>\n\t\t\t\t\t<\/span>\n\t\t\t\t\t<\/a>\n\t\t\t\t<\/div>\n\t\t\t\t\t\t\t\t<\/div>\n\t\t\t\t<\/div>\n\t\t\t\t\t<\/div>\n\t\t\t\t<\/div>\n\t\t\t\t<\/div>\n\t\t","protected":false},"excerpt":{"rendered":"<p>Spezialisten im Verkauf von Ferkeln Kontaktieren Sie uns Mehr lesen Scan-Pork A\/S Scan-Pork &#8211; d\u00e4nische Kompetenz und Qualit\u00e4t beim Ferkelexport Scan-Pork A\/S ist eine d\u00e4nische Exportfirma, die sich auf den Verkauf von Ferkeln f\u00fcr einen weltweit stark wachsenden Markt spezialisiert hat. Die Firma besteht seit dem Jahr 2001. Die Beratung unserer Kunden liegt uns wirklich &#8230; <a title=\"Front\" class=\"read-more\" href=\"https:\/\/scan-pork.com\/de\/\" aria-label=\"Mehr Informationen \u00fcber Front\">Weiterlesen &#8230;<\/a><\/p>\n","protected":false},"author":1,"featured_media":0,"parent":0,"menu_order":0,"comment_status":"closed","ping_status":"closed","template":"","meta":{"_acf_changed":false,"footnotes":""},"categories":[],"class_list":["post-8739","page","type-page","status-publish"],"acf":[],"yoast_head":"<!-- This site is optimized with the Yoast SEO plugin v27.4 - https:\/\/yoast.com\/product\/yoast-seo-wordpress\/ -->\n<title>Specialister i salg af sm\u00e5grise | Scan-Pork A\/S<\/title>\n<meta name=\"description\" content=\"Specialister i salg af sm\u00e5grise. Kontakt Scan-Pork A\/S i dag!\" \/>\n<meta name=\"robots\" content=\"index, follow, max-snippet:-1, max-image-preview:large, max-video-preview:-1\" \/>\n<link rel=\"canonical\" href=\"https:\/\/scan-pork.com\/\" \/>\n<meta property=\"og:locale\" content=\"de_DE\" \/>\n<meta property=\"og:type\" content=\"article\" \/>\n<meta property=\"og:title\" content=\"Specialister i salg af sm\u00e5grise | Scan-Pork A\/S\" \/>\n<meta property=\"og:description\" content=\"Specialister i salg af sm\u00e5grise. Kontakt Scan-Pork A\/S i dag!\" \/>\n<meta property=\"og:url\" content=\"https:\/\/scan-pork.com\/\" \/>\n<meta property=\"og:site_name\" content=\"Scan-Pork A\/S\" \/>\n<meta property=\"article:modified_time\" content=\"2024-12-27T13:46:10+00:00\" \/>\n<meta name=\"twitter:card\" content=\"summary_large_image\" \/>\n<meta name=\"twitter:label1\" content=\"Gesch\u00e4tzte Lesezeit\" \/>\n\t<meta name=\"twitter:data1\" content=\"2\u00a0Minuten\" \/>\n<script type=\"application\/ld+json\" class=\"yoast-schema-graph\">{\"@context\":\"https:\\\/\\\/schema.org\",\"@graph\":[{\"@type\":\"WebPage\",\"@id\":\"https:\\\/\\\/scan-pork.com\\\/\",\"url\":\"https:\\\/\\\/scan-pork.com\\\/\",\"name\":\"Specialister i salg af sm\u00e5grise | Scan-Pork A\\\/S\",\"isPartOf\":{\"@id\":\"https:\\\/\\\/scan-pork.com\\\/#website\"},\"datePublished\":\"2020-02-12T07:51:30+00:00\",\"dateModified\":\"2024-12-27T13:46:10+00:00\",\"description\":\"Specialister i salg af sm\u00e5grise. Kontakt Scan-Pork A\\\/S i dag!\",\"breadcrumb\":{\"@id\":\"https:\\\/\\\/scan-pork.com\\\/#breadcrumb\"},\"inLanguage\":\"de\",\"potentialAction\":[{\"@type\":\"ReadAction\",\"target\":[\"https:\\\/\\\/scan-pork.com\\\/\"]}]},{\"@type\":\"BreadcrumbList\",\"@id\":\"https:\\\/\\\/scan-pork.com\\\/#breadcrumb\",\"itemListElement\":[{\"@type\":\"ListItem\",\"position\":1,\"name\":\"Forside\",\"item\":\"https:\\\/\\\/scan-pork.com\\\/\"},{\"@type\":\"ListItem\",\"position\":2,\"name\":\"Front\"}]},{\"@type\":\"WebSite\",\"@id\":\"https:\\\/\\\/scan-pork.com\\\/#website\",\"url\":\"https:\\\/\\\/scan-pork.com\\\/\",\"name\":\"Scan-Pork A\\\/S\",\"description\":\"Specialister i salg af sm\u00e5grise\",\"publisher\":{\"@id\":\"https:\\\/\\\/scan-pork.com\\\/#organization\"},\"potentialAction\":[{\"@type\":\"SearchAction\",\"target\":{\"@type\":\"EntryPoint\",\"urlTemplate\":\"https:\\\/\\\/scan-pork.com\\\/?s={search_term_string}\"},\"query-input\":{\"@type\":\"PropertyValueSpecification\",\"valueRequired\":true,\"valueName\":\"search_term_string\"}}],\"inLanguage\":\"de\"},{\"@type\":\"Organization\",\"@id\":\"https:\\\/\\\/scan-pork.com\\\/#organization\",\"name\":\"Scan-Pork A\\\/S\",\"url\":\"https:\\\/\\\/scan-pork.com\\\/\",\"logo\":{\"@type\":\"ImageObject\",\"inLanguage\":\"de\",\"@id\":\"https:\\\/\\\/scan-pork.com\\\/#\\\/schema\\\/logo\\\/image\\\/\",\"url\":\"https:\\\/\\\/scan-pork.com\\\/wp-content\\\/uploads\\\/2024\\\/11\\\/Scan-Pork-logo@4x.webp\",\"contentUrl\":\"https:\\\/\\\/scan-pork.com\\\/wp-content\\\/uploads\\\/2024\\\/11\\\/Scan-Pork-logo@4x.webp\",\"width\":842,\"height\":919,\"caption\":\"Scan-Pork A\\\/S\"},\"image\":{\"@id\":\"https:\\\/\\\/scan-pork.com\\\/#\\\/schema\\\/logo\\\/image\\\/\"}}]}<\/script>\n<!-- \/ Yoast SEO plugin. -->","yoast_head_json":{"title":"Specialister i salg af sm\u00e5grise | Scan-Pork A\/S","description":"Specialister i salg af sm\u00e5grise. Kontakt Scan-Pork A\/S i dag!","robots":{"index":"index","follow":"follow","max-snippet":"max-snippet:-1","max-image-preview":"max-image-preview:large","max-video-preview":"max-video-preview:-1"},"canonical":"https:\/\/scan-pork.com\/","og_locale":"de_DE","og_type":"article","og_title":"Specialister i salg af sm\u00e5grise | Scan-Pork A\/S","og_description":"Specialister i salg af sm\u00e5grise. Kontakt Scan-Pork A\/S i dag!","og_url":"https:\/\/scan-pork.com\/","og_site_name":"Scan-Pork A\/S","article_modified_time":"2024-12-27T13:46:10+00:00","twitter_card":"summary_large_image","twitter_misc":{"Gesch\u00e4tzte Lesezeit":"2\u00a0Minuten"},"schema":{"@context":"https:\/\/schema.org","@graph":[{"@type":"WebPage","@id":"https:\/\/scan-pork.com\/","url":"https:\/\/scan-pork.com\/","name":"Specialister i salg af sm\u00e5grise | Scan-Pork A\/S","isPartOf":{"@id":"https:\/\/scan-pork.com\/#website"},"datePublished":"2020-02-12T07:51:30+00:00","dateModified":"2024-12-27T13:46:10+00:00","description":"Specialister i salg af sm\u00e5grise. Kontakt Scan-Pork A\/S i dag!","breadcrumb":{"@id":"https:\/\/scan-pork.com\/#breadcrumb"},"inLanguage":"de","potentialAction":[{"@type":"ReadAction","target":["https:\/\/scan-pork.com\/"]}]},{"@type":"BreadcrumbList","@id":"https:\/\/scan-pork.com\/#breadcrumb","itemListElement":[{"@type":"ListItem","position":1,"name":"Forside","item":"https:\/\/scan-pork.com\/"},{"@type":"ListItem","position":2,"name":"Front"}]},{"@type":"WebSite","@id":"https:\/\/scan-pork.com\/#website","url":"https:\/\/scan-pork.com\/","name":"Scan-Pork A\/S","description":"Specialister i salg af sm\u00e5grise","publisher":{"@id":"https:\/\/scan-pork.com\/#organization"},"potentialAction":[{"@type":"SearchAction","target":{"@type":"EntryPoint","urlTemplate":"https:\/\/scan-pork.com\/?s={search_term_string}"},"query-input":{"@type":"PropertyValueSpecification","valueRequired":true,"valueName":"search_term_string"}}],"inLanguage":"de"},{"@type":"Organization","@id":"https:\/\/scan-pork.com\/#organization","name":"Scan-Pork A\/S","url":"https:\/\/scan-pork.com\/","logo":{"@type":"ImageObject","inLanguage":"de","@id":"https:\/\/scan-pork.com\/#\/schema\/logo\/image\/","url":"https:\/\/scan-pork.com\/wp-content\/uploads\/2024\/11\/Scan-Pork-logo@4x.webp","contentUrl":"https:\/\/scan-pork.com\/wp-content\/uploads\/2024\/11\/Scan-Pork-logo@4x.webp","width":842,"height":919,"caption":"Scan-Pork A\/S"},"image":{"@id":"https:\/\/scan-pork.com\/#\/schema\/logo\/image\/"}}]}},"_links":{"self":[{"href":"https:\/\/scan-pork.com\/de\/wp-json\/wp\/v2\/pages\/8739","targetHints":{"allow":["GET"]}}],"collection":[{"href":"https:\/\/scan-pork.com\/de\/wp-json\/wp\/v2\/pages"}],"about":[{"href":"https:\/\/scan-pork.com\/de\/wp-json\/wp\/v2\/types\/page"}],"author":[{"embeddable":true,"href":"https:\/\/scan-pork.com\/de\/wp-json\/wp\/v2\/users\/1"}],"replies":[{"embeddable":true,"href":"https:\/\/scan-pork.com\/de\/wp-json\/wp\/v2\/comments?post=8739"}],"version-history":[{"count":55,"href":"https:\/\/scan-pork.com\/de\/wp-json\/wp\/v2\/pages\/8739\/revisions"}],"predecessor-version":[{"id":10027,"href":"https:\/\/scan-pork.com\/de\/wp-json\/wp\/v2\/pages\/8739\/revisions\/10027"}],"wp:attachment":[{"href":"https:\/\/scan-pork.com\/de\/wp-json\/wp\/v2\/media?parent=8739"}],"wp:term":[{"taxonomy":"category","embeddable":true,"href":"https:\/\/scan-pork.com\/de\/wp-json\/wp\/v2\/categories?post=8739"}],"curies":[{"name":"wp","href":"https:\/\/api.w.org\/{rel}","templated":true}]}}